{"id":53851,"date":"2024-08-20T10:33:15","date_gmt":"2024-08-20T15:33:15","guid":{"rendered":"https:\/\/nutritiondialogues.org\/?page_id=53851"},"modified":"2024-08-20T10:33:15","modified_gmt":"2024-08-20T15:33:15","slug":"convertirse-en-un-convocante","status":"publish","type":"page","link":"https:\/\/nutritiondialogues.org\/es\/orientacion\/convertirse-en-un-convocante\/","title":{"rendered":"Convertirse en un Convocante"},"content":{"rendered":"<div class=\"wpb-content-wrapper\"><p>[vc_row][vc_column][vc_column_text]<\/p>\n<h1>Convertirse en un Convocante<\/h1>\n<p>Todas las personas interesadas en mejorar la nutrici\u00f3n est\u00e1n invitadas a convertirse en Convocantes y a contribuir a este programa global. Los Convocantes adoptan un enfoque integrado, interdisciplinario y exploratorio para identificar las acciones que mejoran la nutrici\u00f3n. Los Convocantes de los Di\u00e1logos sobre Nutrici\u00f3n permiten que se escuchen voces, se compartan opiniones y se discutan las acciones necesarias para mejorar la nutrici\u00f3n de mujeres y ni\u00f1os, tanto por parte de los propios participantes como por otros. Elevar\u00e1n estas voces a trav\u00e9s del proceso oficial de retroalimentaci\u00f3n en este Portal en l\u00ednea.<\/p>\n<p>No hay restricciones para convertirse en Convocante de un evento de Di\u00e1logo con los actores m\u00e1s all\u00e1 de adherirse a los Principios de Compromiso. Sin embargo, quienes deseen liderar un evento de Taller Infantil deben cumplir con las normas de protecci\u00f3n infantil y los protocolos de comportamiento.<\/p>\n<p>Es importante destacar que el rol de Convocante es un compromiso voluntario valioso; las personas lo realizan como parte de su trabajo actual o voluntariamente ofrecen su tiempo para tener un impacto significativo.<\/p>\n<p>Los socios iniciadores del programa Di\u00e1logos sobre Nutrici\u00f3n movilizar\u00e1n Convocantes en varias localidades entre julio y diciembre de 2024. World Vision International invita a sus oficinas en los pa\u00edses a convocar Di\u00e1logos. Una serie de sesiones informativas invitar\u00e1n a otras organizaciones y redes a movilizar Convocantes. Tambi\u00e9n se har\u00e1n esfuerzos para involucrar al p\u00fablico, animando a los l\u00edderes locales no afiliados a convocar un Di\u00e1logo con los actores o un Taller Infantil.<\/p>\n<h2>\u00bfInteresado?<\/h2>\n<p><a href=\"https:\/\/nutritiondialogues.org\/wp-content\/uploads\/2024\/08\/SP-Nutrition-Dialogues-Reference-Manual.pdf\" target=\"_blank\" rel=\"noopener\">Lea el Manual de Referencia<\/a><\/p>\n<p><a href=\"https:\/\/nutritiondialogues.org\/portal\/welcome\/\">Reg\u00edstrese en este Portal para comenzar<\/a>[\/vc_column_text][\/vc_column][\/vc_row][vc_row css=\u00bb.vc_custom_1722273154829{background-color: #5e85ff !important;}\u00bb][vc_column][vc_column_text css=\u00bb.vc_custom_1722273165943{padding-right: 20px !important;padding-left: 20px !important;}\u00bb]<\/p>\n<h3><span style=\"color: #ffffff;\">Principal Tasks<\/span><\/h3>\n<ul>\n<li><span style=\"color: #ffffff;\">Plan, organize and convene the event in line with the <a style=\"color: #ffffff;\" href=\"https:\/\/nutritiondialogues.org\/principles-of-engagement\/\">Principles of Engagement<\/a> of the Nutrition Dialogues Programme.<\/span><\/li>\n<li><span style=\"color: #ffffff;\">Recruit those who will support convening the event<\/span><\/li>\n<li><span style=\"color: #ffffff;\">Announce the event on this online Portal.<\/span><\/li>\n<li><span style=\"color: #ffffff;\">Submit the official Feedback Form via this online Portal.<\/span><\/li>\n<li><span style=\"color: #ffffff;\">Ensure that the Dialogue respects Participant privacy, in accordance with The Chatham House Rule.<\/span><\/li>\n<li><span style=\"color: #ffffff;\">For Children&#8217;s Workshops &#8211; Convenors will also need to ensure that all Nutrition Dialogues Child Safeguarding Standards and Behaviour Protocols are followed.<\/span><\/li>\n<\/ul>\n<h3><span style=\"color: #ffffff;\">Skills<\/span><\/h3>\n<ul>\n<li><span style=\"color: #ffffff;\">Competent and knowledgeable about nutrition and the contribution of good nutrition to societies and futures.<\/span><\/li>\n<li><span style=\"color: #ffffff;\">Organised and able to manage a small event team and delegate practical and technical aspects to team members.<\/span><\/li>\n<\/ul>\n<p>[\/vc_column_text][\/vc_column][\/vc_row]<\/p>\n<\/div>","protected":false},"excerpt":{"rendered":"<p>[vc_row][vc_column][vc_column_text] Convertirse en un Convocante Todas las personas interesadas en mejorar la nutrici\u00f3n est\u00e1n invitadas a convertirse en Convocantes y a contribuir a este programa global. Los Convocantes adoptan un enfoque integrado, interdisciplinario y exploratorio para identificar las acciones que mejoran la nutrici\u00f3n. Los Convocantes de los Di\u00e1logos sobre Nutrici\u00f3n permiten que se escuchen voces,&hellip;<\/p>\n","protected":false},"author":1384,"featured_media":0,"parent":53871,"menu_order":0,"comment_status":"closed","ping_status":"closed","template":"","meta":{"_acf_changed":false,"footnotes":""},"class_list":["post-53851","page","type-page","status-publish","hentry","description-off"],"yoast_head":"<!-- This site is optimized with the Yoast SEO plugin v23.7 - https:\/\/yoast.com\/wordpress\/plugins\/seo\/ -->\n<title>Convertirse en un Convocante - Nutrition Dialogues<\/title>\n<meta name=\"description\" content=\"Todas las personas interesadas en mejorar la nutrici\u00f3n est\u00e1n invitadas a convertirse en Convocantes y a contribuir a este programa global. Los Convocantes adoptan un enfoque integrado, interdisciplinario y exploratorio para identificar las acciones que mejoran la nutrici\u00f3n.\" \/>\n<meta name=\"robots\" content=\"index, follow, max-snippet:-1, max-image-preview:large, max-video-preview:-1\" \/>\n<link rel=\"canonical\" href=\"https:\/\/nutritiondialogues.org\/es\/convertirse-en-un-convocante\/\" \/>\n<meta property=\"og:locale\" content=\"es_ES\" \/>\n<meta property=\"og:type\" content=\"article\" \/>\n<meta property=\"og:title\" content=\"Convertirse en un Convocante - Nutrition Dialogues\" \/>\n<meta property=\"og:description\" content=\"Todas las personas interesadas en mejorar la nutrici\u00f3n est\u00e1n invitadas a convertirse en Convocantes y a contribuir a este programa global. Los Convocantes adoptan un enfoque integrado, interdisciplinario y exploratorio para identificar las acciones que mejoran la nutrici\u00f3n.\" \/>\n<meta property=\"og:url\" content=\"https:\/\/nutritiondialogues.org\/es\/convertirse-en-un-convocante\/\" \/>\n<meta property=\"og:site_name\" content=\"Nutrition Dialogues\" \/>\n<meta name=\"twitter:card\" content=\"summary_large_image\" \/>\n<meta name=\"twitter:label1\" content=\"Tiempo de lectura\" \/>\n\t<meta name=\"twitter:data1\" content=\"2 minutos\" \/>\n<script type=\"application\/ld+json\" class=\"yoast-schema-graph\">{\"@context\":\"https:\/\/schema.org\",\"@graph\":[{\"@type\":\"WebPage\",\"@id\":\"https:\/\/nutritiondialogues.org\/es\/convertirse-en-un-convocante\/\",\"url\":\"https:\/\/nutritiondialogues.org\/es\/convertirse-en-un-convocante\/\",\"name\":\"Convertirse en un Convocante - Nutrition Dialogues\",\"isPartOf\":{\"@id\":\"https:\/\/nutritiondialogues.org\/#website\"},\"datePublished\":\"2024-08-20T15:33:15+00:00\",\"dateModified\":\"2024-08-20T15:33:15+00:00\",\"description\":\"Todas las personas interesadas en mejorar la nutrici\u00f3n est\u00e1n invitadas a convertirse en Convocantes y a contribuir a este programa global. Los Convocantes adoptan un enfoque integrado, interdisciplinario y exploratorio para identificar las acciones que mejoran la nutrici\u00f3n.\",\"breadcrumb\":{\"@id\":\"https:\/\/nutritiondialogues.org\/es\/convertirse-en-un-convocante\/#breadcrumb\"},\"inLanguage\":\"es\",\"potentialAction\":[{\"@type\":\"ReadAction\",\"target\":[\"https:\/\/nutritiondialogues.org\/es\/convertirse-en-un-convocante\/\"]}]},{\"@type\":\"BreadcrumbList\",\"@id\":\"https:\/\/nutritiondialogues.org\/es\/convertirse-en-un-convocante\/#breadcrumb\",\"itemListElement\":[{\"@type\":\"ListItem\",\"position\":1,\"name\":\"Home\",\"item\":\"https:\/\/nutritiondialogues.org\/es\/\"},{\"@type\":\"ListItem\",\"position\":2,\"name\":\"Convertirse en un Convocante\"}]},{\"@type\":\"WebSite\",\"@id\":\"https:\/\/nutritiondialogues.org\/#website\",\"url\":\"https:\/\/nutritiondialogues.org\/\",\"name\":\"Nutrition Dialogues\",\"description\":\"Gateway\",\"potentialAction\":[{\"@type\":\"SearchAction\",\"target\":{\"@type\":\"EntryPoint\",\"urlTemplate\":\"https:\/\/nutritiondialogues.org\/?s={search_term_string}\"},\"query-input\":{\"@type\":\"PropertyValueSpecification\",\"valueRequired\":true,\"valueName\":\"search_term_string\"}}],\"inLanguage\":\"es\"}]}<\/script>\n<!-- \/ Yoast SEO plugin. -->","yoast_head_json":{"title":"Convertirse en un Convocante - Nutrition Dialogues","description":"Todas las personas interesadas en mejorar la nutrici\u00f3n est\u00e1n invitadas a convertirse en Convocantes y a contribuir a este programa global. Los Convocantes adoptan un enfoque integrado, interdisciplinario y exploratorio para identificar las acciones que mejoran la nutrici\u00f3n.","robots":{"index":"index","follow":"follow","max-snippet":"max-snippet:-1","max-image-preview":"max-image-preview:large","max-video-preview":"max-video-preview:-1"},"canonical":"https:\/\/nutritiondialogues.org\/es\/convertirse-en-un-convocante\/","og_locale":"es_ES","og_type":"article","og_title":"Convertirse en un Convocante - Nutrition Dialogues","og_description":"Todas las personas interesadas en mejorar la nutrici\u00f3n est\u00e1n invitadas a convertirse en Convocantes y a contribuir a este programa global. Los Convocantes adoptan un enfoque integrado, interdisciplinario y exploratorio para identificar las acciones que mejoran la nutrici\u00f3n.","og_url":"https:\/\/nutritiondialogues.org\/es\/convertirse-en-un-convocante\/","og_site_name":"Nutrition Dialogues","twitter_card":"summary_large_image","twitter_misc":{"Tiempo de lectura":"2 minutos"},"schema":{"@context":"https:\/\/schema.org","@graph":[{"@type":"WebPage","@id":"https:\/\/nutritiondialogues.org\/es\/convertirse-en-un-convocante\/","url":"https:\/\/nutritiondialogues.org\/es\/convertirse-en-un-convocante\/","name":"Convertirse en un Convocante - Nutrition Dialogues","isPartOf":{"@id":"https:\/\/nutritiondialogues.org\/#website"},"datePublished":"2024-08-20T15:33:15+00:00","dateModified":"2024-08-20T15:33:15+00:00","description":"Todas las personas interesadas en mejorar la nutrici\u00f3n est\u00e1n invitadas a convertirse en Convocantes y a contribuir a este programa global. Los Convocantes adoptan un enfoque integrado, interdisciplinario y exploratorio para identificar las acciones que mejoran la nutrici\u00f3n.","breadcrumb":{"@id":"https:\/\/nutritiondialogues.org\/es\/convertirse-en-un-convocante\/#breadcrumb"},"inLanguage":"es","potentialAction":[{"@type":"ReadAction","target":["https:\/\/nutritiondialogues.org\/es\/convertirse-en-un-convocante\/"]}]},{"@type":"BreadcrumbList","@id":"https:\/\/nutritiondialogues.org\/es\/convertirse-en-un-convocante\/#breadcrumb","itemListElement":[{"@type":"ListItem","position":1,"name":"Home","item":"https:\/\/nutritiondialogues.org\/es\/"},{"@type":"ListItem","position":2,"name":"Convertirse en un Convocante"}]},{"@type":"WebSite","@id":"https:\/\/nutritiondialogues.org\/#website","url":"https:\/\/nutritiondialogues.org\/","name":"Nutrition Dialogues","description":"Gateway","potentialAction":[{"@type":"SearchAction","target":{"@type":"EntryPoint","urlTemplate":"https:\/\/nutritiondialogues.org\/?s={search_term_string}"},"query-input":{"@type":"PropertyValueSpecification","valueRequired":true,"valueName":"search_term_string"}}],"inLanguage":"es"}]}},"acf":[],"_links":{"self":[{"href":"https:\/\/nutritiondialogues.org\/es\/wp-json\/wp\/v2\/pages\/53851"}],"collection":[{"href":"https:\/\/nutritiondialogues.org\/es\/wp-json\/wp\/v2\/pages"}],"about":[{"href":"https:\/\/nutritiondialogues.org\/es\/wp-json\/wp\/v2\/types\/page"}],"author":[{"embeddable":true,"href":"https:\/\/nutritiondialogues.org\/es\/wp-json\/wp\/v2\/users\/1384"}],"replies":[{"embeddable":true,"href":"https:\/\/nutritiondialogues.org\/es\/wp-json\/wp\/v2\/comments?post=53851"}],"version-history":[{"count":1,"href":"https:\/\/nutritiondialogues.org\/es\/wp-json\/wp\/v2\/pages\/53851\/revisions"}],"predecessor-version":[{"id":53852,"href":"https:\/\/nutritiondialogues.org\/es\/wp-json\/wp\/v2\/pages\/53851\/revisions\/53852"}],"up":[{"embeddable":true,"href":"https:\/\/nutritiondialogues.org\/es\/wp-json\/wp\/v2\/pages\/53871"}],"wp:attachment":[{"href":"https:\/\/nutritiondialogues.org\/es\/wp-json\/wp\/v2\/media?parent=53851"}],"curies":[{"name":"wp","href":"https:\/\/api.w.org\/{rel}","templated":true}]}}