{"id":53882,"date":"2024-08-21T16:56:55","date_gmt":"2024-08-21T21:56:55","guid":{"rendered":"https:\/\/nutritiondialogues.org\/?page_id=53882"},"modified":"2024-09-23T09:17:49","modified_gmt":"2024-09-23T14:17:49","slug":"talleres-de-ninos-y-ninas","status":"publish","type":"page","link":"https:\/\/nutritiondialogues.org\/es\/orientacion\/talleres-de-ninos-y-ninas\/","title":{"rendered":"Talleres de Ni\u00f1os y Ni\u00f1as"},"content":{"rendered":"<div class=\"wpb-content-wrapper\"><p>[vc_row][vc_column][vc_column_text]<\/p>\n<h1>Talleres de Ni\u00f1os y Ni\u00f1as<\/h1>\n<p>Los Talleres de Ni\u00f1os y Ni\u00f1as de los Di\u00e1logos de Nutrici\u00f3n son reuniones entre ni\u00f1os, ni\u00f1as y j\u00f3venes de una comunidad en las que se les anima a hablar y pensar sobre soluciones para la malnutrici\u00f3n. Los talleres se conciben como un encuentro informal en el que los ni\u00f1os y ni\u00f1as se re\u00fanen, hablan e intercambian ideas e inspiraciones en un ambiente seguro.<\/p>\n<p>Los talleres y las conversaciones con pares pueden ser muy importantes para sentir que los participantes no est\u00e1n solos y que sus problemas no son \u00fanicos. Muchos ni\u00f1os, ni\u00f1as y j\u00f3venes comparten experiencias similares, y esto les ayuda a sentirse mejor y a trabajar juntos.<\/p>\n<p>El enfoque estandarizado para Talleres de Ni\u00f1os y Ni\u00f1as est\u00e1 dise\u00f1ado para ayudar a los Convocantes a garantizar que cada taller alcance sus objetivos:<\/p>\n<ul>\n<li>Fomentar la participaci\u00f3n activa de ni\u00f1os, ni\u00f1as y j\u00f3venes en una conversaci\u00f3n adaptada para ni\u00f1os y ni\u00f1as para compartir percepciones, ideas y posibles acciones para mejorar la nutrici\u00f3n de ni\u00f1os y ni\u00f1as en la comunidad.<\/li>\n<li>Ayudar a ni\u00f1os, ni\u00f1as y j\u00f3venes a construir un prop\u00f3sito compartido sobre lo que quieren lograr respecto a nutrici\u00f3n en los pr\u00f3ximos a\u00f1os.<\/li>\n<\/ul>\n<p>[\/vc_column_text][\/vc_column][\/vc_row][vc_row][vc_column][vc_column_text]<strong><span style=\"color: #19b50e;\">Derecho a la Expresi\u00f3n<\/span><\/strong><br \/>\n<span style=\"color: #19b50e;\">El art\u00edculo 13 de la Convenci\u00f3n sobre los Derechos del Ni\u00f1o otorga a los ni\u00f1os, ni\u00f1as y j\u00f3venes el derecho a expresar sus opiniones y puntos de vista a los dem\u00e1s hablando, dibujando, escribiendo o a trav\u00e9s de cualquier otro medio que quieran utilizar.<\/span>[\/vc_column_text][\/vc_column][\/vc_row][vc_row][vc_column][vc_column_text]<\/p>\n<h2>SALVAGUARDIA EN PRIMER PLANO<\/h2>\n<div class=\"page\" title=\"Page 13\">\n<div class=\"layoutArea\">\n<div class=\"column\">\n<p>Los Convocantes de todos los Talleres de Nin\u0303os y Nin\u0303as deben adherirse a las normas de salvaguardia de la nin\u0303ez y los protocolos de comportamiento para garantizar que la participacio\u0301n de nin\u0303os, nin\u0303as y jo\u0301venes sea e\u0301tica, segura, inclusiva, sensible a los riesgos y respetuosa con los valores y culturas locales.<\/p>\n<p>Antes de que un Taller de Nin\u0303os y Nin\u0303as pueda anunciarse en el Portal como contribucio\u0301n al programa Dia\u0301logos de Nutricio\u0301n, los Convocantes deben cumplir los siguientes requisitos:<\/p>\n<ul>\n<li>Estar calificado\/entrenado para convocar un Taller de Nin\u0303os y Nin\u0303as<\/li>\n<li>No tener antecedentes penales<\/li>\n<li>Garantizar que los equipos que participan en los eventos se adhieran a las normas de salvaguardia<\/li>\n<li>Aplicar los formatos de consentimiento de participacio\u0301n de nin\u0303os y nin\u0303as, asi\u0301 como de padres\/tutores<\/li>\n<li>Planificar la prevencio\u0301n y gestio\u0301n de respuestas de emergencia<\/li>\n<li>Firmar y enviar la Declaracio\u0301n de Salvaguardia de los Dia\u0301logos de Nutricio\u0301n<\/li>\n<\/ul>\n<div class=\"flex-1 overflow-hidden\">\n<div class=\"h-full\">\n<div class=\"react-scroll-to-bottom--css-baxwy-79elbk h-full\">\n<div class=\"react-scroll-to-bottom--css-baxwy-1n7m0yu\">\n<div class=\"flex flex-col text-sm md:pb-9\">\n<article class=\"w-full text-token-text-primary focus-visible:outline-2 focus-visible:outline-offset-[-4px]\" dir=\"auto\" tabindex=\"0\" data-testid=\"conversation-turn-9\" data-scroll-anchor=\"true\">\n<div class=\"text-base py-[18px] px-3 md:px-4 m-auto md:px-5\">\n<div class=\"mx-auto flex flex-1 gap-4 text-base md:gap-5 lg:gap-6 md:max-w-3xl lg:max-w-[40rem] xl:max-w-[48rem]\">\n<div class=\"group\/conversation-turn relative flex w-full min-w-0 flex-col agent-turn\">\n<div class=\"flex-col gap-1 md:gap-3\">\n<div class=\"flex max-w-full flex-col flex-grow\">\n<div class=\"min-h-[20px] text-message flex w-full flex-col items-end gap-2 break-words [.text-message+&amp;]:mt-5 overflow-x-auto whitespace-pre-wrap\" dir=\"auto\" data-message-author-role=\"assistant\" data-message-id=\"7256f261-4a64-43a8-9bce-2e6dab5a64ea\">\n<div class=\"flex w-full flex-col gap-1 empty:hidden first:pt-[3px]\">\n<div class=\"markdown prose w-full break-words dark:prose-invert light\">\n<p>Para obtener m\u00e1s informaci\u00f3n, lea el <a href=\"https:\/\/nutritiondialogues.org\/wp-content\/uploads\/2024\/08\/SP-Childrens-Workshops-Safeguarding-Framework.pdf\">Marco de Protecci\u00f3n Infantil<\/a>, y mire la <a href=\"https:\/\/youtu.be\/7F8rVxvC6sA\">capacitaci\u00f3n de Convocador Comunitario de Talleres Infantiles<\/a>.<\/p>\n<\/div>\n<\/div>\n<\/div>\n<\/div>\n<\/div>\n<\/div>\n<\/div>\n<\/div>\n<\/article>\n<\/div>\n<\/div>\n<\/div>\n<\/div>\n<\/div>\n<\/div>\n<\/div>\n<\/div>\n<p>[\/vc_column_text][\/vc_column][\/vc_row][vc_row][vc_column][vc_column_text]<\/p>\n<div class=\"page\" title=\"Page 15\">\n<div class=\"layoutArea\">\n<div class=\"column\">\n<p>Un Taller de Nin\u0303os y Nin\u0303as de Dia\u0301logo de Nutricio\u0301n es un taller adaptado para nin\u0303os y nin\u0303as que incluye actividades recreativas y creativas. Usualmente tiene cuatro secciones: una apertura, una seccio\u0301n de exploracio\u0301n, una seccio\u0301n de Ideas y soluciones y un cierre.<\/p>\n<\/div>\n<\/div>\n<\/div>\n<p><img decoding=\"async\" class=\"alignnone size-full wp-image-53878\" src=\"https:\/\/nutritiondialogues.org\/wp-content\/uploads\/2024\/08\/Screenshot-2024-08-21-at-23.44.40.png\" alt=\"\" width=\"1396\" height=\"182\" srcset=\"https:\/\/nutritiondialogues.org\/wp-content\/uploads\/2024\/08\/Screenshot-2024-08-21-at-23.44.40.png 1396w, https:\/\/nutritiondialogues.org\/wp-content\/uploads\/2024\/08\/Screenshot-2024-08-21-at-23.44.40-300x39.png 300w, https:\/\/nutritiondialogues.org\/wp-content\/uploads\/2024\/08\/Screenshot-2024-08-21-at-23.44.40-1024x134.png 1024w, https:\/\/nutritiondialogues.org\/wp-content\/uploads\/2024\/08\/Screenshot-2024-08-21-at-23.44.40-768x100.png 768w, https:\/\/nutritiondialogues.org\/wp-content\/uploads\/2024\/08\/Screenshot-2024-08-21-at-23.44.40-150x20.png 150w\" sizes=\"(max-width: 1396px) 100vw, 1396px\" \/>[\/vc_column_text][\/vc_column][\/vc_row][vc_row][vc_column][vc_single_image image=\u00bb53879&#8243; img_size=\u00bbfull\u00bb alignment=\u00bbcenter\u00bb][vc_column_text]Para obtener informaci\u00f3n m\u00e1s detallada, lea el <a href=\"https:\/\/nutritiondialogues.org\/wp-content\/uploads\/2024\/08\/SP-Nutrition-Dialogues-Reference-Manual.pdf\">Manual de Referencia<\/a> y la <a href=\"https:\/\/nutritiondialogues.org\/wp-content\/uploads\/2024\/08\/SP-SBS_Childrens-Workshop.pdf\">Gu\u00eda Paso a Paso para el Organizador<\/a>.<\/p>\n<p>Tambi\u00e9n puede iniciar sesi\u00f3n en el Portal y visitar la secci\u00f3n de Espacios de Capacitaci\u00f3n y Orientaci\u00f3n de su perfil.[\/vc_column_text][\/vc_column][\/vc_row]<\/p>\n<\/div>","protected":false},"excerpt":{"rendered":"<p>[vc_row][vc_column][vc_column_text] Talleres de Ni\u00f1os y Ni\u00f1as Los Talleres de Ni\u00f1os y Ni\u00f1as de los Di\u00e1logos de Nutrici\u00f3n son reuniones entre ni\u00f1os, ni\u00f1as y j\u00f3venes de una comunidad en las que se les anima a hablar y pensar sobre soluciones para la malnutrici\u00f3n. Los talleres se conciben como un encuentro informal en el que los ni\u00f1os&hellip;<\/p>\n","protected":false},"author":1384,"featured_media":53880,"parent":53871,"menu_order":0,"comment_status":"closed","ping_status":"closed","template":"","meta":{"_acf_changed":false,"footnotes":""},"class_list":["post-53882","page","type-page","status-publish","has-post-thumbnail","hentry","description-off"],"yoast_head":"<!-- This site is optimized with the Yoast SEO plugin v23.7 - https:\/\/yoast.com\/wordpress\/plugins\/seo\/ -->\n<title>Talleres de Ni\u00f1os y Ni\u00f1as - Nutrition Dialogues<\/title>\n<meta name=\"description\" content=\"Los Talleres de Ni\u00f1os y Ni\u00f1as de los Di\u00e1logos de Nutrici\u00f3n son reuniones entre ni\u00f1os, ni\u00f1as y j\u00f3venes de una comunidad en las que se les anima a hablar y pensar sobre soluciones para la malnutrici\u00f3n. Los talleres se conciben como un encuentro informal en el que los ni\u00f1os y ni\u00f1as se re\u00fanen, hablan e intercambian ideas e inspiraciones en un ambiente seguro.\" \/>\n<meta name=\"robots\" content=\"index, follow, max-snippet:-1, max-image-preview:large, max-video-preview:-1\" \/>\n<link rel=\"canonical\" href=\"https:\/\/nutritiondialogues.org\/es\/orientacion\/talleres-de-ninos-y-ninas\/\" \/>\n<meta property=\"og:locale\" content=\"es_ES\" \/>\n<meta property=\"og:type\" content=\"article\" \/>\n<meta property=\"og:title\" content=\"Talleres de Ni\u00f1os y Ni\u00f1as - Nutrition Dialogues\" \/>\n<meta property=\"og:description\" content=\"Los Talleres de Ni\u00f1os y Ni\u00f1as de los Di\u00e1logos de Nutrici\u00f3n son reuniones entre ni\u00f1os, ni\u00f1as y j\u00f3venes de una comunidad en las que se les anima a hablar y pensar sobre soluciones para la malnutrici\u00f3n. Los talleres se conciben como un encuentro informal en el que los ni\u00f1os y ni\u00f1as se re\u00fanen, hablan e intercambian ideas e inspiraciones en un ambiente seguro.\" \/>\n<meta property=\"og:url\" content=\"https:\/\/nutritiondialogues.org\/es\/orientacion\/talleres-de-ninos-y-ninas\/\" \/>\n<meta property=\"og:site_name\" content=\"Nutrition Dialogues\" \/>\n<meta property=\"article:modified_time\" content=\"2024-09-23T14:17:49+00:00\" \/>\n<meta property=\"og:image\" content=\"https:\/\/nutritiondialogues.org\/wp-content\/uploads\/2024\/08\/SBS-cover-SP.png\" \/>\n\t<meta property=\"og:image:width\" content=\"1112\" \/>\n\t<meta property=\"og:image:height\" content=\"784\" \/>\n\t<meta property=\"og:image:type\" content=\"image\/png\" \/>\n<meta name=\"twitter:card\" content=\"summary_large_image\" \/>\n<meta name=\"twitter:label1\" content=\"Tiempo de lectura\" \/>\n\t<meta name=\"twitter:data1\" content=\"3 minutos\" \/>\n<script type=\"application\/ld+json\" class=\"yoast-schema-graph\">{\"@context\":\"https:\/\/schema.org\",\"@graph\":[{\"@type\":\"WebPage\",\"@id\":\"https:\/\/nutritiondialogues.org\/es\/orientacion\/talleres-de-ninos-y-ninas\/\",\"url\":\"https:\/\/nutritiondialogues.org\/es\/orientacion\/talleres-de-ninos-y-ninas\/\",\"name\":\"Talleres de Ni\u00f1os y Ni\u00f1as - Nutrition Dialogues\",\"isPartOf\":{\"@id\":\"https:\/\/nutritiondialogues.org\/#website\"},\"primaryImageOfPage\":{\"@id\":\"https:\/\/nutritiondialogues.org\/es\/orientacion\/talleres-de-ninos-y-ninas\/#primaryimage\"},\"image\":{\"@id\":\"https:\/\/nutritiondialogues.org\/es\/orientacion\/talleres-de-ninos-y-ninas\/#primaryimage\"},\"thumbnailUrl\":\"https:\/\/nutritiondialogues.org\/wp-content\/uploads\/2024\/08\/SBS-cover-SP.png\",\"datePublished\":\"2024-08-21T21:56:55+00:00\",\"dateModified\":\"2024-09-23T14:17:49+00:00\",\"description\":\"Los Talleres de Ni\u00f1os y Ni\u00f1as de los Di\u00e1logos de Nutrici\u00f3n son reuniones entre ni\u00f1os, ni\u00f1as y j\u00f3venes de una comunidad en las que se les anima a hablar y pensar sobre soluciones para la malnutrici\u00f3n. Los talleres se conciben como un encuentro informal en el que los ni\u00f1os y ni\u00f1as se re\u00fanen, hablan e intercambian ideas e inspiraciones en un ambiente seguro.\",\"breadcrumb\":{\"@id\":\"https:\/\/nutritiondialogues.org\/es\/orientacion\/talleres-de-ninos-y-ninas\/#breadcrumb\"},\"inLanguage\":\"es\",\"potentialAction\":[{\"@type\":\"ReadAction\",\"target\":[\"https:\/\/nutritiondialogues.org\/es\/orientacion\/talleres-de-ninos-y-ninas\/\"]}]},{\"@type\":\"ImageObject\",\"inLanguage\":\"es\",\"@id\":\"https:\/\/nutritiondialogues.org\/es\/orientacion\/talleres-de-ninos-y-ninas\/#primaryimage\",\"url\":\"https:\/\/nutritiondialogues.org\/wp-content\/uploads\/2024\/08\/SBS-cover-SP.png\",\"contentUrl\":\"https:\/\/nutritiondialogues.org\/wp-content\/uploads\/2024\/08\/SBS-cover-SP.png\",\"width\":1112,\"height\":784},{\"@type\":\"BreadcrumbList\",\"@id\":\"https:\/\/nutritiondialogues.org\/es\/orientacion\/talleres-de-ninos-y-ninas\/#breadcrumb\",\"itemListElement\":[{\"@type\":\"ListItem\",\"position\":1,\"name\":\"Home\",\"item\":\"https:\/\/nutritiondialogues.org\/es\/\"},{\"@type\":\"ListItem\",\"position\":2,\"name\":\"Orientaci\u00f3n\",\"item\":\"https:\/\/nutritiondialogues.org\/es\/orientacion\/\"},{\"@type\":\"ListItem\",\"position\":3,\"name\":\"Talleres de Ni\u00f1os y Ni\u00f1as\"}]},{\"@type\":\"WebSite\",\"@id\":\"https:\/\/nutritiondialogues.org\/#website\",\"url\":\"https:\/\/nutritiondialogues.org\/\",\"name\":\"Nutrition Dialogues\",\"description\":\"Gateway\",\"potentialAction\":[{\"@type\":\"SearchAction\",\"target\":{\"@type\":\"EntryPoint\",\"urlTemplate\":\"https:\/\/nutritiondialogues.org\/?s={search_term_string}\"},\"query-input\":{\"@type\":\"PropertyValueSpecification\",\"valueRequired\":true,\"valueName\":\"search_term_string\"}}],\"inLanguage\":\"es\"}]}<\/script>\n<!-- \/ Yoast SEO plugin. -->","yoast_head_json":{"title":"Talleres de Ni\u00f1os y Ni\u00f1as - Nutrition Dialogues","description":"Los Talleres de Ni\u00f1os y Ni\u00f1as de los Di\u00e1logos de Nutrici\u00f3n son reuniones entre ni\u00f1os, ni\u00f1as y j\u00f3venes de una comunidad en las que se les anima a hablar y pensar sobre soluciones para la malnutrici\u00f3n. Los talleres se conciben como un encuentro informal en el que los ni\u00f1os y ni\u00f1as se re\u00fanen, hablan e intercambian ideas e inspiraciones en un ambiente seguro.","robots":{"index":"index","follow":"follow","max-snippet":"max-snippet:-1","max-image-preview":"max-image-preview:large","max-video-preview":"max-video-preview:-1"},"canonical":"https:\/\/nutritiondialogues.org\/es\/orientacion\/talleres-de-ninos-y-ninas\/","og_locale":"es_ES","og_type":"article","og_title":"Talleres de Ni\u00f1os y Ni\u00f1as - Nutrition Dialogues","og_description":"Los Talleres de Ni\u00f1os y Ni\u00f1as de los Di\u00e1logos de Nutrici\u00f3n son reuniones entre ni\u00f1os, ni\u00f1as y j\u00f3venes de una comunidad en las que se les anima a hablar y pensar sobre soluciones para la malnutrici\u00f3n. Los talleres se conciben como un encuentro informal en el que los ni\u00f1os y ni\u00f1as se re\u00fanen, hablan e intercambian ideas e inspiraciones en un ambiente seguro.","og_url":"https:\/\/nutritiondialogues.org\/es\/orientacion\/talleres-de-ninos-y-ninas\/","og_site_name":"Nutrition Dialogues","article_modified_time":"2024-09-23T14:17:49+00:00","og_image":[{"width":1112,"height":784,"url":"https:\/\/nutritiondialogues.org\/wp-content\/uploads\/2024\/08\/SBS-cover-SP.png","type":"image\/png"}],"twitter_card":"summary_large_image","twitter_misc":{"Tiempo de lectura":"3 minutos"},"schema":{"@context":"https:\/\/schema.org","@graph":[{"@type":"WebPage","@id":"https:\/\/nutritiondialogues.org\/es\/orientacion\/talleres-de-ninos-y-ninas\/","url":"https:\/\/nutritiondialogues.org\/es\/orientacion\/talleres-de-ninos-y-ninas\/","name":"Talleres de Ni\u00f1os y Ni\u00f1as - Nutrition Dialogues","isPartOf":{"@id":"https:\/\/nutritiondialogues.org\/#website"},"primaryImageOfPage":{"@id":"https:\/\/nutritiondialogues.org\/es\/orientacion\/talleres-de-ninos-y-ninas\/#primaryimage"},"image":{"@id":"https:\/\/nutritiondialogues.org\/es\/orientacion\/talleres-de-ninos-y-ninas\/#primaryimage"},"thumbnailUrl":"https:\/\/nutritiondialogues.org\/wp-content\/uploads\/2024\/08\/SBS-cover-SP.png","datePublished":"2024-08-21T21:56:55+00:00","dateModified":"2024-09-23T14:17:49+00:00","description":"Los Talleres de Ni\u00f1os y Ni\u00f1as de los Di\u00e1logos de Nutrici\u00f3n son reuniones entre ni\u00f1os, ni\u00f1as y j\u00f3venes de una comunidad en las que se les anima a hablar y pensar sobre soluciones para la malnutrici\u00f3n. Los talleres se conciben como un encuentro informal en el que los ni\u00f1os y ni\u00f1as se re\u00fanen, hablan e intercambian ideas e inspiraciones en un ambiente seguro.","breadcrumb":{"@id":"https:\/\/nutritiondialogues.org\/es\/orientacion\/talleres-de-ninos-y-ninas\/#breadcrumb"},"inLanguage":"es","potentialAction":[{"@type":"ReadAction","target":["https:\/\/nutritiondialogues.org\/es\/orientacion\/talleres-de-ninos-y-ninas\/"]}]},{"@type":"ImageObject","inLanguage":"es","@id":"https:\/\/nutritiondialogues.org\/es\/orientacion\/talleres-de-ninos-y-ninas\/#primaryimage","url":"https:\/\/nutritiondialogues.org\/wp-content\/uploads\/2024\/08\/SBS-cover-SP.png","contentUrl":"https:\/\/nutritiondialogues.org\/wp-content\/uploads\/2024\/08\/SBS-cover-SP.png","width":1112,"height":784},{"@type":"BreadcrumbList","@id":"https:\/\/nutritiondialogues.org\/es\/orientacion\/talleres-de-ninos-y-ninas\/#breadcrumb","itemListElement":[{"@type":"ListItem","position":1,"name":"Home","item":"https:\/\/nutritiondialogues.org\/es\/"},{"@type":"ListItem","position":2,"name":"Orientaci\u00f3n","item":"https:\/\/nutritiondialogues.org\/es\/orientacion\/"},{"@type":"ListItem","position":3,"name":"Talleres de Ni\u00f1os y Ni\u00f1as"}]},{"@type":"WebSite","@id":"https:\/\/nutritiondialogues.org\/#website","url":"https:\/\/nutritiondialogues.org\/","name":"Nutrition Dialogues","description":"Gateway","potentialAction":[{"@type":"SearchAction","target":{"@type":"EntryPoint","urlTemplate":"https:\/\/nutritiondialogues.org\/?s={search_term_string}"},"query-input":{"@type":"PropertyValueSpecification","valueRequired":true,"valueName":"search_term_string"}}],"inLanguage":"es"}]}},"acf":[],"_links":{"self":[{"href":"https:\/\/nutritiondialogues.org\/es\/wp-json\/wp\/v2\/pages\/53882"}],"collection":[{"href":"https:\/\/nutritiondialogues.org\/es\/wp-json\/wp\/v2\/pages"}],"about":[{"href":"https:\/\/nutritiondialogues.org\/es\/wp-json\/wp\/v2\/types\/page"}],"author":[{"embeddable":true,"href":"https:\/\/nutritiondialogues.org\/es\/wp-json\/wp\/v2\/users\/1384"}],"replies":[{"embeddable":true,"href":"https:\/\/nutritiondialogues.org\/es\/wp-json\/wp\/v2\/comments?post=53882"}],"version-history":[{"count":3,"href":"https:\/\/nutritiondialogues.org\/es\/wp-json\/wp\/v2\/pages\/53882\/revisions"}],"predecessor-version":[{"id":54427,"href":"https:\/\/nutritiondialogues.org\/es\/wp-json\/wp\/v2\/pages\/53882\/revisions\/54427"}],"up":[{"embeddable":true,"href":"https:\/\/nutritiondialogues.org\/es\/wp-json\/wp\/v2\/pages\/53871"}],"wp:featuredmedia":[{"embeddable":true,"href":"https:\/\/nutritiondialogues.org\/es\/wp-json\/wp\/v2\/media\/53880"}],"wp:attachment":[{"href":"https:\/\/nutritiondialogues.org\/es\/wp-json\/wp\/v2\/media?parent=53882"}],"curies":[{"name":"wp","href":"https:\/\/api.w.org\/{rel}","templated":true}]}}