{"id":53911,"date":"2024-08-26T17:16:09","date_gmt":"2024-08-26T22:16:09","guid":{"rendered":"https:\/\/nutritiondialogues.org\/?page_id=53911"},"modified":"2024-08-26T17:16:09","modified_gmt":"2024-08-26T22:16:09","slug":"dialogos-de-las-partes-interesadas","status":"publish","type":"page","link":"https:\/\/nutritiondialogues.org\/es\/orientacion\/dialogos-de-las-partes-interesadas\/","title":{"rendered":"Di\u00e1logos de las Partes Interesadas"},"content":{"rendered":"<div class=\"wpb-content-wrapper\"><p>[vc_row][vc_column][vc_column_text]<\/p>\n<h1>Di\u00e1logos de las Partes Interesadas<\/h1>\n<p>Los Di\u00e1logos de las Partes Interesadas son oportunidades para que diversos participantes se involucren en un di\u00e1logo dentro de un grupo espec\u00edfico de partes interesadas (por ejemplo, entre grupos de mujeres o entre agricultores) o reuniendo a m\u00faltiples partes interesadas (como agricultores, negocios locales, sociedad civil, escuelas, autoridades locales, gobierno nacional, cient\u00edficos y grupos religiosos). Tanto los Di\u00e1logos espec\u00edficos de partes interesadas como los Di\u00e1logos multipartitos exploran opciones para mejorar la nutrici\u00f3n en diferentes contextos locales. Consideran estas opciones desde una amplia variedad de perspectivas y priorizan intervenciones que puedan apoyar acciones m\u00e1s impactantes.<br \/>\nEl enfoque estandarizado para los Di\u00e1logos de las Partes Interesadas est\u00e1 dise\u00f1ado para ayudar a los Organizadores a garantizar que cada evento de di\u00e1logo logre sus objetivos al:<\/p>\n<ul>\n<li>Involucrar una diversidad de perspectivas.<\/li>\n<li>Utilizar un formato probado.<\/li>\n<li>Facilitar discusiones productivas y con prop\u00f3sito.<\/li>\n<li>Tener un enfoque claro en las prioridades para mejorar la nutrici\u00f3n.<\/li>\n<li>Conducir a resultados que puedan ser sistem\u00e1ticamente incorporados en s\u00edntesis.<\/li>\n<li>Publicar mensajes clave antes de la Cumbre N4G.<\/li>\n<\/ul>\n<div class=\"page\" title=\"Page 11\">\n<div class=\"section\">\n<div class=\"layoutArea\">\n<div class=\"column\">La estructura de un evento de Di\u00e1logo de las Partes Interesadas t\u00edpicamente incluye una Apertura, Grupos de Discusi\u00f3n y una sesi\u00f3n de Consolidaci\u00f3n.<img decoding=\"async\" class=\"alignnone wp-image-53912 size-full\" src=\"https:\/\/nutritiondialogues.org\/wp-content\/uploads\/2024\/08\/structure-sp-sd.png\" alt=\"\" width=\"1078\" height=\"164\" srcset=\"https:\/\/nutritiondialogues.org\/wp-content\/uploads\/2024\/08\/structure-sp-sd.png 1078w, https:\/\/nutritiondialogues.org\/wp-content\/uploads\/2024\/08\/structure-sp-sd-300x46.png 300w, https:\/\/nutritiondialogues.org\/wp-content\/uploads\/2024\/08\/structure-sp-sd-1024x156.png 1024w, https:\/\/nutritiondialogues.org\/wp-content\/uploads\/2024\/08\/structure-sp-sd-768x117.png 768w, https:\/\/nutritiondialogues.org\/wp-content\/uploads\/2024\/08\/structure-sp-sd-150x23.png 150w\" sizes=\"(max-width: 1078px) 100vw, 1078px\" \/> Los Organizadores pueden adaptar el m\u00e9todo para responder a sus necesidades y contexto; sin embargo, el objetivo debe ser siempre intercambios significativos entre todos los participantes que se adhieran a los Principios de Participaci\u00f3n. Para reflejar el aspecto de no atribuci\u00f3n, los Encargados de Registro deben ser informados sobre \u00abAplicar la Regla de Chatham House\u00bb para que no registren los nombres de las personas con lo que se dice y los Facilitadores no mencionen nombres en su informe de retorno.<\/p>\n<p><img decoding=\"async\" class=\"alignnone wp-image-53913 size-full\" src=\"https:\/\/nutritiondialogues.org\/wp-content\/uploads\/2024\/08\/agenda-sp-sd.png\" alt=\"\" width=\"1194\" height=\"790\" srcset=\"https:\/\/nutritiondialogues.org\/wp-content\/uploads\/2024\/08\/agenda-sp-sd.png 1194w, https:\/\/nutritiondialogues.org\/wp-content\/uploads\/2024\/08\/agenda-sp-sd-300x198.png 300w, https:\/\/nutritiondialogues.org\/wp-content\/uploads\/2024\/08\/agenda-sp-sd-1024x678.png 1024w, https:\/\/nutritiondialogues.org\/wp-content\/uploads\/2024\/08\/agenda-sp-sd-768x508.png 768w, https:\/\/nutritiondialogues.org\/wp-content\/uploads\/2024\/08\/agenda-sp-sd-150x99.png 150w\" sizes=\"(max-width: 1194px) 100vw, 1194px\" \/><br \/>\nPara m\u00e1s informaci\u00f3n detallada, lea el <a href=\"https:\/\/nutritiondialogues.org\/wp-content\/uploads\/2024\/07\/Nutrition-Dialogues-Reference-Manual-.pdf\" target=\"_blank\" rel=\"noopener\">Manual de Referencia<\/a> y la <a href=\"https:\/\/nutritiondialogues.org\/wp-content\/uploads\/2024\/07\/SBS-Stakeholder-Dialogues-Web.pdf\" target=\"_blank\" rel=\"noopener\">Gu\u00eda Paso a Paso para los Organizadores.<\/a> Tambi\u00e9n puede iniciar sesi\u00f3n en el Portal y visitar la secci\u00f3n de Espacios de Capacitaci\u00f3n y Orientaci\u00f3n de\u00a0<a href=\"https:\/\/nutritiondialogues.org\/portal\/welcome\/\">su perfil.<\/a><\/p>\n<\/div>\n<\/div>\n<\/div>\n<\/div>\n<p>[\/vc_column_text][\/vc_column][\/vc_row]<\/p>\n<\/div>","protected":false},"excerpt":{"rendered":"<p>[vc_row][vc_column][vc_column_text] Di\u00e1logos de las Partes Interesadas Los Di\u00e1logos de las Partes Interesadas son oportunidades para que diversos participantes se involucren en un di\u00e1logo dentro de un grupo espec\u00edfico de partes interesadas (por ejemplo, entre grupos de mujeres o entre agricultores) o reuniendo a m\u00faltiples partes interesadas (como agricultores, negocios locales, sociedad civil, escuelas, autoridades locales,&hellip;<\/p>\n","protected":false},"author":1384,"featured_media":0,"parent":53871,"menu_order":0,"comment_status":"closed","ping_status":"closed","template":"","meta":{"_acf_changed":false,"footnotes":""},"class_list":["post-53911","page","type-page","status-publish","hentry","description-off"],"yoast_head":"<!-- This site is optimized with the Yoast SEO plugin v23.7 - https:\/\/yoast.com\/wordpress\/plugins\/seo\/ -->\n<title>Di\u00e1logos de las Partes Interesadas - Nutrition Dialogues<\/title>\n<meta name=\"robots\" content=\"index, follow, max-snippet:-1, max-image-preview:large, max-video-preview:-1\" \/>\n<link rel=\"canonical\" href=\"https:\/\/nutritiondialogues.org\/es\/orientation\/dialogos-de-las-partes-interesadas\/\" \/>\n<meta property=\"og:locale\" content=\"es_ES\" \/>\n<meta property=\"og:type\" content=\"article\" \/>\n<meta property=\"og:title\" content=\"Di\u00e1logos de las Partes Interesadas - Nutrition Dialogues\" \/>\n<meta property=\"og:description\" content=\"[vc_row][vc_column][vc_column_text] Di\u00e1logos de las Partes Interesadas Los Di\u00e1logos de las Partes Interesadas son oportunidades para que diversos participantes se involucren en un di\u00e1logo dentro de un grupo espec\u00edfico de partes interesadas (por ejemplo, entre grupos de mujeres o entre agricultores) o reuniendo a m\u00faltiples partes interesadas (como agricultores, negocios locales, sociedad civil, escuelas, autoridades locales,&hellip;\" \/>\n<meta property=\"og:url\" content=\"https:\/\/nutritiondialogues.org\/es\/orientation\/dialogos-de-las-partes-interesadas\/\" \/>\n<meta property=\"og:site_name\" content=\"Nutrition Dialogues\" \/>\n<meta property=\"og:image\" content=\"https:\/\/nutritiondialogues.org\/wp-content\/uploads\/2024\/08\/structure-sp-sd.png\" \/>\n<meta name=\"twitter:card\" content=\"summary_large_image\" \/>\n<meta name=\"twitter:label1\" content=\"Tiempo de lectura\" \/>\n\t<meta name=\"twitter:data1\" content=\"2 minutos\" \/>\n<script type=\"application\/ld+json\" class=\"yoast-schema-graph\">{\"@context\":\"https:\/\/schema.org\",\"@graph\":[{\"@type\":\"WebPage\",\"@id\":\"https:\/\/nutritiondialogues.org\/es\/orientation\/dialogos-de-las-partes-interesadas\/\",\"url\":\"https:\/\/nutritiondialogues.org\/es\/orientation\/dialogos-de-las-partes-interesadas\/\",\"name\":\"Di\u00e1logos de las Partes Interesadas - Nutrition Dialogues\",\"isPartOf\":{\"@id\":\"https:\/\/nutritiondialogues.org\/#website\"},\"primaryImageOfPage\":{\"@id\":\"https:\/\/nutritiondialogues.org\/es\/orientation\/dialogos-de-las-partes-interesadas\/#primaryimage\"},\"image\":{\"@id\":\"https:\/\/nutritiondialogues.org\/es\/orientation\/dialogos-de-las-partes-interesadas\/#primaryimage\"},\"thumbnailUrl\":\"https:\/\/nutritiondialogues.org\/wp-content\/uploads\/2024\/08\/structure-sp-sd.png\",\"datePublished\":\"2024-08-26T22:16:09+00:00\",\"dateModified\":\"2024-08-26T22:16:09+00:00\",\"breadcrumb\":{\"@id\":\"https:\/\/nutritiondialogues.org\/es\/orientation\/dialogos-de-las-partes-interesadas\/#breadcrumb\"},\"inLanguage\":\"es\",\"potentialAction\":[{\"@type\":\"ReadAction\",\"target\":[\"https:\/\/nutritiondialogues.org\/es\/orientation\/dialogos-de-las-partes-interesadas\/\"]}]},{\"@type\":\"ImageObject\",\"inLanguage\":\"es\",\"@id\":\"https:\/\/nutritiondialogues.org\/es\/orientation\/dialogos-de-las-partes-interesadas\/#primaryimage\",\"url\":\"https:\/\/nutritiondialogues.org\/wp-content\/uploads\/2024\/08\/structure-sp-sd.png\",\"contentUrl\":\"https:\/\/nutritiondialogues.org\/wp-content\/uploads\/2024\/08\/structure-sp-sd.png\"},{\"@type\":\"BreadcrumbList\",\"@id\":\"https:\/\/nutritiondialogues.org\/es\/orientation\/dialogos-de-las-partes-interesadas\/#breadcrumb\",\"itemListElement\":[{\"@type\":\"ListItem\",\"position\":1,\"name\":\"Home\",\"item\":\"https:\/\/nutritiondialogues.org\/es\/\"},{\"@type\":\"ListItem\",\"position\":2,\"name\":\"Orientation\",\"item\":\"https:\/\/nutritiondialogues.org\/fr\/orientation\/\"},{\"@type\":\"ListItem\",\"position\":3,\"name\":\"Di\u00e1logos de las Partes Interesadas\"}]},{\"@type\":\"WebSite\",\"@id\":\"https:\/\/nutritiondialogues.org\/#website\",\"url\":\"https:\/\/nutritiondialogues.org\/\",\"name\":\"Nutrition Dialogues\",\"description\":\"Gateway\",\"potentialAction\":[{\"@type\":\"SearchAction\",\"target\":{\"@type\":\"EntryPoint\",\"urlTemplate\":\"https:\/\/nutritiondialogues.org\/?s={search_term_string}\"},\"query-input\":{\"@type\":\"PropertyValueSpecification\",\"valueRequired\":true,\"valueName\":\"search_term_string\"}}],\"inLanguage\":\"es\"}]}<\/script>\n<!-- \/ Yoast SEO plugin. -->","yoast_head_json":{"title":"Di\u00e1logos de las Partes Interesadas - Nutrition Dialogues","robots":{"index":"index","follow":"follow","max-snippet":"max-snippet:-1","max-image-preview":"max-image-preview:large","max-video-preview":"max-video-preview:-1"},"canonical":"https:\/\/nutritiondialogues.org\/es\/orientation\/dialogos-de-las-partes-interesadas\/","og_locale":"es_ES","og_type":"article","og_title":"Di\u00e1logos de las Partes Interesadas - Nutrition Dialogues","og_description":"[vc_row][vc_column][vc_column_text] Di\u00e1logos de las Partes Interesadas Los Di\u00e1logos de las Partes Interesadas son oportunidades para que diversos participantes se involucren en un di\u00e1logo dentro de un grupo espec\u00edfico de partes interesadas (por ejemplo, entre grupos de mujeres o entre agricultores) o reuniendo a m\u00faltiples partes interesadas (como agricultores, negocios locales, sociedad civil, escuelas, autoridades locales,&hellip;","og_url":"https:\/\/nutritiondialogues.org\/es\/orientation\/dialogos-de-las-partes-interesadas\/","og_site_name":"Nutrition Dialogues","og_image":[{"url":"https:\/\/nutritiondialogues.org\/wp-content\/uploads\/2024\/08\/structure-sp-sd.png"}],"twitter_card":"summary_large_image","twitter_misc":{"Tiempo de lectura":"2 minutos"},"schema":{"@context":"https:\/\/schema.org","@graph":[{"@type":"WebPage","@id":"https:\/\/nutritiondialogues.org\/es\/orientation\/dialogos-de-las-partes-interesadas\/","url":"https:\/\/nutritiondialogues.org\/es\/orientation\/dialogos-de-las-partes-interesadas\/","name":"Di\u00e1logos de las Partes Interesadas - Nutrition Dialogues","isPartOf":{"@id":"https:\/\/nutritiondialogues.org\/#website"},"primaryImageOfPage":{"@id":"https:\/\/nutritiondialogues.org\/es\/orientation\/dialogos-de-las-partes-interesadas\/#primaryimage"},"image":{"@id":"https:\/\/nutritiondialogues.org\/es\/orientation\/dialogos-de-las-partes-interesadas\/#primaryimage"},"thumbnailUrl":"https:\/\/nutritiondialogues.org\/wp-content\/uploads\/2024\/08\/structure-sp-sd.png","datePublished":"2024-08-26T22:16:09+00:00","dateModified":"2024-08-26T22:16:09+00:00","breadcrumb":{"@id":"https:\/\/nutritiondialogues.org\/es\/orientation\/dialogos-de-las-partes-interesadas\/#breadcrumb"},"inLanguage":"es","potentialAction":[{"@type":"ReadAction","target":["https:\/\/nutritiondialogues.org\/es\/orientation\/dialogos-de-las-partes-interesadas\/"]}]},{"@type":"ImageObject","inLanguage":"es","@id":"https:\/\/nutritiondialogues.org\/es\/orientation\/dialogos-de-las-partes-interesadas\/#primaryimage","url":"https:\/\/nutritiondialogues.org\/wp-content\/uploads\/2024\/08\/structure-sp-sd.png","contentUrl":"https:\/\/nutritiondialogues.org\/wp-content\/uploads\/2024\/08\/structure-sp-sd.png"},{"@type":"BreadcrumbList","@id":"https:\/\/nutritiondialogues.org\/es\/orientation\/dialogos-de-las-partes-interesadas\/#breadcrumb","itemListElement":[{"@type":"ListItem","position":1,"name":"Home","item":"https:\/\/nutritiondialogues.org\/es\/"},{"@type":"ListItem","position":2,"name":"Orientation","item":"https:\/\/nutritiondialogues.org\/fr\/orientation\/"},{"@type":"ListItem","position":3,"name":"Di\u00e1logos de las Partes Interesadas"}]},{"@type":"WebSite","@id":"https:\/\/nutritiondialogues.org\/#website","url":"https:\/\/nutritiondialogues.org\/","name":"Nutrition Dialogues","description":"Gateway","potentialAction":[{"@type":"SearchAction","target":{"@type":"EntryPoint","urlTemplate":"https:\/\/nutritiondialogues.org\/?s={search_term_string}"},"query-input":{"@type":"PropertyValueSpecification","valueRequired":true,"valueName":"search_term_string"}}],"inLanguage":"es"}]}},"acf":[],"_links":{"self":[{"href":"https:\/\/nutritiondialogues.org\/es\/wp-json\/wp\/v2\/pages\/53911"}],"collection":[{"href":"https:\/\/nutritiondialogues.org\/es\/wp-json\/wp\/v2\/pages"}],"about":[{"href":"https:\/\/nutritiondialogues.org\/es\/wp-json\/wp\/v2\/types\/page"}],"author":[{"embeddable":true,"href":"https:\/\/nutritiondialogues.org\/es\/wp-json\/wp\/v2\/users\/1384"}],"replies":[{"embeddable":true,"href":"https:\/\/nutritiondialogues.org\/es\/wp-json\/wp\/v2\/comments?post=53911"}],"version-history":[{"count":1,"href":"https:\/\/nutritiondialogues.org\/es\/wp-json\/wp\/v2\/pages\/53911\/revisions"}],"predecessor-version":[{"id":53914,"href":"https:\/\/nutritiondialogues.org\/es\/wp-json\/wp\/v2\/pages\/53911\/revisions\/53914"}],"up":[{"embeddable":true,"href":"https:\/\/nutritiondialogues.org\/es\/wp-json\/wp\/v2\/pages\/53871"}],"wp:attachment":[{"href":"https:\/\/nutritiondialogues.org\/es\/wp-json\/wp\/v2\/media?parent=53911"}],"curies":[{"name":"wp","href":"https:\/\/api.w.org\/{rel}","templated":true}]}}