{"id":53918,"date":"2024-08-26T17:23:52","date_gmt":"2024-08-26T22:23:52","guid":{"rendered":"https:\/\/nutritiondialogues.org\/?page_id=53918"},"modified":"2026-02-16T10:04:37","modified_gmt":"2026-02-16T16:04:37","slug":"espacios-de-capacitacion-y-orientacion","status":"publish","type":"page","link":"https:\/\/nutritiondialogues.org\/es\/orientacion\/espacios-de-capacitacion-y-orientacion\/","title":{"rendered":"Espacios de Capacitaci\u00f3n y Orientaci\u00f3n"},"content":{"rendered":"<div class=\"wpb-content-wrapper\"><p>[vc_row][vc_column][vc_column_text]<\/p>\n<h1>Espacios de Capacitaci\u00f3n y Orientaci\u00f3n<\/h1>\n<p>[\/vc_column_text][\/vc_column][\/vc_row][vc_row][vc_column][vc_column_text css=\u00bb\u00bb]<\/p>\n<h4>Espacios Colectivos de Capacitaci\u00f3n y Orientaci\u00f3n en L\u00ednea<\/h4>\n<p>Estamos organizando sesiones colectivas de capacitaci\u00f3n y orientaci\u00f3n en l\u00ednea para los Coordinadores, Curadores, Facilitadores y Responsables de Registro de los Di\u00e1logos sobre Nutrici\u00f3n. Estas sesiones est\u00e1n dise\u00f1adas para:<\/p>\n<ul>\n<li><strong>Orientar a los Participantes<\/strong>: Proporcionar una visi\u00f3n general completa del proceso del evento Di\u00e1logo sobre Nutrici\u00f3n.<\/li>\n<li><strong>Fortalecer Capacidades<\/strong>: Mejorar tus habilidades y conocimientos para gestionar y ejecutar eventos de manera efectiva.<\/li>\n<li><strong>Facilitar el Aprendizaje<\/strong>: Compartir experiencias y mejores pr\u00e1cticas para promover la mejora continua.<\/li>\n<\/ul>\n<h4>Prop\u00f3sito y Beneficios<\/h4>\n<p>Estos espacios de capacitaci\u00f3n ofrecen una valiosa oportunidad para las personas involucradas en los Di\u00e1logos sobre Nutrici\u00f3n de:<\/p>\n<ul>\n<li><strong>Conectar y Colaborar<\/strong>: Interactuar con compa\u00f1eros y expertos para construir una red de apoyo.<\/li>\n<li><strong>Aprender unos de Otros<\/strong>: Obtener ideas y aprender de las experiencias de otros en el campo.<\/li>\n<li><strong>Promover el Aprendizaje R\u00e1pido<\/strong>: Apoyar enfoques basados en el di\u00e1logo para el cambio de sistemas de manera personal y productiva.<\/li>\n<\/ul>\n<h4>Sesiones disponibles pr\u00f3ximamente:<\/h4>\n<p>[\/vc_column_text][\/vc_column][\/vc_row][vc_row][vc_column][vc_column_text css=\u00bb\u00bb]<\/p>\n<hr \/>\n<h4><strong>Fecha: Jueves, 12 de marzo 2026, 13:00-14:30 CET<\/strong><\/h4>\n<h4>Espacio de Capacitaci\u00f3n y Orientaci\u00f3n de los Di\u00e1logos sobre Nutrici\u00f3n 2.0 &#8211; #1<\/h4>\n<p><!--StartFragment -->La sesi\u00f3n ofrecer\u00e1:<\/p>\n<ul>\n<li>Orientaci\u00f3n sobre la segunda fase de la iniciativa <em>Di\u00e1logos sobre Nutrici\u00f3n<\/em>;<\/li>\n<li>Capacitaci\u00f3n en metodolog\u00edas de di\u00e1logo, tanto para el Taller de Ni\u00f1os como para el Di\u00e1logo con Actores Clave;<\/li>\n<li>Un espacio interactivo para que los participantes compartan experiencias.<\/li>\n<\/ul>\n<p>[\/vc_column_text][\/vc_column][\/vc_row][vc_row][vc_column][vc_btn title=\u00bbRegistrarse en la reuni\u00f3n de Zoom\u00bb color=\u00bbblue\u00bb css=\u00bb\u00bb link=\u00bburl:https%3A%2F%2Fus02web.zoom.us%2Fmeeting%2Fregister%2FXl0YJInwTP2GLbqeAUWAQw%23%2Fregistration|target:_blank\u00bb][\/vc_column][\/vc_row][vc_row][vc_column][vc_column_text css=\u00bb\u00bb]<\/p>\n<hr \/>\n<h4><strong>Fecha: Jueves, 18 de junio 2026, 13:00-14:30 CET<\/strong><\/h4>\n<h4>Espacio de Capacitaci\u00f3n y Orientaci\u00f3n de los Di\u00e1logos sobre Nutrici\u00f3n 2.0 &#8211; #2<\/h4>\n<p><!--StartFragment -->La sesi\u00f3n ofrecer\u00e1:<\/p>\n<ul>\n<li>Orientaci\u00f3n sobre la segunda fase de la iniciativa <em>Di\u00e1logos sobre Nutrici\u00f3n<\/em>;<\/li>\n<li>Capacitaci\u00f3n en metodolog\u00edas de di\u00e1logo, tanto para el Taller de Ni\u00f1os como para el Di\u00e1logo con Actores Clave;<\/li>\n<li>Nuevo m\u00f3dulo sobre la s\u00edntesis de los resultados de los Di\u00e1logos;<\/li>\n<li>Un espacio interactivo para que los participantes compartan experiencias.<\/li>\n<\/ul>\n<p>Enlace de inscripci\u00f3n pr\u00f3ximamente[\/vc_column_text][\/vc_column][\/vc_row][vc_row disable_element=\u00bbyes\u00bb][vc_column][vc_btn title=\u00bbJoin the Zoom meeting\u00bb color=\u00bbblue\u00bb css=\u00bb\u00bb link=\u00bburl:https%3A%2F%2Fus02web.zoom.us%2Fmeeting%2Fregister%2FtZcudOmgqj0sGNITJNZEO8UMDBsAlIwBNg2c|target:_blank\u00bb][\/vc_column][\/vc_row][vc_row][vc_column][vc_column_text css=\u00bb\u00bb]<\/p>\n<hr \/>\n<h4><strong>Sesiones de aprendizaje entre pares<\/strong><\/h4>\n<p>Adem\u00e1s, se ofrecer\u00e1n sesiones peri\u00f3dicas de aprendizaje entre pares para los equipos que est\u00e9n desarrollando un Llamado a la Acci\u00f3n nacional derivado de los Di\u00e1logos sobre Nutrici\u00f3n en sus pa\u00edses.<\/p>\n<p><!--StartFragment -->\u00a0[\/vc_column_text][\/vc_column][\/vc_row]<\/p>\n<\/div>","protected":false},"excerpt":{"rendered":"<p>[vc_row][vc_column][vc_column_text] Espacios de Capacitaci\u00f3n y Orientaci\u00f3n [\/vc_column_text][\/vc_column][\/vc_row][vc_row][vc_column][vc_column_text css=\u00bb\u00bb] Espacios Colectivos de Capacitaci\u00f3n y Orientaci\u00f3n en L\u00ednea Estamos organizando sesiones colectivas de capacitaci\u00f3n y orientaci\u00f3n en l\u00ednea para los Coordinadores, Curadores, Facilitadores y Responsables de Registro de los Di\u00e1logos sobre Nutrici\u00f3n. Estas sesiones est\u00e1n dise\u00f1adas para: Orientar a los Participantes: Proporcionar una visi\u00f3n general completa del&hellip;<\/p>\n","protected":false},"author":1384,"featured_media":0,"parent":53871,"menu_order":0,"comment_status":"closed","ping_status":"closed","template":"","meta":{"_acf_changed":false,"footnotes":""},"class_list":["post-53918","page","type-page","status-publish","hentry","description-off"],"yoast_head":"<!-- This site is optimized with the Yoast SEO plugin v23.7 - https:\/\/yoast.com\/wordpress\/plugins\/seo\/ -->\n<title>Espacios de Capacitaci\u00f3n y Orientaci\u00f3n - Nutrition Dialogues<\/title>\n<meta name=\"robots\" content=\"index, follow, max-snippet:-1, max-image-preview:large, max-video-preview:-1\" \/>\n<link rel=\"canonical\" href=\"https:\/\/nutritiondialogues.org\/es\/orientacion\/espacios-de-capacitacion-y-orientacion\/\" \/>\n<meta property=\"og:locale\" content=\"es_ES\" \/>\n<meta property=\"og:type\" content=\"article\" \/>\n<meta property=\"og:title\" content=\"Espacios de Capacitaci\u00f3n y Orientaci\u00f3n - Nutrition Dialogues\" \/>\n<meta property=\"og:description\" content=\"[vc_row][vc_column][vc_column_text] Espacios de Capacitaci\u00f3n y Orientaci\u00f3n [\/vc_column_text][\/vc_column][\/vc_row][vc_row][vc_column][vc_column_text css=\u00bb\u00bb] Espacios Colectivos de Capacitaci\u00f3n y Orientaci\u00f3n en L\u00ednea Estamos organizando sesiones colectivas de capacitaci\u00f3n y orientaci\u00f3n en l\u00ednea para los Coordinadores, Curadores, Facilitadores y Responsables de Registro de los Di\u00e1logos sobre Nutrici\u00f3n. Estas sesiones est\u00e1n dise\u00f1adas para: Orientar a los Participantes: Proporcionar una visi\u00f3n general completa del&hellip;\" \/>\n<meta property=\"og:url\" content=\"https:\/\/nutritiondialogues.org\/es\/orientacion\/espacios-de-capacitacion-y-orientacion\/\" \/>\n<meta property=\"og:site_name\" content=\"Nutrition Dialogues\" \/>\n<meta property=\"article:modified_time\" content=\"2026-02-16T16:04:37+00:00\" \/>\n<meta name=\"twitter:card\" content=\"summary_large_image\" \/>\n<meta name=\"twitter:label1\" content=\"Tiempo de lectura\" \/>\n\t<meta name=\"twitter:data1\" content=\"2 minutos\" \/>\n<script type=\"application\/ld+json\" class=\"yoast-schema-graph\">{\"@context\":\"https:\/\/schema.org\",\"@graph\":[{\"@type\":\"WebPage\",\"@id\":\"https:\/\/nutritiondialogues.org\/es\/orientacion\/espacios-de-capacitacion-y-orientacion\/\",\"url\":\"https:\/\/nutritiondialogues.org\/es\/orientacion\/espacios-de-capacitacion-y-orientacion\/\",\"name\":\"Espacios de Capacitaci\u00f3n y Orientaci\u00f3n - Nutrition Dialogues\",\"isPartOf\":{\"@id\":\"https:\/\/nutritiondialogues.org\/#website\"},\"datePublished\":\"2024-08-26T22:23:52+00:00\",\"dateModified\":\"2026-02-16T16:04:37+00:00\",\"breadcrumb\":{\"@id\":\"https:\/\/nutritiondialogues.org\/es\/orientacion\/espacios-de-capacitacion-y-orientacion\/#breadcrumb\"},\"inLanguage\":\"es\",\"potentialAction\":[{\"@type\":\"ReadAction\",\"target\":[\"https:\/\/nutritiondialogues.org\/es\/orientacion\/espacios-de-capacitacion-y-orientacion\/\"]}]},{\"@type\":\"BreadcrumbList\",\"@id\":\"https:\/\/nutritiondialogues.org\/es\/orientacion\/espacios-de-capacitacion-y-orientacion\/#breadcrumb\",\"itemListElement\":[{\"@type\":\"ListItem\",\"position\":1,\"name\":\"Home\",\"item\":\"https:\/\/nutritiondialogues.org\/es\/\"},{\"@type\":\"ListItem\",\"position\":2,\"name\":\"Orientaci\u00f3n\",\"item\":\"https:\/\/nutritiondialogues.org\/es\/orientacion\/\"},{\"@type\":\"ListItem\",\"position\":3,\"name\":\"Espacios de Capacitaci\u00f3n y Orientaci\u00f3n\"}]},{\"@type\":\"WebSite\",\"@id\":\"https:\/\/nutritiondialogues.org\/#website\",\"url\":\"https:\/\/nutritiondialogues.org\/\",\"name\":\"Nutrition Dialogues\",\"description\":\"Gateway\",\"potentialAction\":[{\"@type\":\"SearchAction\",\"target\":{\"@type\":\"EntryPoint\",\"urlTemplate\":\"https:\/\/nutritiondialogues.org\/?s={search_term_string}\"},\"query-input\":{\"@type\":\"PropertyValueSpecification\",\"valueRequired\":true,\"valueName\":\"search_term_string\"}}],\"inLanguage\":\"es\"}]}<\/script>\n<!-- \/ Yoast SEO plugin. -->","yoast_head_json":{"title":"Espacios de Capacitaci\u00f3n y Orientaci\u00f3n - Nutrition Dialogues","robots":{"index":"index","follow":"follow","max-snippet":"max-snippet:-1","max-image-preview":"max-image-preview:large","max-video-preview":"max-video-preview:-1"},"canonical":"https:\/\/nutritiondialogues.org\/es\/orientacion\/espacios-de-capacitacion-y-orientacion\/","og_locale":"es_ES","og_type":"article","og_title":"Espacios de Capacitaci\u00f3n y Orientaci\u00f3n - Nutrition Dialogues","og_description":"[vc_row][vc_column][vc_column_text] Espacios de Capacitaci\u00f3n y Orientaci\u00f3n [\/vc_column_text][\/vc_column][\/vc_row][vc_row][vc_column][vc_column_text css=\u00bb\u00bb] Espacios Colectivos de Capacitaci\u00f3n y Orientaci\u00f3n en L\u00ednea Estamos organizando sesiones colectivas de capacitaci\u00f3n y orientaci\u00f3n en l\u00ednea para los Coordinadores, Curadores, Facilitadores y Responsables de Registro de los Di\u00e1logos sobre Nutrici\u00f3n. Estas sesiones est\u00e1n dise\u00f1adas para: Orientar a los Participantes: Proporcionar una visi\u00f3n general completa del&hellip;","og_url":"https:\/\/nutritiondialogues.org\/es\/orientacion\/espacios-de-capacitacion-y-orientacion\/","og_site_name":"Nutrition Dialogues","article_modified_time":"2026-02-16T16:04:37+00:00","twitter_card":"summary_large_image","twitter_misc":{"Tiempo de lectura":"2 minutos"},"schema":{"@context":"https:\/\/schema.org","@graph":[{"@type":"WebPage","@id":"https:\/\/nutritiondialogues.org\/es\/orientacion\/espacios-de-capacitacion-y-orientacion\/","url":"https:\/\/nutritiondialogues.org\/es\/orientacion\/espacios-de-capacitacion-y-orientacion\/","name":"Espacios de Capacitaci\u00f3n y Orientaci\u00f3n - Nutrition Dialogues","isPartOf":{"@id":"https:\/\/nutritiondialogues.org\/#website"},"datePublished":"2024-08-26T22:23:52+00:00","dateModified":"2026-02-16T16:04:37+00:00","breadcrumb":{"@id":"https:\/\/nutritiondialogues.org\/es\/orientacion\/espacios-de-capacitacion-y-orientacion\/#breadcrumb"},"inLanguage":"es","potentialAction":[{"@type":"ReadAction","target":["https:\/\/nutritiondialogues.org\/es\/orientacion\/espacios-de-capacitacion-y-orientacion\/"]}]},{"@type":"BreadcrumbList","@id":"https:\/\/nutritiondialogues.org\/es\/orientacion\/espacios-de-capacitacion-y-orientacion\/#breadcrumb","itemListElement":[{"@type":"ListItem","position":1,"name":"Home","item":"https:\/\/nutritiondialogues.org\/es\/"},{"@type":"ListItem","position":2,"name":"Orientaci\u00f3n","item":"https:\/\/nutritiondialogues.org\/es\/orientacion\/"},{"@type":"ListItem","position":3,"name":"Espacios de Capacitaci\u00f3n y Orientaci\u00f3n"}]},{"@type":"WebSite","@id":"https:\/\/nutritiondialogues.org\/#website","url":"https:\/\/nutritiondialogues.org\/","name":"Nutrition Dialogues","description":"Gateway","potentialAction":[{"@type":"SearchAction","target":{"@type":"EntryPoint","urlTemplate":"https:\/\/nutritiondialogues.org\/?s={search_term_string}"},"query-input":{"@type":"PropertyValueSpecification","valueRequired":true,"valueName":"search_term_string"}}],"inLanguage":"es"}]}},"acf":[],"_links":{"self":[{"href":"https:\/\/nutritiondialogues.org\/es\/wp-json\/wp\/v2\/pages\/53918"}],"collection":[{"href":"https:\/\/nutritiondialogues.org\/es\/wp-json\/wp\/v2\/pages"}],"about":[{"href":"https:\/\/nutritiondialogues.org\/es\/wp-json\/wp\/v2\/types\/page"}],"author":[{"embeddable":true,"href":"https:\/\/nutritiondialogues.org\/es\/wp-json\/wp\/v2\/users\/1384"}],"replies":[{"embeddable":true,"href":"https:\/\/nutritiondialogues.org\/es\/wp-json\/wp\/v2\/comments?post=53918"}],"version-history":[{"count":13,"href":"https:\/\/nutritiondialogues.org\/es\/wp-json\/wp\/v2\/pages\/53918\/revisions"}],"predecessor-version":[{"id":60128,"href":"https:\/\/nutritiondialogues.org\/es\/wp-json\/wp\/v2\/pages\/53918\/revisions\/60128"}],"up":[{"embeddable":true,"href":"https:\/\/nutritiondialogues.org\/es\/wp-json\/wp\/v2\/pages\/53871"}],"wp:attachment":[{"href":"https:\/\/nutritiondialogues.org\/es\/wp-json\/wp\/v2\/media?parent=53918"}],"curies":[{"name":"wp","href":"https:\/\/api.w.org\/{rel}","templated":true}]}}