{"id":53928,"date":"2024-08-26T17:30:42","date_gmt":"2024-08-26T22:30:42","guid":{"rendered":"https:\/\/nutritiondialogues.org\/?page_id=53928"},"modified":"2024-10-07T10:40:44","modified_gmt":"2024-10-07T15:40:44","slug":"preguntas-frecuentes","status":"publish","type":"page","link":"https:\/\/nutritiondialogues.org\/es\/vision-general\/preguntas-frecuentes\/","title":{"rendered":"Preguntas Frecuentes"},"content":{"rendered":"<div class=\"wpb-content-wrapper\"><p>[vc_row][vc_column][vc_column_text]<\/p>\n<h1>Preguntas Frecuentes<\/h1>\n<h3>\u00bfQu\u00e9 son los Di\u00e1logos sobre la Nutrici\u00f3n?<\/h3>\n<p>Bas\u00e1ndose en el exitoso proceso de los Di\u00e1logos del Sistema Alimentario del 2021, los Di\u00e1logos sobre la Nutrici\u00f3n est\u00e1n dise\u00f1ados como un programa global de conversaciones sobre nutrici\u00f3n que llevar\u00e1n las perspectivas y experiencias vividas de aquellos que est\u00e1n en mayor riesgo de desnutrici\u00f3n al frente de las discusiones sobre pol\u00edticas globales de nutrici\u00f3n. Los socios iniciadores de los Di\u00e1logos sobre la Nutrici\u00f3n son World Vision International y la Fundaci\u00f3n 4SD. Socios movilizadores se est\u00e1n uniendo al esfuerzo involucrando sus redes y organizando Di\u00e1logos de las partes interesadas y Talleres para ni\u00f1os.<\/p>\n<h3>\u00bfCu\u00e1l es el prop\u00f3sito de los Di\u00e1logos sobre la Nutrici\u00f3n y por qu\u00e9 ahora?<\/h3>\n<p>El prop\u00f3sito de los Di\u00e1logos sobre la Nutrici\u00f3n es aumentar el enfoque en los desaf\u00edos de garantizar la buena nutrici\u00f3n de mujeres y ni\u00f1os en entornos de bajos ingresos, y obtener sus puntos de vista, as\u00ed como las perspectivas de diversas partes interesadas sobre las formas de mejorar esta situaci\u00f3n, adem\u00e1s de fomentar una acci\u00f3n m\u00e1s ambiciosa, efectiva y responsable. El a\u00f1o 2025 es significativo, ya que la Cumbre de Nutrici\u00f3n para el Crecimiento (N4G) se llevar\u00e1 a cabo en Par\u00eds en marzo de 2025. Los resultados de los Di\u00e1logos sobre la Nutrici\u00f3n se sintetizar\u00e1n en informes globales y nacionales que se utilizar\u00e1n para influir en el proceso de N4G y m\u00e1s all\u00e1.<\/p>\n<h3>\u00bfA qu\u00e9 voces buscan elevar y amplificar los Di\u00e1logos sobre la Nutrici\u00f3n?<\/h3>\n<p>Es particularmente importante que se escuchen las voces de mujeres y ni\u00f1os, ya que a menudo son los grupos de personas que est\u00e1n en mayor riesgo de desnutrici\u00f3n y que rara vez se incluyen en las discusiones locales, nacionales o globales sobre qu\u00e9 acciones tienen el mayor impacto en su nutrici\u00f3n.<\/p>\n<h3>\u00bfCu\u00e1ndo se llevar\u00e1n a cabo estos Di\u00e1logos sobre nutrici\u00f3n y a cu\u00e1ntas personas se pretende llegar?<\/h3>\n<p>El programa de Di\u00e1logos de la nutrici\u00f3n se lanz\u00f3 formalmente en agosto de 2024, sin embargo, todos los eventos de di\u00e1logo relacionados con la nutrici\u00f3n que se hayan realizado en 2024 pueden incluirse, siempre que respeten los principios de participaci\u00f3n.<\/p>\n<p>Todos los formularios de realimentaci\u00f3n\u00a0cargados en el portal de Di\u00e1logos de la nutrici\u00f3n, antes de fines de diciembre de 2024, se incluir\u00e1n en el informe de s\u00edntesis global que se utilizar\u00e1 para influir en la Cumbre de Nutrici\u00f3n para el Crecimiento que se llevar\u00e1 a cabo en marzo de 2025.<\/p>\n<h3>\u00bfCu\u00e1ntos Di\u00e1logos sobre la Nutrici\u00f3n habr\u00e1 y d\u00f3nde tendr\u00e1n lugar?<\/h3>\n<p>El objetivo es tener al menos 200 Di\u00e1logos sobre la Nutrici\u00f3n en 50 pa\u00edses (con cada Di\u00e1logo involucrando a alrededor de 30 participantes). Esperamos que muchas organizaciones se unan y que el programa supere con creces este n\u00famero.<\/p>\n<h3>\u00bfQui\u00e9n puede organizar y participar en los Di\u00e1logos sobre la Nutrici\u00f3n?<\/h3>\n<p>El programa de los Di\u00e1logos sobre la Nutrici\u00f3n est\u00e1 abierto a cualquier persona que desee contribuir al discurso global sobre la nutrici\u00f3n de las personas organizando un Di\u00e1logo de las partes interesadas o un Taller para ni\u00f1os.<br \/>\nNo hay restricciones para convertirse en un <strong>Organizador de un evento de Di\u00e1logo de las partes interesadas<\/strong>, siempre que se adhiera a los <a href=\"https:\/\/nutritiondialogues.org\/principles-of-engagement\/\">Principios de Participaci\u00f3n<\/a>. Si desea organizar un Di\u00e1logo de las partes interesadas, su primer paso es registrarse en el portal de los Di\u00e1logos sobre la Nutrici\u00f3n <a href=\"https:\/\/nutritiondialogues.org\/portal\/\">aqu\u00ed<\/a>.<\/p>\n<p>Aquellos que deseen <strong>organizar un evento de Taller para ni\u00f1os<\/strong> tambi\u00e9n deben cumplir con requisitos adicionales de protecci\u00f3n infantil. Puede encontrar m\u00e1s informaci\u00f3n en el Marco de Protecci\u00f3n Infantil (ver <a href=\"https:\/\/nutritiondialogues.org\/guidance\/guidance-resources\/\">Recursos de Orientaci\u00f3n<\/a>).<\/p>\n<p>Es importante tener en cuenta que el rol de Organizador es un compromiso voluntario valioso; los individuos lo desempe\u00f1an como parte de su trabajo actual o voluntariamente ofrecen generosamente su tiempo para lograr un impacto significativo.<\/p>\n<h3>\u00bfQu\u00e9 es el Portal de los Di\u00e1logos sobre la Nutrici\u00f3n?<\/h3>\n<p>Este Portal de los Di\u00e1logos sobre la Nutrici\u00f3n es una plataforma dedicada que es gratuita, segura y impulsada por la comunidad. Permite a los Organizadores de todo el mundo anunciar sus eventos de Di\u00e1logo y publicar los comentarios correspondientes en el dominio p\u00fablico. Al hacer que estos datos est\u00e9n disponibles p\u00fablicamente, los datos de los eventos de los Di\u00e1logos sobre la Nutrici\u00f3n contribuyen a un repositorio de resultados que puede informar activamente las respuestas a los desaf\u00edos de la nutrici\u00f3n.<br \/>\nEl Portal tambi\u00e9n sirve como el lugar central para toda la informaci\u00f3n relacionada con el programa de los Di\u00e1logos sobre la Nutrici\u00f3n, incluidas las <a href=\"https:\/\/nutritiondialogues.org\/guidance\/guidance-resources\/\">gu\u00edas de orientaci\u00f3n<\/a>, as\u00ed como las <a href=\"https:\/\/nutritiondialogues.org\/news\/\">actualizaciones y anuncios<\/a>. Los usuarios registrados tienen acceso a una mesa de ayuda para cualquier pregunta o problema.<\/p>\n<p>Para mediados de agosto, las gu\u00edas de orientaci\u00f3n estar\u00e1n disponibles en ingl\u00e9s, espa\u00f1ol y franc\u00e9s. Los Organizadores son libres de traducir los materiales a los idiomas locales, pero desafortunadamente no hay un fondo central de recursos financieros para apoyar esto.<\/p>\n<h3>\u00bfC\u00f3mo est\u00e1n estructurados los Di\u00e1logos sobre la Nutrici\u00f3n?<\/h3>\n<p>El programa de los Di\u00e1logos sobre la Nutrici\u00f3n consta de dos actividades diferentes: los Di\u00e1logos de las partes interesadas y los Talleres para ni\u00f1os.<\/p>\n<h3>\u00bfQu\u00e9 son los Di\u00e1logos de las partes interesadas?<\/h3>\n<p>Los Di\u00e1logos de las partes interesadas son oportunidades para que diversos participantes se involucren en un di\u00e1logo dentro de un grupo espec\u00edfico de partes interesadas (por ejemplo, entre grupos de mujeres o entre agricultores) o reuniendo a m\u00faltiples partes interesadas (como agricultores, negocios locales, sociedad civil, escuelas, autoridades locales, gobierno nacional, cient\u00edficos y grupos religiosos). La duraci\u00f3n de los Di\u00e1logos de las partes interesadas es de 2.5-3 horas, incluyendo 75-90 minutos asignados al grupo de discusi\u00f3n. Se recomienda que el n\u00famero de participantes sea de aproximadamente 30-40, divididos en 3-4 grupos de discusi\u00f3n de 8 a 10 participantes cada uno. Los Di\u00e1logos de las partes interesadas ser\u00e1n facilitados por un organizador, un curador, facilitadores para cada grupo de discusi\u00f3n y un encargado de registro. <a href=\"https:\/\/nutritiondialogues.org\/guidance\/stakeholder-dialogues\/\">M\u00e1s informaci\u00f3n &gt;<\/a><\/p>\n<h3>\u00bfQu\u00e9 son los Talleres para ni\u00f1os?<\/h3>\n<p>Los Talleres para ni\u00f1os re\u00fanen a ni\u00f1os de 12 a 18 a\u00f1os utilizando una metodolog\u00eda espec\u00edfica que es apropiada para su edad y sensible a las necesidades espec\u00edficas de los ni\u00f1os y j\u00f3venes. La duraci\u00f3n es de 1.5 horas, con 60 minutos asignados a las secciones de exploraci\u00f3n e ideas y soluciones. Aunque los Talleres para ni\u00f1os suelen ser organizados por un facilitador adulto (por ejemplo, un miembro de la comunidad, un maestro, un funcionario de una ONG local, etc.), tambi\u00e9n pueden ser organizados y facilitados por un ni\u00f1o o joven. Los Organizadores de todos los Talleres para ni\u00f1os deben adherirse a las normas de protecci\u00f3n infantil y a los protocolos de comportamiento para garantizar que la participaci\u00f3n de los ni\u00f1os y j\u00f3venes sea \u00e9tica, segura, inclusiva, sensible a los riesgos y respetuosa de los valores y culturas locales. <a href=\"https:\/\/nutritiondialogues.org\/guidance\/childrens-workshops\/\">M\u00e1s informaci\u00f3n &gt;<\/a><\/p>\n<h3>\u00bfHabr\u00e1 sesiones de capacitaci\u00f3n y orientaci\u00f3n para los convocadores de los Di\u00e1logos de la nutrici\u00f3n?<\/h3>\n<p>S\u00ed. Hay espacios colectivos de capacitaci\u00f3n y orientaci\u00f3n en l\u00ednea para convocadores, curadores, facilitadores y encargados de registros de los Di\u00e1logos de la nutrici\u00f3n. Estos espacios est\u00e1n dise\u00f1ados para orientar a quienes participan en la organizaci\u00f3n de un evento de Di\u00e1logo de la nutrici\u00f3n sobre el proceso general, fortalecer sus capacidades y permitirles aprender de las experiencias de otros. Tienen una duraci\u00f3n m\u00e1xima de dos horas y est\u00e1n dise\u00f1ados como sesiones\u00a0interactivas, con tiempo suficiente para que los participantes compartan sus experiencias, lecciones y desaf\u00edos y se conecten entre s\u00ed.<\/p>\n<p>Para inscribirse en una de las pr\u00f3ximas sesiones, inicie sesi\u00f3n en el Portal y visite la secci\u00f3n <a href=\"https:\/\/nutritiondialogues.org\/es\/orientacion\/espacios-de-capacitacion-y-orientacion\/\">Espacios de capacitaci\u00f3n y orientaci\u00f3n<\/a> de su perfil.<\/p>\n<h3>\u00bfC\u00f3mo contribuir\u00e1n los Di\u00e1logos sobre la Nutrici\u00f3n a N4G e influir\u00e1n en la gobernanza de N4G?<\/h3>\n<p>Un conjunto de actividades de comunicaci\u00f3n y participaci\u00f3n comenzar\u00e1 en la Reuni\u00f3n Global del Movimiento SUN en Kigali en noviembre de 2024 y se acelerar\u00e1 a medida que se acerque N4G en marzo de 2025. En la Aldea de Soluciones Nutricionales en N4G en Par\u00eds, estos mensajes clave se presentar\u00e1n visualmente y personalmente por algunos participantes de los eventos de di\u00e1logo. Los socios de los Di\u00e1logos sobre la Nutrici\u00f3n desarrollar\u00e1n materiales de comunicaci\u00f3n dedicados que se podr\u00e1n compartir con los responsables locales y nacionales, as\u00ed como incorporar en campa\u00f1as de defensa actuales y futuras.<br \/>\nEl informe de s\u00edntesis global se difundir\u00e1 y socializar\u00e1 antes de la Cumbre N4G para informar a diferentes tipos de tomadores de decisiones. Planeamos tener un espacio dentro de la Cumbre para mostrar una curadur\u00eda de los Di\u00e1logos y el informe de s\u00edntesis. Aprovecharemos la evidencia sintetizada de los Di\u00e1logos para continuar reuni\u00e9ndonos con las partes interesadas para discutir los resultados de los di\u00e1logos y comparar esas recomendaciones con los compromisos asumidos en la Cumbre. Se desarrollar\u00e1n y comunicar\u00e1n en su momento planes m\u00e1s detallados para la participaci\u00f3n antes, durante y despu\u00e9s de N4G, incluida la participaci\u00f3n de ni\u00f1os.<\/p>\n<h3>\u00bfSe proporcionar\u00e1n los temas de los Di\u00e1logos sobre la Nutrici\u00f3n?<\/h3>\n<p>El enfoque sugerido es que los Di\u00e1logos sobre la Nutrici\u00f3n sean dirigidos por los participantes y que los Organizadores y Facilitadores no busquen controlar la conversaci\u00f3n. De esta manera, los Di\u00e1logos reflejar\u00e1n las condiciones locales, sentimientos y prioridades. El m\u00e9todo de los Di\u00e1logos de las partes interesadas incluye orientaci\u00f3n para los Organizadores que deseen establecer un \u00abtema de di\u00e1logo\u00bb que pueda ayudar a los Participantes a establecer un estado futuro compartido.<\/p>\n<h3>\u00bfSe pueden grabar los Di\u00e1logos sobre la Nutrici\u00f3n en video y se tomar\u00e1n fotos con fines de comunicaci\u00f3n?<\/h3>\n<p>Este es un programa p\u00fablico abierto, y se anima a los Organizadores a comunicar sobre su Di\u00e1logo sobre la Nutrici\u00f3n antes, durante y despu\u00e9s del evento en s\u00ed. Aconsejamos mantener los grupos de discusi\u00f3n privados y un espacio seguro, pero <strong>lo que ocurra en las sesiones plenarias puede ser p\u00fablico y capturado en videos o fotos, siempre y cuando las posiciones y perspectivas no se atribuyan a ninguna persona u organizaci\u00f3n espec\u00edfica<\/strong>, y los participantes hayan dado su consentimiento.<br \/>\nNo se recomienda tomar fotos y videos de ni\u00f1os y j\u00f3venes menores de 18 a\u00f1os.<\/p>\n<h3>\u00bfC\u00f3mo se recopilar\u00e1n los resultados de los Di\u00e1logos sobre la Nutrici\u00f3n?<\/h3>\n<p>Los resultados se recopilar\u00e1n a trav\u00e9s de un Formulario de Retroalimentaci\u00f3n, que es una plantilla estandarizada, para todos los eventos y es la misma para que todos la utilicen. El Formulario de Retroalimentaci\u00f3n est\u00e1 dise\u00f1ado para ser lo m\u00e1s abierto posible y adaptable a los contextos locales. Las gu\u00edas sobre c\u00f3mo completar el Formulario de Retroalimentaci\u00f3n est\u00e1n disponibles en el Marco de Retroalimentaci\u00f3n relevante (ver <a href=\"https:\/\/nutritiondialogues.org\/guidance\/guidance-resources\/\">Recursos de Orientaci\u00f3n<\/a>).<br \/>\nUna vez publicado en el portal, el Formulario de Retroalimentaci\u00f3n estar\u00e1 disponible p\u00fablicamente para an\u00e1lisis y aprendizaje. Los Formularios de Retroalimentaci\u00f3n se pueden enviar en cualquier idioma; sin embargo, los formularios que no se env\u00eden en ingl\u00e9s, franc\u00e9s o espa\u00f1ol se traducir\u00e1n utilizando herramientas en l\u00ednea.<\/p>\n<p>La plantilla del Formulario de Retroalimentaci\u00f3n est\u00e1 disponible en ingl\u00e9s, franc\u00e9s y espa\u00f1ol.<\/p>\n<h3>\u00bfC\u00f3mo se preparar\u00e1 el informe de s\u00edntesis?<\/h3>\n<p>Los Formularios de Retroalimentaci\u00f3n que se hayan subido al Portal de los Di\u00e1logos sobre la Nutrici\u00f3n antes de finales de diciembre de 2024 se sintetizar\u00e1n antes de N4G 2025. El informe de s\u00edntesis destacar\u00e1 los desaf\u00edos relacionados con la nutrici\u00f3n que enfrentan las mujeres, los ni\u00f1os y otras diversas partes interesadas. La preparaci\u00f3n de la s\u00edntesis implicar\u00e1 varios pasos para la codificaci\u00f3n de datos, an\u00e1lisis e identificaci\u00f3n de patrones y temas a trav\u00e9s de los Di\u00e1logos (y por pa\u00eds).<br \/>\nSe utilizar\u00e1 un enfoque estandarizado para codificar los datos cualitativos a fin de permitir un an\u00e1lisis cuantitativo. El informe de s\u00edntesis expondr\u00e1 los mensajes clave de los Di\u00e1logos sobre la Nutrici\u00f3n, especialmente las perspectivas de mujeres y ni\u00f1os sobre los problemas que enfrentan para mantener su propia nutrici\u00f3n y la de sus hijos. Estos mensajes se llevar\u00e1n primero al frente de las discusiones de N4G y luego a los compromisos nacionales. El plan es que habr\u00e1 un informe global y que tambi\u00e9n se desarrollar\u00e1n informes de s\u00edntesis a nivel de pa\u00eds.<\/p>\n<h3>\u00bfPuedo comunicar sobre mi evento de Di\u00e1logo de la nutrici\u00f3n en las redes sociales?<\/h3>\n<p>\u00a1S\u00ed! El uso de las redes sociales antes de su Di\u00e1logo puede ayudar a facilitar las conexiones y estimular el entusiasmo y la reflexi\u00f3n. Despu\u00e9s del evento, puede ser una excelente manera de celebrar y amplificar los resultados. Los canales de redes sociales, incluidos X (anteriormente Twitter), Facebook, Instagram y LinkedIn, son solo algunas plataformas para la interacci\u00f3n, el intercambio de contenido y la colaboraci\u00f3n. Al comunicar p\u00fablicamente sobre su evento, se recuerda a los convocadores que siempre respeten la privacidad de los participantes del evento; esto es especialmente importante para ni\u00f1os, ni\u00f1as y j\u00f3venes.<\/p>\n<p>Se alienta a los convocadores a utilizar <strong>#NutritionDialogues<\/strong> para ayudar a amplificar la visibilidad de este esfuerzo global. Puede encontrar plantillas que puede utilizar en el tablero de Trello de los <strong><a href=\"https:\/\/trello.com\/b\/8cQBwTFw\/nutrition-dialogues-communications\">Di\u00e1logos de la Nutrici\u00f3n<\/a><\/strong>. Los convocadores pueden adoptar y adaptar el logotipo a sus eventos y contextos locales; sin embargo, deben respetar el manual de marca en el tablero de Trello y <strong><a href=\"https:\/\/nutritiondialogues.org\/es\/principios-de-compromiso\/\">los principios de participaci\u00f3n<\/a> <\/strong>al comunicar sobre los Di\u00e1logos de la nutrici\u00f3n.[\/vc_column_text][\/vc_column][\/vc_row]<\/p>\n<\/div>","protected":false},"excerpt":{"rendered":"<p>[vc_row][vc_column][vc_column_text] Preguntas Frecuentes \u00bfQu\u00e9 son los Di\u00e1logos sobre la Nutrici\u00f3n? Bas\u00e1ndose en el exitoso proceso de los Di\u00e1logos del Sistema Alimentario del 2021, los Di\u00e1logos sobre la Nutrici\u00f3n est\u00e1n dise\u00f1ados como un programa global de conversaciones sobre nutrici\u00f3n que llevar\u00e1n las perspectivas y experiencias vividas de aquellos que est\u00e1n en mayor riesgo de desnutrici\u00f3n al&hellip;<\/p>\n","protected":false},"author":1384,"featured_media":0,"parent":53945,"menu_order":0,"comment_status":"closed","ping_status":"closed","template":"","meta":{"_acf_changed":false,"footnotes":""},"class_list":["post-53928","page","type-page","status-publish","hentry","description-off"],"yoast_head":"<!-- This site is optimized with the Yoast SEO plugin v23.7 - https:\/\/yoast.com\/wordpress\/plugins\/seo\/ -->\n<title>Preguntas Frecuentes - Nutrition Dialogues<\/title>\n<meta name=\"robots\" content=\"index, follow, max-snippet:-1, max-image-preview:large, max-video-preview:-1\" \/>\n<link rel=\"canonical\" href=\"https:\/\/nutritiondialogues.org\/es\/vision-general\/preguntas-frecuentes\/\" \/>\n<meta property=\"og:locale\" content=\"es_ES\" \/>\n<meta property=\"og:type\" content=\"article\" \/>\n<meta property=\"og:title\" content=\"Preguntas Frecuentes - Nutrition Dialogues\" \/>\n<meta property=\"og:description\" content=\"[vc_row][vc_column][vc_column_text] Preguntas Frecuentes \u00bfQu\u00e9 son los Di\u00e1logos sobre la Nutrici\u00f3n? Bas\u00e1ndose en el exitoso proceso de los Di\u00e1logos del Sistema Alimentario del 2021, los Di\u00e1logos sobre la Nutrici\u00f3n est\u00e1n dise\u00f1ados como un programa global de conversaciones sobre nutrici\u00f3n que llevar\u00e1n las perspectivas y experiencias vividas de aquellos que est\u00e1n en mayor riesgo de desnutrici\u00f3n al&hellip;\" \/>\n<meta property=\"og:url\" content=\"https:\/\/nutritiondialogues.org\/es\/vision-general\/preguntas-frecuentes\/\" \/>\n<meta property=\"og:site_name\" content=\"Nutrition Dialogues\" \/>\n<meta property=\"article:modified_time\" content=\"2024-10-07T15:40:44+00:00\" \/>\n<meta name=\"twitter:card\" content=\"summary_large_image\" \/>\n<meta name=\"twitter:label1\" content=\"Tiempo de lectura\" \/>\n\t<meta name=\"twitter:data1\" content=\"10 minutos\" \/>\n<script type=\"application\/ld+json\" class=\"yoast-schema-graph\">{\"@context\":\"https:\/\/schema.org\",\"@graph\":[{\"@type\":\"WebPage\",\"@id\":\"https:\/\/nutritiondialogues.org\/es\/vision-general\/preguntas-frecuentes\/\",\"url\":\"https:\/\/nutritiondialogues.org\/es\/vision-general\/preguntas-frecuentes\/\",\"name\":\"Preguntas Frecuentes - Nutrition Dialogues\",\"isPartOf\":{\"@id\":\"https:\/\/nutritiondialogues.org\/#website\"},\"datePublished\":\"2024-08-26T22:30:42+00:00\",\"dateModified\":\"2024-10-07T15:40:44+00:00\",\"breadcrumb\":{\"@id\":\"https:\/\/nutritiondialogues.org\/es\/vision-general\/preguntas-frecuentes\/#breadcrumb\"},\"inLanguage\":\"es\",\"potentialAction\":[{\"@type\":\"ReadAction\",\"target\":[\"https:\/\/nutritiondialogues.org\/es\/vision-general\/preguntas-frecuentes\/\"]}]},{\"@type\":\"BreadcrumbList\",\"@id\":\"https:\/\/nutritiondialogues.org\/es\/vision-general\/preguntas-frecuentes\/#breadcrumb\",\"itemListElement\":[{\"@type\":\"ListItem\",\"position\":1,\"name\":\"Home\",\"item\":\"https:\/\/nutritiondialogues.org\/es\/\"},{\"@type\":\"ListItem\",\"position\":2,\"name\":\"Visi\u00f3n general\",\"item\":\"https:\/\/nutritiondialogues.org\/es\/vision-general\/\"},{\"@type\":\"ListItem\",\"position\":3,\"name\":\"Preguntas Frecuentes\"}]},{\"@type\":\"WebSite\",\"@id\":\"https:\/\/nutritiondialogues.org\/#website\",\"url\":\"https:\/\/nutritiondialogues.org\/\",\"name\":\"Nutrition Dialogues\",\"description\":\"Gateway\",\"potentialAction\":[{\"@type\":\"SearchAction\",\"target\":{\"@type\":\"EntryPoint\",\"urlTemplate\":\"https:\/\/nutritiondialogues.org\/?s={search_term_string}\"},\"query-input\":{\"@type\":\"PropertyValueSpecification\",\"valueRequired\":true,\"valueName\":\"search_term_string\"}}],\"inLanguage\":\"es\"}]}<\/script>\n<!-- \/ Yoast SEO plugin. -->","yoast_head_json":{"title":"Preguntas Frecuentes - Nutrition Dialogues","robots":{"index":"index","follow":"follow","max-snippet":"max-snippet:-1","max-image-preview":"max-image-preview:large","max-video-preview":"max-video-preview:-1"},"canonical":"https:\/\/nutritiondialogues.org\/es\/vision-general\/preguntas-frecuentes\/","og_locale":"es_ES","og_type":"article","og_title":"Preguntas Frecuentes - Nutrition Dialogues","og_description":"[vc_row][vc_column][vc_column_text] Preguntas Frecuentes \u00bfQu\u00e9 son los Di\u00e1logos sobre la Nutrici\u00f3n? Bas\u00e1ndose en el exitoso proceso de los Di\u00e1logos del Sistema Alimentario del 2021, los Di\u00e1logos sobre la Nutrici\u00f3n est\u00e1n dise\u00f1ados como un programa global de conversaciones sobre nutrici\u00f3n que llevar\u00e1n las perspectivas y experiencias vividas de aquellos que est\u00e1n en mayor riesgo de desnutrici\u00f3n al&hellip;","og_url":"https:\/\/nutritiondialogues.org\/es\/vision-general\/preguntas-frecuentes\/","og_site_name":"Nutrition Dialogues","article_modified_time":"2024-10-07T15:40:44+00:00","twitter_card":"summary_large_image","twitter_misc":{"Tiempo de lectura":"10 minutos"},"schema":{"@context":"https:\/\/schema.org","@graph":[{"@type":"WebPage","@id":"https:\/\/nutritiondialogues.org\/es\/vision-general\/preguntas-frecuentes\/","url":"https:\/\/nutritiondialogues.org\/es\/vision-general\/preguntas-frecuentes\/","name":"Preguntas Frecuentes - Nutrition Dialogues","isPartOf":{"@id":"https:\/\/nutritiondialogues.org\/#website"},"datePublished":"2024-08-26T22:30:42+00:00","dateModified":"2024-10-07T15:40:44+00:00","breadcrumb":{"@id":"https:\/\/nutritiondialogues.org\/es\/vision-general\/preguntas-frecuentes\/#breadcrumb"},"inLanguage":"es","potentialAction":[{"@type":"ReadAction","target":["https:\/\/nutritiondialogues.org\/es\/vision-general\/preguntas-frecuentes\/"]}]},{"@type":"BreadcrumbList","@id":"https:\/\/nutritiondialogues.org\/es\/vision-general\/preguntas-frecuentes\/#breadcrumb","itemListElement":[{"@type":"ListItem","position":1,"name":"Home","item":"https:\/\/nutritiondialogues.org\/es\/"},{"@type":"ListItem","position":2,"name":"Visi\u00f3n general","item":"https:\/\/nutritiondialogues.org\/es\/vision-general\/"},{"@type":"ListItem","position":3,"name":"Preguntas Frecuentes"}]},{"@type":"WebSite","@id":"https:\/\/nutritiondialogues.org\/#website","url":"https:\/\/nutritiondialogues.org\/","name":"Nutrition Dialogues","description":"Gateway","potentialAction":[{"@type":"SearchAction","target":{"@type":"EntryPoint","urlTemplate":"https:\/\/nutritiondialogues.org\/?s={search_term_string}"},"query-input":{"@type":"PropertyValueSpecification","valueRequired":true,"valueName":"search_term_string"}}],"inLanguage":"es"}]}},"acf":[],"_links":{"self":[{"href":"https:\/\/nutritiondialogues.org\/es\/wp-json\/wp\/v2\/pages\/53928"}],"collection":[{"href":"https:\/\/nutritiondialogues.org\/es\/wp-json\/wp\/v2\/pages"}],"about":[{"href":"https:\/\/nutritiondialogues.org\/es\/wp-json\/wp\/v2\/types\/page"}],"author":[{"embeddable":true,"href":"https:\/\/nutritiondialogues.org\/es\/wp-json\/wp\/v2\/users\/1384"}],"replies":[{"embeddable":true,"href":"https:\/\/nutritiondialogues.org\/es\/wp-json\/wp\/v2\/comments?post=53928"}],"version-history":[{"count":3,"href":"https:\/\/nutritiondialogues.org\/es\/wp-json\/wp\/v2\/pages\/53928\/revisions"}],"predecessor-version":[{"id":54809,"href":"https:\/\/nutritiondialogues.org\/es\/wp-json\/wp\/v2\/pages\/53928\/revisions\/54809"}],"up":[{"embeddable":true,"href":"https:\/\/nutritiondialogues.org\/es\/wp-json\/wp\/v2\/pages\/53945"}],"wp:attachment":[{"href":"https:\/\/nutritiondialogues.org\/es\/wp-json\/wp\/v2\/media?parent=53928"}],"curies":[{"name":"wp","href":"https:\/\/api.w.org\/{rel}","templated":true}]}}