{"id":53934,"date":"2024-08-26T17:43:11","date_gmt":"2024-08-26T22:43:11","guid":{"rendered":"https:\/\/nutritiondialogues.org\/?page_id=53934"},"modified":"2024-08-29T07:05:04","modified_gmt":"2024-08-29T12:05:04","slug":"la-importancia-de-una-buena-nutricion","status":"publish","type":"page","link":"https:\/\/nutritiondialogues.org\/es\/vision-general\/la-importancia-de-una-buena-nutricion\/","title":{"rendered":"La importancia de una buena nutrici\u00f3n"},"content":{"rendered":"<div class=\"wpb-content-wrapper\"><p>[vc_row][vc_column][vc_column_text]<\/p>\n<h1>La importancia de una buena nutrici\u00f3n<\/h1>\n<p>Las personas necesitan estar bien nutridas para evitar enfermedades, estar saludables y alcanzar su m\u00e1ximo potencial.Mejorar la nutrici\u00f3n conduce a sistemas inmunol\u00f3gicos m\u00e1s fuertes, embarazos m\u00e1s seguros, menor riesgo de enfermedades no transmisibles (como la diabetes y las enfermedades cardiovasculares) y una vida m\u00e1s larga. Los ni\u00f1os sanos aprenden mejor y los adultos bien nutridos son m\u00e1s productivos. Mejorar la nutrici\u00f3n puede romper los ciclos de pobreza y hambre entre generaciones<sup>1<\/sup>. Al mismo tiempo, la aceleraci\u00f3n del cambio clim\u00e1tico, el uso de la violencia para resolver conflictos, el aumento del costo de vida y la pandemia de COVID-19 han sacudido los sistemas alimentarios y financieros, lo que ha resultado en un aumento del n\u00famero de personas malnutridas. Las mujeres y los ni\u00f1os est\u00e1n especialmente en riesgo<sup>2<\/sup>.<\/p>\n<p>A nivel mundial, 2,33 mil millones de personas (o el 29 por ciento de la poblaci\u00f3n de nuestro planeta) no tuvieron acceso constante a alimentos nutritivos, seguros y suficientes. Entre los ni\u00f1os menores de cinco a\u00f1os, se estima que 148,1 millones (22,3 por ciento) ten\u00edan retraso en el crecimiento (demasiado bajos para su edad), 45 millones (6,8 por ciento) ten\u00edan emaciaci\u00f3n (demasiado delgados para su edad) y 37 millones (5,6 por ciento) ten\u00edan sobrepeso<sup>3<\/sup>. El mundo no est\u00e1 en camino de alcanzar los objetivos globales de nutrici\u00f3n de los Objetivos de Desarrollo Sostenible (ODS) para 2030. La malnutrici\u00f3n es una gran carga para las personas y las sociedades. Los impactos en el desarrollo, econ\u00f3mico, social y m\u00e9dico de la malnutrici\u00f3n son serios y duraderos, para los individuos y sus familias, para las comunidades y para los pa\u00edses<sup>4<\/sup>.[\/vc_column_text][\/vc_column][\/vc_row][vc_row][vc_column width=\u00bb2\/3&#8243;][vc_column_text css=\u00bb.vc_custom_1722263041815{padding-top: 20px !important;padding-right: 20px !important;padding-bottom: 20px !important;padding-left: 20px !important;background-color: #5e85ff !important;}\u00bb el_class=\u00bbwhite-bullets\u00bb]<span style=\"color: #ffffff;\">Al inicio de los eventos de Di\u00e1logo sobre la Nutrici\u00f3n, establecer una base para discusiones e intervenciones informadas puede proporcionar una base s\u00f3lida para abordar los desaf\u00edos nutricionales locales.<\/span><br \/>\n<span style=\"color: #ffffff;\">Para los Di\u00e1logos de las partes interesadas, estas presentaciones est\u00e1n disponibles para ayudar a los Organizadores a preparar este encuadre nutricional, cubriendo dos aspectos:<\/span><\/p>\n<ul>\n<li><span style=\"color: #ffffff;\"><strong>Introducci\u00f3n a la Nutrici\u00f3n:<\/strong> Una presentaci\u00f3n introductoria sobre qu\u00e9 es la nutrici\u00f3n, los datos mundiales sobre la nutrici\u00f3n y las oportunidades que una buena nutrici\u00f3n presenta para las sociedades y el futuro.<\/span><\/li>\n<li><span style=\"color: #ffffff;\"><strong>Estado de la Nutrici\u00f3n (plantilla)<\/strong>: Una diapositiva PowerPoint preformateada para que los Organizadores ingresen su informaci\u00f3n local o nacional sobre el estado nutricional para presentarla a los Participantes el d\u00eda del evento.<\/span><\/li>\n<\/ul>\n<p><span style=\"color: #ffffff;\">Para los Talleres para ni\u00f1os, la presentaci\u00f3n <strong>Gu\u00eda de Encuadre Nutricional<\/strong> proporciona orientaci\u00f3n para los Organizadores sobre c\u00f3mo enmarcar el tema de la nutrici\u00f3n para ni\u00f1os y j\u00f3venes y c\u00f3mo puede adaptarse al contexto local.<\/span>[\/vc_column_text][\/vc_column][vc_column width=\u00bb1\/3&#8243;][vc_single_image image=\u00bb53527&#8243; img_size=\u00bbfull\u00bb onclick=\u00bbcustom_link\u00bb img_link_target=\u00bb_blank\u00bb link=\u00bbhttps:\/\/nutritiondialogues.org\/wp-content\/uploads\/2024\/07\/Introduction-to-Nutrition-Slideset.pptx\u00bb][vc_column_text css=\u00bb.vc_custom_1724933088090{padding-right: 20px !important;padding-left: 20px !important;}\u00bb el_class=\u00bbwhite-bullets\u00bb]Descargar PPT: <a href=\"https:\/\/nutritiondialogues.org\/wp-content\/uploads\/2024\/07\/Introduction-to-Nutrition-Slideset.pptx\" target=\"_blank\" rel=\"noopener\">English<\/a>\u00a0|\u00a0<a href=\"https:\/\/nutritiondialogues.org\/wp-content\/uploads\/2024\/08\/FR-Introduction-to-Nutrition-Slideset-2.pptx\" target=\"_blank\" rel=\"noopener\">Fran\u00e7ais<\/a>\u00a0|\u00a0<a href=\"https:\/\/nutritiondialogues.org\/wp-content\/uploads\/2024\/08\/SP-Introduction-to-Nutrition-Slideset.pptx\" target=\"_blank\" rel=\"noopener\">Espa\u00f1ol<\/a>[\/vc_column_text][vc_single_image image=\u00bb53533&#8243; img_size=\u00bbfull\u00bb onclick=\u00bbcustom_link\u00bb img_link_target=\u00bb_blank\u00bb link=\u00bbhttps:\/\/nutritiondialogues.org\/wp-content\/uploads\/2024\/07\/Nutrition-Status-Template.pptx\u00bb][vc_column_text css=\u00bb.vc_custom_1724933101641{padding-right: 20px !important;padding-left: 20px !important;}\u00bb el_class=\u00bbwhite-bullets\u00bb]Descargar diapositiva: <a href=\"https:\/\/nutritiondialogues.org\/wp-content\/uploads\/2024\/07\/Nutrition-Status-Template.pptx\" target=\"_blank\" rel=\"noopener\">English<\/a>\u00a0|\u00a0<a href=\"https:\/\/nutritiondialogues.org\/wp-content\/uploads\/2024\/08\/FR-Nutrition-Status-Template.pptx\" target=\"_blank\" rel=\"noopener\">Fran\u00e7ais<\/a>\u00a0|\u00a0<a href=\"https:\/\/nutritiondialogues.org\/wp-content\/uploads\/2024\/08\/SP-Nutrition-Status-Template.pptx\" target=\"_blank\" rel=\"noopener\">Espa\u00f1ol<\/a>[\/vc_column_text][\/vc_column][\/vc_row][vc_row][vc_column][vc_column_text]<small> 1. WHO Nutrition Overview https:\/\/www.who.int\/health-topics\/nutrition#tab=tab_1 [consultado el 19 de junio de 2024] 2. UNICEF, Programa Mundial de Alimentos (PMA), Standing Together for Nutrition (ST4N), Micronutrient Forum (MNF). Global resilience report: Safeguarding the nutrition of vulnerable children, women, families and communities in the context of polycrisis. Washington, DC: MNF; 2024. <a href=\"https:\/\/www.wfp.org\/publications\/global-resilience-report\" target=\"_blank\" rel=\"noopener\">https:\/\/www.wfp.org\/publications\/global-resilience-report<\/a> 3. FAO, FIDA, UNICEF, PMA y OMS. 2024. The State of Food Security and Nutrition in the World 2024. Financing to end hunger, food insecurity and malnutrition in all its forms. Rome. <a href=\"https:\/\/doi.org\/10.4060\/cd1254en\" target=\"_blank\" rel=\"noopener\">https:\/\/doi.org\/10.4060\/cd1254en<\/a> 4. OMS, Malnutrition. 2024. <a href=\"https:\/\/www.who.int\/news-room\/fact-sheets\/detail\/malnutrition\" target=\"_blank\" rel=\"noopener\">https:\/\/www.who.int\/news-room\/fact-sheets\/detail\/malnutrition<\/a> [consultado el 19 de junio de 2024]<\/small>[\/vc_column_text][\/vc_column][\/vc_row]<\/p>\n<\/div>","protected":false},"excerpt":{"rendered":"<p>[vc_row][vc_column][vc_column_text] La importancia de una buena nutrici\u00f3n Las personas necesitan estar bien nutridas para evitar enfermedades, estar saludables y alcanzar su m\u00e1ximo potencial.Mejorar la nutrici\u00f3n conduce a sistemas inmunol\u00f3gicos m\u00e1s fuertes, embarazos m\u00e1s seguros, menor riesgo de enfermedades no transmisibles (como la diabetes y las enfermedades cardiovasculares) y una vida m\u00e1s larga. Los ni\u00f1os sanos&hellip;<\/p>\n","protected":false},"author":1384,"featured_media":0,"parent":53945,"menu_order":0,"comment_status":"closed","ping_status":"closed","template":"","meta":{"_acf_changed":false,"footnotes":""},"class_list":["post-53934","page","type-page","status-publish","hentry","description-off"],"yoast_head":"<!-- This site is optimized with the Yoast SEO plugin v23.7 - https:\/\/yoast.com\/wordpress\/plugins\/seo\/ -->\n<title>La importancia de una buena nutrici\u00f3n - Nutrition Dialogues<\/title>\n<meta name=\"robots\" content=\"index, follow, max-snippet:-1, max-image-preview:large, max-video-preview:-1\" \/>\n<link rel=\"canonical\" href=\"https:\/\/nutritiondialogues.org\/es\/vision-general\/la-importancia-de-una-buena-nutricion\/\" \/>\n<meta property=\"og:locale\" content=\"es_ES\" \/>\n<meta property=\"og:type\" content=\"article\" \/>\n<meta property=\"og:title\" content=\"La importancia de una buena nutrici\u00f3n - Nutrition Dialogues\" \/>\n<meta property=\"og:description\" content=\"[vc_row][vc_column][vc_column_text] La importancia de una buena nutrici\u00f3n Las personas necesitan estar bien nutridas para evitar enfermedades, estar saludables y alcanzar su m\u00e1ximo potencial.Mejorar la nutrici\u00f3n conduce a sistemas inmunol\u00f3gicos m\u00e1s fuertes, embarazos m\u00e1s seguros, menor riesgo de enfermedades no transmisibles (como la diabetes y las enfermedades cardiovasculares) y una vida m\u00e1s larga. Los ni\u00f1os sanos&hellip;\" \/>\n<meta property=\"og:url\" content=\"https:\/\/nutritiondialogues.org\/es\/vision-general\/la-importancia-de-una-buena-nutricion\/\" \/>\n<meta property=\"og:site_name\" content=\"Nutrition Dialogues\" \/>\n<meta property=\"article:modified_time\" content=\"2024-08-29T12:05:04+00:00\" \/>\n<meta name=\"twitter:card\" content=\"summary_large_image\" \/>\n<meta name=\"twitter:label1\" content=\"Tiempo de lectura\" \/>\n\t<meta name=\"twitter:data1\" content=\"3 minutos\" \/>\n<script type=\"application\/ld+json\" class=\"yoast-schema-graph\">{\"@context\":\"https:\/\/schema.org\",\"@graph\":[{\"@type\":\"WebPage\",\"@id\":\"https:\/\/nutritiondialogues.org\/es\/vision-general\/la-importancia-de-una-buena-nutricion\/\",\"url\":\"https:\/\/nutritiondialogues.org\/es\/vision-general\/la-importancia-de-una-buena-nutricion\/\",\"name\":\"La importancia de una buena nutrici\u00f3n - Nutrition Dialogues\",\"isPartOf\":{\"@id\":\"https:\/\/nutritiondialogues.org\/#website\"},\"datePublished\":\"2024-08-26T22:43:11+00:00\",\"dateModified\":\"2024-08-29T12:05:04+00:00\",\"breadcrumb\":{\"@id\":\"https:\/\/nutritiondialogues.org\/es\/vision-general\/la-importancia-de-una-buena-nutricion\/#breadcrumb\"},\"inLanguage\":\"es\",\"potentialAction\":[{\"@type\":\"ReadAction\",\"target\":[\"https:\/\/nutritiondialogues.org\/es\/vision-general\/la-importancia-de-una-buena-nutricion\/\"]}]},{\"@type\":\"BreadcrumbList\",\"@id\":\"https:\/\/nutritiondialogues.org\/es\/vision-general\/la-importancia-de-una-buena-nutricion\/#breadcrumb\",\"itemListElement\":[{\"@type\":\"ListItem\",\"position\":1,\"name\":\"Home\",\"item\":\"https:\/\/nutritiondialogues.org\/es\/\"},{\"@type\":\"ListItem\",\"position\":2,\"name\":\"Visi\u00f3n general\",\"item\":\"https:\/\/nutritiondialogues.org\/es\/vision-general\/\"},{\"@type\":\"ListItem\",\"position\":3,\"name\":\"La importancia de una buena nutrici\u00f3n\"}]},{\"@type\":\"WebSite\",\"@id\":\"https:\/\/nutritiondialogues.org\/#website\",\"url\":\"https:\/\/nutritiondialogues.org\/\",\"name\":\"Nutrition Dialogues\",\"description\":\"Gateway\",\"potentialAction\":[{\"@type\":\"SearchAction\",\"target\":{\"@type\":\"EntryPoint\",\"urlTemplate\":\"https:\/\/nutritiondialogues.org\/?s={search_term_string}\"},\"query-input\":{\"@type\":\"PropertyValueSpecification\",\"valueRequired\":true,\"valueName\":\"search_term_string\"}}],\"inLanguage\":\"es\"}]}<\/script>\n<!-- \/ Yoast SEO plugin. -->","yoast_head_json":{"title":"La importancia de una buena nutrici\u00f3n - Nutrition Dialogues","robots":{"index":"index","follow":"follow","max-snippet":"max-snippet:-1","max-image-preview":"max-image-preview:large","max-video-preview":"max-video-preview:-1"},"canonical":"https:\/\/nutritiondialogues.org\/es\/vision-general\/la-importancia-de-una-buena-nutricion\/","og_locale":"es_ES","og_type":"article","og_title":"La importancia de una buena nutrici\u00f3n - Nutrition Dialogues","og_description":"[vc_row][vc_column][vc_column_text] La importancia de una buena nutrici\u00f3n Las personas necesitan estar bien nutridas para evitar enfermedades, estar saludables y alcanzar su m\u00e1ximo potencial.Mejorar la nutrici\u00f3n conduce a sistemas inmunol\u00f3gicos m\u00e1s fuertes, embarazos m\u00e1s seguros, menor riesgo de enfermedades no transmisibles (como la diabetes y las enfermedades cardiovasculares) y una vida m\u00e1s larga. Los ni\u00f1os sanos&hellip;","og_url":"https:\/\/nutritiondialogues.org\/es\/vision-general\/la-importancia-de-una-buena-nutricion\/","og_site_name":"Nutrition Dialogues","article_modified_time":"2024-08-29T12:05:04+00:00","twitter_card":"summary_large_image","twitter_misc":{"Tiempo de lectura":"3 minutos"},"schema":{"@context":"https:\/\/schema.org","@graph":[{"@type":"WebPage","@id":"https:\/\/nutritiondialogues.org\/es\/vision-general\/la-importancia-de-una-buena-nutricion\/","url":"https:\/\/nutritiondialogues.org\/es\/vision-general\/la-importancia-de-una-buena-nutricion\/","name":"La importancia de una buena nutrici\u00f3n - Nutrition Dialogues","isPartOf":{"@id":"https:\/\/nutritiondialogues.org\/#website"},"datePublished":"2024-08-26T22:43:11+00:00","dateModified":"2024-08-29T12:05:04+00:00","breadcrumb":{"@id":"https:\/\/nutritiondialogues.org\/es\/vision-general\/la-importancia-de-una-buena-nutricion\/#breadcrumb"},"inLanguage":"es","potentialAction":[{"@type":"ReadAction","target":["https:\/\/nutritiondialogues.org\/es\/vision-general\/la-importancia-de-una-buena-nutricion\/"]}]},{"@type":"BreadcrumbList","@id":"https:\/\/nutritiondialogues.org\/es\/vision-general\/la-importancia-de-una-buena-nutricion\/#breadcrumb","itemListElement":[{"@type":"ListItem","position":1,"name":"Home","item":"https:\/\/nutritiondialogues.org\/es\/"},{"@type":"ListItem","position":2,"name":"Visi\u00f3n general","item":"https:\/\/nutritiondialogues.org\/es\/vision-general\/"},{"@type":"ListItem","position":3,"name":"La importancia de una buena nutrici\u00f3n"}]},{"@type":"WebSite","@id":"https:\/\/nutritiondialogues.org\/#website","url":"https:\/\/nutritiondialogues.org\/","name":"Nutrition Dialogues","description":"Gateway","potentialAction":[{"@type":"SearchAction","target":{"@type":"EntryPoint","urlTemplate":"https:\/\/nutritiondialogues.org\/?s={search_term_string}"},"query-input":{"@type":"PropertyValueSpecification","valueRequired":true,"valueName":"search_term_string"}}],"inLanguage":"es"}]}},"acf":[],"_links":{"self":[{"href":"https:\/\/nutritiondialogues.org\/es\/wp-json\/wp\/v2\/pages\/53934"}],"collection":[{"href":"https:\/\/nutritiondialogues.org\/es\/wp-json\/wp\/v2\/pages"}],"about":[{"href":"https:\/\/nutritiondialogues.org\/es\/wp-json\/wp\/v2\/types\/page"}],"author":[{"embeddable":true,"href":"https:\/\/nutritiondialogues.org\/es\/wp-json\/wp\/v2\/users\/1384"}],"replies":[{"embeddable":true,"href":"https:\/\/nutritiondialogues.org\/es\/wp-json\/wp\/v2\/comments?post=53934"}],"version-history":[{"count":3,"href":"https:\/\/nutritiondialogues.org\/es\/wp-json\/wp\/v2\/pages\/53934\/revisions"}],"predecessor-version":[{"id":54171,"href":"https:\/\/nutritiondialogues.org\/es\/wp-json\/wp\/v2\/pages\/53934\/revisions\/54171"}],"up":[{"embeddable":true,"href":"https:\/\/nutritiondialogues.org\/es\/wp-json\/wp\/v2\/pages\/53945"}],"wp:attachment":[{"href":"https:\/\/nutritiondialogues.org\/es\/wp-json\/wp\/v2\/media?parent=53934"}],"curies":[{"name":"wp","href":"https:\/\/api.w.org\/{rel}","templated":true}]}}