{"id":53957,"date":"2024-08-27T10:41:35","date_gmt":"2024-08-27T15:41:35","guid":{"rendered":"https:\/\/nutritiondialogues.org\/?page_id=53957"},"modified":"2026-02-12T10:38:23","modified_gmt":"2026-02-12T16:38:23","slug":"dialogos-sobre-nutricion","status":"publish","type":"page","link":"https:\/\/nutritiondialogues.org\/es\/vision-general\/dialogos-sobre-nutricion\/","title":{"rendered":"Di\u00e1logos sobre Nutrici\u00f3n"},"content":{"rendered":"<div class=\"wpb-content-wrapper\"><p>[vc_row][vc_column][vc_column_text]<\/p>\n<h1>Movilizando Acci\u00f3n por la Nutrici\u00f3n Ahora<\/h1>\n<p><strong>Los Di\u00e1logos sobre Nutrici\u00f3n re\u00fanen a diversas partes interesadas para facilitar discusiones significativas y explorar las formas m\u00e1s urgentes y poderosas de mejorar la nutrici\u00f3n para todos.<\/strong><\/p>\n<p>Queda mucho por hacer si se quieren alcanzar estos objetivos mundiales de nutrici\u00f3n. El a\u00f1o 2025 fue un a\u00f1o significativo para la nutrici\u00f3n: la D\u00e9cada de Acci\u00f3n de las Naciones Unidas sobre la Nutrici\u00f3n (2016\u20112025) se ampli\u00f3 hasta 2030, la Organizaci\u00f3n Mundial de la Salud renov\u00f3 y ampli\u00f3 sus objetivos mundiales de nutrici\u00f3n, y la Cumbre de Nutrici\u00f3n para el Crecimiento (N4G) tuvo lugar en Par\u00eds en marzo de 2025. Juntos, estos eventos representaron una oportunidad crucial para movilizar una acci\u00f3n m\u00e1s ambiciosa y concertada por parte de los gobiernos, donantes y la sociedad civil.<\/p>\n<p>Los grupos de personas que est\u00e1n en mayor riesgo de desnutrici\u00f3n rara vez se incluyen en las discusiones locales, nacionales o globales sobre qu\u00e9 acciones tienen el mayor impacto en la nutrici\u00f3n de las mujeres y los ni\u00f1os. Por ello, <a href=\"https:\/\/www.worldvision.org\/\" target=\"_blank\" rel=\"noopener\">World Vision International (WVI)<\/a> y la <a href=\"https:\/\/4sdfoundation.org\" target=\"_blank\" rel=\"noopener\">Fundaci\u00f3n 4SD<\/a> lanzaron en 2024 &#8211; antes de los principales hitos de nutrici\u00f3n de 2025 &#8211; la iniciativa <em>Di\u00e1logos sobre Nutrici\u00f3n<\/em> para garantizar que las voces de quienes est\u00e1n en riesgo sean escuchadas por quienes tienen el poder de actuar.<\/p>\n<p>El objetivo de los Di\u00e1logos sobre Nutrici\u00f3n es aumentar el enfoque en los desaf\u00edos de asegurar una buena nutrici\u00f3n para mujeres y ni\u00f1os en entornos de bajos ingresos, as\u00ed como recoger sus opiniones y las perspectivas de diversas partes interesadas sobre formas de mejorar esta situaci\u00f3n, adem\u00e1s de fomentar una acci\u00f3n m\u00e1s ambiciosa, efectiva y responsable.<\/p>\n<h2>Acerca del Programa de Di\u00e1logos sobre Nutrici\u00f3n<\/h2>\n<p>El programa de Di\u00e1logos sobre Nutrici\u00f3n est\u00e1 abierto a cualquier persona que desee contribuir al discurso mundial sobre la nutrici\u00f3n de las personas organizando un di\u00e1logo facilitado. El enfoque de los Di\u00e1logos sobre Nutrici\u00f3n fomenta una discusi\u00f3n abierta y honesta y abraza diversas perspectivas que inspiran ideas novedosas y formas innovadoras de trabajar. Un objetivo particular de la primera fase del programa fue amplificar voces para la Cumbre de Nutrici\u00f3n para el Crecimiento en Par\u00eds en 2025.<\/p>\n<p>Los participantes de los Di\u00e1logos sobre Nutrici\u00f3n se centran en su \u00abexperiencia vivida de estar bien nutridos\u00bb y expresan sus opiniones sobre \u00abc\u00f3mo reducir los niveles de desnutrici\u00f3n entre las mujeres y los ni\u00f1os en su comunidad\u00bb. Exploran las prioridades para mejorar los resultados nutricionales en sus localidades. Los Di\u00e1logos sobre Nutrici\u00f3n animan a todos los actores de la nutrici\u00f3n a ser mucho m\u00e1s ambiciosos, efectivos y responsables. El programa de Di\u00e1logos sobre Nutrici\u00f3n busca involucrar a todos los grupos importantes de actores de la nutrici\u00f3n, con un enfoque particular en las mujeres, los ni\u00f1os y los j\u00f3venes.<\/p>\n<p>A partir del fuerte impulso generado en la primera fase, el programa contin\u00faa promoviendo di\u00e1logos inclusivos y orientados a la acci\u00f3n en los niveles local, nacional y mundial. La segunda fase se centra en fortalecer la rendici\u00f3n de cuentas, acelerar la acci\u00f3n y profundizar el impacto en los resultados nutricionales tras la Cumbre N4G.<\/p>\n<p>[\/vc_column_text][\/vc_column][\/vc_row][vc_row][vc_column width=\u00bb1\/4&#8243;][vc_single_image image=\u00bb53247&#8243;][\/vc_column][vc_column width=\u00bb3\/4&#8243;][vc_column_text]<\/p>\n<h2>Di\u00e1logos con las Partes Interesadas<\/h2>\n<p>Los Di\u00e1logos con las Partes Interesadas son oportunidades para que participantes diversos participen en un di\u00e1logo dentro de un grupo espec\u00edfico de partes interesadas (por ejemplo, entre grupos de mujeres o entre agricultores) o reuniendo a m\u00faltiples partes interesadas (como agricultores, negocios locales, sociedad civil, escuelas, autoridades locales, gobierno nacional, cient\u00edficos y grupos religiosos). Tanto los Di\u00e1logos espec\u00edficos de las partes interesadas como los multi-partes interesadas exploran opciones para una mejor nutrici\u00f3n en diferentes contextos locales. Consideran estas opciones desde una amplia variedad de perspectivas y priorizan las intervenciones que pueden apoyar una acci\u00f3n m\u00e1s impactante.<br \/>\n<a href=\"https:\/\/nutritiondialogues.org\/guidance\/stakeholder-dialogues\/\">Aprende m\u00e1s &gt;<\/a> [\/vc_column_text][\/vc_column][\/vc_row][vc_row][vc_column width=\u00bb1\/4&#8243;][vc_single_image image=\u00bb53248&#8243;][\/vc_column][vc_column width=\u00bb3\/4&#8243;][vc_column_text]<\/p>\n<h2>Talleres para Ni\u00f1os<\/h2>\n<div class=\"page\" title=\"Page 7\">\n<div class=\"layoutArea\">\n<div class=\"column\">\n<p>Los ni\u00f1os y j\u00f3venes (de 12 a 18 a\u00f1os) se re\u00fanen, hablan e intercambian ideas en torno a dos preguntas: \u00bfCu\u00e1l es la apreciaci\u00f3n o comprensi\u00f3n de los ni\u00f1os sobre una buena alimentaci\u00f3n? \u00bfCu\u00e1les son las ideas de los ni\u00f1os para mejorar la alimentaci\u00f3n? Un Taller para Ni\u00f1os suele ser dirigido por un adulto (por ejemplo, un miembro de la comunidad, un maestro de escuela, un oficial de una ONG local, etc.), aunque tambi\u00e9n puede ser organizado y dirigido por un joven que represente a su propia comunidad. El m\u00e9todo dedicado es adecuado para la edad y sensible a las necesidades de los j\u00f3venes. <a href=\"https:\/\/nutritiondialogues.org\/guidance\/childrens-workshops\/\">Aprende m\u00e1s &gt;<\/a><\/p>\n<\/div>\n<\/div>\n<\/div>\n<p>[\/vc_column_text][\/vc_column][\/vc_row]<\/p>\n<\/div>","protected":false},"excerpt":{"rendered":"<p>[vc_row][vc_column][vc_column_text] Movilizando Acci\u00f3n por la Nutrici\u00f3n Ahora Los Di\u00e1logos sobre Nutrici\u00f3n re\u00fanen a diversas partes interesadas para facilitar discusiones significativas y explorar las formas m\u00e1s urgentes y poderosas de mejorar la nutrici\u00f3n para todos. Queda mucho por hacer si se quieren alcanzar estos objetivos mundiales de nutrici\u00f3n. El a\u00f1o 2025 fue un a\u00f1o significativo para&hellip;<\/p>\n","protected":false},"author":1384,"featured_media":0,"parent":53945,"menu_order":0,"comment_status":"closed","ping_status":"closed","template":"","meta":{"_acf_changed":false,"footnotes":""},"class_list":["post-53957","page","type-page","status-publish","hentry","description-off"],"yoast_head":"<!-- This site is optimized with the Yoast SEO plugin v23.7 - https:\/\/yoast.com\/wordpress\/plugins\/seo\/ -->\n<title>Di\u00e1logos sobre Nutrici\u00f3n - Nutrition Dialogues<\/title>\n<meta name=\"robots\" content=\"index, follow, max-snippet:-1, max-image-preview:large, max-video-preview:-1\" \/>\n<link rel=\"canonical\" href=\"https:\/\/nutritiondialogues.org\/es\/vision-general\/dialogos-sobre-nutricion\/\" \/>\n<meta property=\"og:locale\" content=\"es_ES\" \/>\n<meta property=\"og:type\" content=\"article\" \/>\n<meta property=\"og:title\" content=\"Di\u00e1logos sobre Nutrici\u00f3n - Nutrition Dialogues\" \/>\n<meta property=\"og:description\" content=\"[vc_row][vc_column][vc_column_text] Movilizando Acci\u00f3n por la Nutrici\u00f3n Ahora Los Di\u00e1logos sobre Nutrici\u00f3n re\u00fanen a diversas partes interesadas para facilitar discusiones significativas y explorar las formas m\u00e1s urgentes y poderosas de mejorar la nutrici\u00f3n para todos. Queda mucho por hacer si se quieren alcanzar estos objetivos mundiales de nutrici\u00f3n. El a\u00f1o 2025 fue un a\u00f1o significativo para&hellip;\" \/>\n<meta property=\"og:url\" content=\"https:\/\/nutritiondialogues.org\/es\/vision-general\/dialogos-sobre-nutricion\/\" \/>\n<meta property=\"og:site_name\" content=\"Nutrition Dialogues\" \/>\n<meta property=\"article:modified_time\" content=\"2026-02-12T16:38:23+00:00\" \/>\n<meta name=\"twitter:card\" content=\"summary_large_image\" \/>\n<meta name=\"twitter:label1\" content=\"Tiempo de lectura\" \/>\n\t<meta name=\"twitter:data1\" content=\"4 minutos\" \/>\n<script type=\"application\/ld+json\" class=\"yoast-schema-graph\">{\"@context\":\"https:\/\/schema.org\",\"@graph\":[{\"@type\":\"WebPage\",\"@id\":\"https:\/\/nutritiondialogues.org\/es\/vision-general\/dialogos-sobre-nutricion\/\",\"url\":\"https:\/\/nutritiondialogues.org\/es\/vision-general\/dialogos-sobre-nutricion\/\",\"name\":\"Di\u00e1logos sobre Nutrici\u00f3n - Nutrition Dialogues\",\"isPartOf\":{\"@id\":\"https:\/\/nutritiondialogues.org\/#website\"},\"datePublished\":\"2024-08-27T15:41:35+00:00\",\"dateModified\":\"2026-02-12T16:38:23+00:00\",\"breadcrumb\":{\"@id\":\"https:\/\/nutritiondialogues.org\/es\/vision-general\/dialogos-sobre-nutricion\/#breadcrumb\"},\"inLanguage\":\"es\",\"potentialAction\":[{\"@type\":\"ReadAction\",\"target\":[\"https:\/\/nutritiondialogues.org\/es\/vision-general\/dialogos-sobre-nutricion\/\"]}]},{\"@type\":\"BreadcrumbList\",\"@id\":\"https:\/\/nutritiondialogues.org\/es\/vision-general\/dialogos-sobre-nutricion\/#breadcrumb\",\"itemListElement\":[{\"@type\":\"ListItem\",\"position\":1,\"name\":\"Home\",\"item\":\"https:\/\/nutritiondialogues.org\/es\/\"},{\"@type\":\"ListItem\",\"position\":2,\"name\":\"Visi\u00f3n general\",\"item\":\"https:\/\/nutritiondialogues.org\/es\/vision-general\/\"},{\"@type\":\"ListItem\",\"position\":3,\"name\":\"Di\u00e1logos sobre Nutrici\u00f3n\"}]},{\"@type\":\"WebSite\",\"@id\":\"https:\/\/nutritiondialogues.org\/#website\",\"url\":\"https:\/\/nutritiondialogues.org\/\",\"name\":\"Nutrition Dialogues\",\"description\":\"Gateway\",\"potentialAction\":[{\"@type\":\"SearchAction\",\"target\":{\"@type\":\"EntryPoint\",\"urlTemplate\":\"https:\/\/nutritiondialogues.org\/?s={search_term_string}\"},\"query-input\":{\"@type\":\"PropertyValueSpecification\",\"valueRequired\":true,\"valueName\":\"search_term_string\"}}],\"inLanguage\":\"es\"}]}<\/script>\n<!-- \/ Yoast SEO plugin. -->","yoast_head_json":{"title":"Di\u00e1logos sobre Nutrici\u00f3n - Nutrition Dialogues","robots":{"index":"index","follow":"follow","max-snippet":"max-snippet:-1","max-image-preview":"max-image-preview:large","max-video-preview":"max-video-preview:-1"},"canonical":"https:\/\/nutritiondialogues.org\/es\/vision-general\/dialogos-sobre-nutricion\/","og_locale":"es_ES","og_type":"article","og_title":"Di\u00e1logos sobre Nutrici\u00f3n - Nutrition Dialogues","og_description":"[vc_row][vc_column][vc_column_text] Movilizando Acci\u00f3n por la Nutrici\u00f3n Ahora Los Di\u00e1logos sobre Nutrici\u00f3n re\u00fanen a diversas partes interesadas para facilitar discusiones significativas y explorar las formas m\u00e1s urgentes y poderosas de mejorar la nutrici\u00f3n para todos. Queda mucho por hacer si se quieren alcanzar estos objetivos mundiales de nutrici\u00f3n. El a\u00f1o 2025 fue un a\u00f1o significativo para&hellip;","og_url":"https:\/\/nutritiondialogues.org\/es\/vision-general\/dialogos-sobre-nutricion\/","og_site_name":"Nutrition Dialogues","article_modified_time":"2026-02-12T16:38:23+00:00","twitter_card":"summary_large_image","twitter_misc":{"Tiempo de lectura":"4 minutos"},"schema":{"@context":"https:\/\/schema.org","@graph":[{"@type":"WebPage","@id":"https:\/\/nutritiondialogues.org\/es\/vision-general\/dialogos-sobre-nutricion\/","url":"https:\/\/nutritiondialogues.org\/es\/vision-general\/dialogos-sobre-nutricion\/","name":"Di\u00e1logos sobre Nutrici\u00f3n - Nutrition Dialogues","isPartOf":{"@id":"https:\/\/nutritiondialogues.org\/#website"},"datePublished":"2024-08-27T15:41:35+00:00","dateModified":"2026-02-12T16:38:23+00:00","breadcrumb":{"@id":"https:\/\/nutritiondialogues.org\/es\/vision-general\/dialogos-sobre-nutricion\/#breadcrumb"},"inLanguage":"es","potentialAction":[{"@type":"ReadAction","target":["https:\/\/nutritiondialogues.org\/es\/vision-general\/dialogos-sobre-nutricion\/"]}]},{"@type":"BreadcrumbList","@id":"https:\/\/nutritiondialogues.org\/es\/vision-general\/dialogos-sobre-nutricion\/#breadcrumb","itemListElement":[{"@type":"ListItem","position":1,"name":"Home","item":"https:\/\/nutritiondialogues.org\/es\/"},{"@type":"ListItem","position":2,"name":"Visi\u00f3n general","item":"https:\/\/nutritiondialogues.org\/es\/vision-general\/"},{"@type":"ListItem","position":3,"name":"Di\u00e1logos sobre Nutrici\u00f3n"}]},{"@type":"WebSite","@id":"https:\/\/nutritiondialogues.org\/#website","url":"https:\/\/nutritiondialogues.org\/","name":"Nutrition Dialogues","description":"Gateway","potentialAction":[{"@type":"SearchAction","target":{"@type":"EntryPoint","urlTemplate":"https:\/\/nutritiondialogues.org\/?s={search_term_string}"},"query-input":{"@type":"PropertyValueSpecification","valueRequired":true,"valueName":"search_term_string"}}],"inLanguage":"es"}]}},"acf":[],"_links":{"self":[{"href":"https:\/\/nutritiondialogues.org\/es\/wp-json\/wp\/v2\/pages\/53957"}],"collection":[{"href":"https:\/\/nutritiondialogues.org\/es\/wp-json\/wp\/v2\/pages"}],"about":[{"href":"https:\/\/nutritiondialogues.org\/es\/wp-json\/wp\/v2\/types\/page"}],"author":[{"embeddable":true,"href":"https:\/\/nutritiondialogues.org\/es\/wp-json\/wp\/v2\/users\/1384"}],"replies":[{"embeddable":true,"href":"https:\/\/nutritiondialogues.org\/es\/wp-json\/wp\/v2\/comments?post=53957"}],"version-history":[{"count":4,"href":"https:\/\/nutritiondialogues.org\/es\/wp-json\/wp\/v2\/pages\/53957\/revisions"}],"predecessor-version":[{"id":60114,"href":"https:\/\/nutritiondialogues.org\/es\/wp-json\/wp\/v2\/pages\/53957\/revisions\/60114"}],"up":[{"embeddable":true,"href":"https:\/\/nutritiondialogues.org\/es\/wp-json\/wp\/v2\/pages\/53945"}],"wp:attachment":[{"href":"https:\/\/nutritiondialogues.org\/es\/wp-json\/wp\/v2\/media?parent=53957"}],"curies":[{"name":"wp","href":"https:\/\/api.w.org\/{rel}","templated":true}]}}