{"id":54039,"date":"2024-08-28T03:59:36","date_gmt":"2024-08-28T08:59:36","guid":{"rendered":"https:\/\/nutritiondialogues.org\/?page_id=54039"},"modified":"2024-10-14T04:43:05","modified_gmt":"2024-10-14T09:43:05","slug":"principios-de-compromiso","status":"publish","type":"page","link":"https:\/\/nutritiondialogues.org\/es\/principios-de-compromiso\/","title":{"rendered":"Principios de compromiso"},"content":{"rendered":"<div class=\"wpb-content-wrapper\"><p>[vc_row][vc_column][vc_column_text]<\/p>\n<h1><b>Principios de Participaci\u00f3n<\/b><\/h1>\n<p>El programa de Di\u00e1logos de Nutrici\u00f3n se basa en un conjunto de Principios de Compromiso para todos los interesados. Ayudan a garantizar un proceso significativo y que los eventos de Di\u00e1logo jueguen un papel valioso en influir las formas de mejorar la nutrici\u00f3n para todos.[\/vc_column_text][vc_column_text]<\/p>\n<h4><span style=\"color: #5e85ff;\"><span style=\"color: #000000;\">1. Comprometerse a<\/span> <strong>mejorar la nutrici\u00f3n para todos,<\/strong><\/span> especialmente para mujeres y ni\u00f1os y ni\u00f1as<\/h4>\n<h4>2. Reconocer que el estado nutricional de cada persona tiene <strong><span style=\"color: #5e85ff;\">m\u00faltiples determinantes <\/span><\/strong><\/h4>\n<h4>3. Acoger la <span style=\"color: #5e85ff;\"><strong>diversidad e inclusividad<\/strong><\/span> de m\u00faltiples partes interesadas, incluidos los j\u00f3venes<\/h4>\n<h4>4.<strong><span style=\"color: #5e85ff;\"> Respetar diferentes perspectivas<\/span> <\/strong>mientras se fomenta la confianza entre las partes interesadas<\/h4>\n<h4>5. Estar abierto a <strong><span style=\"color: #5e85ff;\">compartir y aprender<\/span><\/strong> de los dem\u00e1s<\/h4>\n<h4>6. Actuar con <strong><span style=\"color: #5e85ff;\">integridad<\/span><\/strong> y de manera <strong><span style=\"color: #5e85ff;\">\u00e9tica<\/span><\/strong><\/h4>\n<h4>7. Actuar con el compromiso de defender la <strong><span style=\"color: #5e85ff;\">equidad y los derechos<\/span><\/strong> de todas las mujeres, hombres y ni\u00f1os y ni\u00f1as<\/h4>\n<h4>8. Actuar con <strong><span style=\"color: #5e85ff;\">urgencia<\/span><\/strong><\/h4>\n<h4>9. <strong><span style=\"color: #5e85ff;\">Proteger<\/span><\/strong> los eventos de los Di\u00e1logos de Nutrici\u00f3n de cualquier forma de marketing y promoci\u00f3n de productos<\/h4>\n<p>[\/vc_column_text][\/vc_column][\/vc_row][vc_row][vc_column][vc_separator][vc_column_text]<\/p>\n<h1>Gestionando intereses contrapuestos<\/h1>\n<p>Se necesitan acciones concertadas y coordinadas de todos los grupos de partes interesadas en la sociedad para abordar el complejo desaf\u00edo de poner fin a la malnutrici\u00f3n. Sin embargo, reunir a diversos grupos en di\u00e1logo sobre nutrici\u00f3n puede ser un tema sensible y complejo. Prestar atenci\u00f3n cuidadosa a la diversidad, crear un espacio de confianza y asegurar el respeto entre los participantes son claves para el \u00e9xito del m\u00e9todo de Di\u00e1logos con las partes interesadas.<\/p>\n<p>Se espera que surjan intereses contrapuestos y, por lo tanto, es importante prepararse para ellos. Esto puede incluir investigar para entender el panorama social, comercial y pol\u00edtico para identificar desaf\u00edos potenciales. Aunque los convenors son libres de determinar sus propias listas de participantes, apuntar a la inclusividad y la representaci\u00f3n, asegurando que ning\u00fan grupo de inter\u00e9s \u00fanico domine la conversaci\u00f3n, es una parte valiosa de los Di\u00e1logos con las partes interesadas.<\/p>\n<p>Facilitadores bien informados y capacitados tambi\u00e9n desempe\u00f1ar\u00e1n un papel crucial en la navegaci\u00f3n de conversaciones dif\u00edciles durante los Grupos de Discusi\u00f3n de los eventos de Di\u00e1logo. Para obtener orientaci\u00f3n existente sobre el compromiso de las partes interesadas, los convenors se refieren a los <a href=\"https:\/\/scalingupnutrition.org\/about\/what-we-do\" target=\"_blank\" rel=\"noopener\">Principios de Compromiso del Movimiento SUN<\/a>, los <a href=\"https:\/\/sunbusinessnetwork.org\/wp-content\/uploads\/2023\/01\/SBN_Global_Members_Principles_of_Engagement-1.pdf\" target=\"_blank\" rel=\"noopener\">Principios de Compromiso de la Red Empresarial SUN<\/a> y los <a href=\"https:\/\/nutritionforgrowth.org\/wp-content\/uploads\/2021\/09\/N4G-Principios-de-Compromiso-de-Tokio-2021.pdf\" target=\"_blank\" rel=\"noopener\">Principios de Compromiso de Tokio N4G 2021<\/a>.[\/vc_column_text][\/vc_column][\/vc_row][vc_row][vc_column][\/vc_column][\/vc_row]<\/p>\n<\/div>","protected":false},"excerpt":{"rendered":"<p>[vc_row][vc_column][vc_column_text] Principios de Participaci\u00f3n El programa de Di\u00e1logos de Nutrici\u00f3n se basa en un conjunto de Principios de Compromiso para todos los interesados. Ayudan a garantizar un proceso significativo y que los eventos de Di\u00e1logo jueguen un papel valioso en influir las formas de mejorar la nutrici\u00f3n para todos.[\/vc_column_text][vc_column_text] 1. Comprometerse a mejorar la nutrici\u00f3n&hellip;<\/p>\n","protected":false},"author":1384,"featured_media":0,"parent":0,"menu_order":0,"comment_status":"closed","ping_status":"closed","template":"","meta":{"_acf_changed":false,"footnotes":""},"class_list":["post-54039","page","type-page","status-publish","hentry","description-off"],"yoast_head":"<!-- This site is optimized with the Yoast SEO plugin v23.7 - https:\/\/yoast.com\/wordpress\/plugins\/seo\/ -->\n<title>Principios de compromiso - Nutrition Dialogues<\/title>\n<meta name=\"robots\" content=\"index, follow, max-snippet:-1, max-image-preview:large, max-video-preview:-1\" \/>\n<link rel=\"canonical\" href=\"https:\/\/nutritiondialogues.org\/principles-of-engagement\/\" \/>\n<meta property=\"og:locale\" content=\"es_ES\" \/>\n<meta property=\"og:type\" content=\"article\" \/>\n<meta property=\"og:title\" content=\"Principios de compromiso - Nutrition Dialogues\" \/>\n<meta property=\"og:description\" content=\"[vc_row][vc_column][vc_column_text] Principios de Participaci\u00f3n El programa de Di\u00e1logos de Nutrici\u00f3n se basa en un conjunto de Principios de Compromiso para todos los interesados. Ayudan a garantizar un proceso significativo y que los eventos de Di\u00e1logo jueguen un papel valioso en influir las formas de mejorar la nutrici\u00f3n para todos.[\/vc_column_text][vc_column_text] 1. Comprometerse a mejorar la nutrici\u00f3n&hellip;\" \/>\n<meta property=\"og:url\" content=\"https:\/\/nutritiondialogues.org\/principles-of-engagement\/\" \/>\n<meta property=\"og:site_name\" content=\"Nutrition Dialogues\" \/>\n<meta property=\"article:modified_time\" content=\"2024-10-14T09:43:05+00:00\" \/>\n<meta name=\"twitter:card\" content=\"summary_large_image\" \/>\n<meta name=\"twitter:label1\" content=\"Tiempo de lectura\" \/>\n\t<meta name=\"twitter:data1\" content=\"2 minutos\" \/>\n<script type=\"application\/ld+json\" class=\"yoast-schema-graph\">{\"@context\":\"https:\/\/schema.org\",\"@graph\":[{\"@type\":\"WebPage\",\"@id\":\"https:\/\/nutritiondialogues.org\/principles-of-engagement\/\",\"url\":\"https:\/\/nutritiondialogues.org\/principles-of-engagement\/\",\"name\":\"Principios de compromiso - Nutrition Dialogues\",\"isPartOf\":{\"@id\":\"https:\/\/nutritiondialogues.org\/#website\"},\"datePublished\":\"2024-08-28T08:59:36+00:00\",\"dateModified\":\"2024-10-14T09:43:05+00:00\",\"breadcrumb\":{\"@id\":\"https:\/\/nutritiondialogues.org\/principles-of-engagement\/#breadcrumb\"},\"inLanguage\":\"es\",\"potentialAction\":[{\"@type\":\"ReadAction\",\"target\":[\"https:\/\/nutritiondialogues.org\/principles-of-engagement\/\"]}]},{\"@type\":\"BreadcrumbList\",\"@id\":\"https:\/\/nutritiondialogues.org\/principles-of-engagement\/#breadcrumb\",\"itemListElement\":[{\"@type\":\"ListItem\",\"position\":1,\"name\":\"Home\",\"item\":\"https:\/\/nutritiondialogues.org\/es\/\"},{\"@type\":\"ListItem\",\"position\":2,\"name\":\"Principios de compromiso\"}]},{\"@type\":\"WebSite\",\"@id\":\"https:\/\/nutritiondialogues.org\/#website\",\"url\":\"https:\/\/nutritiondialogues.org\/\",\"name\":\"Nutrition Dialogues\",\"description\":\"Gateway\",\"potentialAction\":[{\"@type\":\"SearchAction\",\"target\":{\"@type\":\"EntryPoint\",\"urlTemplate\":\"https:\/\/nutritiondialogues.org\/?s={search_term_string}\"},\"query-input\":{\"@type\":\"PropertyValueSpecification\",\"valueRequired\":true,\"valueName\":\"search_term_string\"}}],\"inLanguage\":\"es\"}]}<\/script>\n<!-- \/ Yoast SEO plugin. -->","yoast_head_json":{"title":"Principios de compromiso - Nutrition Dialogues","robots":{"index":"index","follow":"follow","max-snippet":"max-snippet:-1","max-image-preview":"max-image-preview:large","max-video-preview":"max-video-preview:-1"},"canonical":"https:\/\/nutritiondialogues.org\/principles-of-engagement\/","og_locale":"es_ES","og_type":"article","og_title":"Principios de compromiso - Nutrition Dialogues","og_description":"[vc_row][vc_column][vc_column_text] Principios de Participaci\u00f3n El programa de Di\u00e1logos de Nutrici\u00f3n se basa en un conjunto de Principios de Compromiso para todos los interesados. Ayudan a garantizar un proceso significativo y que los eventos de Di\u00e1logo jueguen un papel valioso en influir las formas de mejorar la nutrici\u00f3n para todos.[\/vc_column_text][vc_column_text] 1. Comprometerse a mejorar la nutrici\u00f3n&hellip;","og_url":"https:\/\/nutritiondialogues.org\/principles-of-engagement\/","og_site_name":"Nutrition Dialogues","article_modified_time":"2024-10-14T09:43:05+00:00","twitter_card":"summary_large_image","twitter_misc":{"Tiempo de lectura":"2 minutos"},"schema":{"@context":"https:\/\/schema.org","@graph":[{"@type":"WebPage","@id":"https:\/\/nutritiondialogues.org\/principles-of-engagement\/","url":"https:\/\/nutritiondialogues.org\/principles-of-engagement\/","name":"Principios de compromiso - Nutrition Dialogues","isPartOf":{"@id":"https:\/\/nutritiondialogues.org\/#website"},"datePublished":"2024-08-28T08:59:36+00:00","dateModified":"2024-10-14T09:43:05+00:00","breadcrumb":{"@id":"https:\/\/nutritiondialogues.org\/principles-of-engagement\/#breadcrumb"},"inLanguage":"es","potentialAction":[{"@type":"ReadAction","target":["https:\/\/nutritiondialogues.org\/principles-of-engagement\/"]}]},{"@type":"BreadcrumbList","@id":"https:\/\/nutritiondialogues.org\/principles-of-engagement\/#breadcrumb","itemListElement":[{"@type":"ListItem","position":1,"name":"Home","item":"https:\/\/nutritiondialogues.org\/es\/"},{"@type":"ListItem","position":2,"name":"Principios de compromiso"}]},{"@type":"WebSite","@id":"https:\/\/nutritiondialogues.org\/#website","url":"https:\/\/nutritiondialogues.org\/","name":"Nutrition Dialogues","description":"Gateway","potentialAction":[{"@type":"SearchAction","target":{"@type":"EntryPoint","urlTemplate":"https:\/\/nutritiondialogues.org\/?s={search_term_string}"},"query-input":{"@type":"PropertyValueSpecification","valueRequired":true,"valueName":"search_term_string"}}],"inLanguage":"es"}]}},"acf":[],"_links":{"self":[{"href":"https:\/\/nutritiondialogues.org\/es\/wp-json\/wp\/v2\/pages\/54039"}],"collection":[{"href":"https:\/\/nutritiondialogues.org\/es\/wp-json\/wp\/v2\/pages"}],"about":[{"href":"https:\/\/nutritiondialogues.org\/es\/wp-json\/wp\/v2\/types\/page"}],"author":[{"embeddable":true,"href":"https:\/\/nutritiondialogues.org\/es\/wp-json\/wp\/v2\/users\/1384"}],"replies":[{"embeddable":true,"href":"https:\/\/nutritiondialogues.org\/es\/wp-json\/wp\/v2\/comments?post=54039"}],"version-history":[{"count":2,"href":"https:\/\/nutritiondialogues.org\/es\/wp-json\/wp\/v2\/pages\/54039\/revisions"}],"predecessor-version":[{"id":54926,"href":"https:\/\/nutritiondialogues.org\/es\/wp-json\/wp\/v2\/pages\/54039\/revisions\/54926"}],"wp:attachment":[{"href":"https:\/\/nutritiondialogues.org\/es\/wp-json\/wp\/v2\/media?parent=54039"}],"curies":[{"name":"wp","href":"https:\/\/api.w.org\/{rel}","templated":true}]}}