{"id":53849,"date":"2024-08-20T10:05:29","date_gmt":"2024-08-20T15:05:29","guid":{"rendered":"https:\/\/nutritiondialogues.org\/?page_id=53849"},"modified":"2024-08-28T09:38:56","modified_gmt":"2024-08-28T14:38:56","slug":"devenez-un-convocateur","status":"publish","type":"page","link":"https:\/\/nutritiondialogues.org\/fr\/ressources\/devenez-un-convocateur\/","title":{"rendered":"Devenez un Organisateur"},"content":{"rendered":"<div class=\"wpb-content-wrapper\"><p>[vc_row][vc_column][vc_column_text]<\/p>\n<h1>Devenir un Organisateur<\/h1>\n<p>Toutes les personnes int\u00e9ress\u00e9es par l&rsquo;am\u00e9lioration de la nutrition sont invit\u00e9es \u00e0 devenir Organisateurs et \u00e0 contribuer \u00e0 ce programme mondial. Les Organisateurs adoptent une approche int\u00e9gr\u00e9e, interdisciplinaire et exploratoire pour identifier les actions qui am\u00e9liorent la nutrition. Les Organisateurs des Dialogues sur la Nutrition permettent de faire entendre les voix, de partager les points de vue et de discuter des actions n\u00e9cessaires pour am\u00e9liorer la nutrition des femmes et des enfants, tant par les participants eux-m\u00eames que par d&rsquo;autres. Ils \u00e9l\u00e8veront ces voix gr\u00e2ce au processus officiel de retour d&rsquo;information sur ce Portail.<\/p>\n<p>Il n&rsquo;y a aucune restriction pour devenir Organisateur d&rsquo;un \u00e9v\u00e9nement de Dialogue avec les parties prenantes, au-del\u00e0 de l&rsquo;adh\u00e9sion aux Principes d&rsquo;Engagement. Cependant, ceux qui souhaitent diriger un Atelier pour enfants doivent respecter les normes de protection de l&rsquo;enfance et <a href=\"https:\/\/nutritiondialogues.org\/wp-content\/uploads\/2024\/08\/FR-Childrens-Workshops-Safeguarding-Framework.pdf\" target=\"_blank\" rel=\"noopener\">les protocoles de comportement<\/a>.<\/p>\n<p>Il est important de noter que le r\u00f4le de Organisateur est un engagement volontaire pr\u00e9cieux ; les individus l&rsquo;exercent dans le cadre de leur travail actuel ou offrent g\u00e9n\u00e9reusement de leur temps pour avoir un impact significatif.<\/p>\n<p>Les partenaires initiateurs du programme Dialogues sur la Nutrition mobiliseront des Organisateurs dans diverses localit\u00e9s entre juillet et d\u00e9cembre 2024. World Vision International invite ses bureaux nationaux \u00e0 organiser des Dialogues. Une s\u00e9rie de s\u00e9ances d&rsquo;information invitera d&rsquo;autres organisations et r\u00e9seaux \u00e0 mobiliser des Organisateurs. Des efforts seront \u00e9galement d\u00e9ploy\u00e9s pour impliquer le public, en encourageant les leaders locaux non affili\u00e9s \u00e0 convoquer un Dialogue avec les parties prenantes ou un Atelier pour enfants.<\/p>\n<h2>Int\u00e9ress\u00e9 ?<\/h2>\n<p>Lisez le Manuel de R\u00e9f\u00e9rence: \u00a0<a href=\"https:\/\/nutritiondialogues.org\/wp-content\/uploads\/2024\/07\/Nutrition-Dialogues-Reference-Manual-.pdf\" target=\"_blank\" rel=\"noreferrer noopener\">English<\/a>\u00a0|\u00a0<a href=\"https:\/\/nutritiondialogues.org\/wp-content\/uploads\/2024\/08\/FR-Reference-Manual.pdf\" target=\"_blank\" rel=\"noreferrer noopener\">Fran\u00e7ais<\/a>\u00a0|\u00a0<a href=\"https:\/\/nutritiondialogues.org\/wp-content\/uploads\/2024\/08\/SP-Nutrition-Dialogues-Reference-Manual.pdf\" target=\"_blank\" rel=\"noreferrer noopener\">Espa\u00f1ol<\/a><\/p>\n<p><a href=\"https:\/\/nutritiondialogues.org\/portal\/welcome\/\">Inscrivez-vous sur ce Portail pour commencer<\/a>[\/vc_column_text][\/vc_column][\/vc_row]<\/p>\n<\/div>","protected":false},"excerpt":{"rendered":"<p>[vc_row][vc_column][vc_column_text] Devenir un Organisateur Toutes les personnes int\u00e9ress\u00e9es par l&rsquo;am\u00e9lioration de la nutrition sont invit\u00e9es \u00e0 devenir Organisateurs et \u00e0 contribuer \u00e0 ce programme mondial. Les Organisateurs adoptent une approche int\u00e9gr\u00e9e, interdisciplinaire et exploratoire pour identifier les actions qui am\u00e9liorent la nutrition. Les Organisateurs des Dialogues sur la Nutrition permettent de faire entendre les voix,&hellip;<\/p>\n","protected":false},"author":1384,"featured_media":0,"parent":53951,"menu_order":0,"comment_status":"closed","ping_status":"closed","template":"","meta":{"_acf_changed":false,"footnotes":""},"class_list":["post-53849","page","type-page","status-publish","hentry","description-off"],"yoast_head":"<!-- This site is optimized with the Yoast SEO plugin v23.7 - https:\/\/yoast.com\/wordpress\/plugins\/seo\/ -->\n<title>Devenez un Organisateur - Nutrition Dialogues<\/title>\n<meta name=\"description\" content=\"Toutes les personnes int\u00e9ress\u00e9es par l&#039;am\u00e9lioration de la nutrition sont invit\u00e9es \u00e0 devenir Convocateurs et \u00e0 contribuer \u00e0 ce programme mondial.\" \/>\n<meta name=\"robots\" content=\"index, follow, max-snippet:-1, max-image-preview:large, max-video-preview:-1\" \/>\n<link rel=\"canonical\" href=\"https:\/\/nutritiondialogues.org\/fr\/ressources\/devenez-un-convocateur\/\" \/>\n<meta property=\"og:locale\" content=\"fr_FR\" \/>\n<meta property=\"og:type\" content=\"article\" \/>\n<meta property=\"og:title\" content=\"Devenez un Organisateur - Nutrition Dialogues\" \/>\n<meta property=\"og:description\" content=\"Toutes les personnes int\u00e9ress\u00e9es par l&#039;am\u00e9lioration de la nutrition sont invit\u00e9es \u00e0 devenir Convocateurs et \u00e0 contribuer \u00e0 ce programme mondial.\" \/>\n<meta property=\"og:url\" content=\"https:\/\/nutritiondialogues.org\/fr\/ressources\/devenez-un-convocateur\/\" \/>\n<meta property=\"og:site_name\" content=\"Nutrition Dialogues\" \/>\n<meta property=\"article:modified_time\" content=\"2024-08-28T14:38:56+00:00\" \/>\n<meta name=\"twitter:card\" content=\"summary_large_image\" \/>\n<meta name=\"twitter:label1\" content=\"Dur\u00e9e de lecture estim\u00e9e\" \/>\n\t<meta name=\"twitter:data1\" content=\"2 minutes\" \/>\n<script type=\"application\/ld+json\" class=\"yoast-schema-graph\">{\"@context\":\"https:\/\/schema.org\",\"@graph\":[{\"@type\":\"WebPage\",\"@id\":\"https:\/\/nutritiondialogues.org\/fr\/ressources\/devenez-un-convocateur\/\",\"url\":\"https:\/\/nutritiondialogues.org\/fr\/ressources\/devenez-un-convocateur\/\",\"name\":\"Devenez un Organisateur - Nutrition Dialogues\",\"isPartOf\":{\"@id\":\"https:\/\/nutritiondialogues.org\/#website\"},\"datePublished\":\"2024-08-20T15:05:29+00:00\",\"dateModified\":\"2024-08-28T14:38:56+00:00\",\"description\":\"Toutes les personnes int\u00e9ress\u00e9es par l'am\u00e9lioration de la nutrition sont invit\u00e9es \u00e0 devenir Convocateurs et \u00e0 contribuer \u00e0 ce programme mondial.\",\"breadcrumb\":{\"@id\":\"https:\/\/nutritiondialogues.org\/fr\/ressources\/devenez-un-convocateur\/#breadcrumb\"},\"inLanguage\":\"fr-FR\",\"potentialAction\":[{\"@type\":\"ReadAction\",\"target\":[\"https:\/\/nutritiondialogues.org\/fr\/ressources\/devenez-un-convocateur\/\"]}]},{\"@type\":\"BreadcrumbList\",\"@id\":\"https:\/\/nutritiondialogues.org\/fr\/ressources\/devenez-un-convocateur\/#breadcrumb\",\"itemListElement\":[{\"@type\":\"ListItem\",\"position\":1,\"name\":\"Home\",\"item\":\"https:\/\/nutritiondialogues.org\/fr\/\"},{\"@type\":\"ListItem\",\"position\":2,\"name\":\"Ressources\",\"item\":\"https:\/\/nutritiondialogues.org\/fr\/ressources\/\"},{\"@type\":\"ListItem\",\"position\":3,\"name\":\"Devenez un Organisateur\"}]},{\"@type\":\"WebSite\",\"@id\":\"https:\/\/nutritiondialogues.org\/#website\",\"url\":\"https:\/\/nutritiondialogues.org\/\",\"name\":\"Nutrition Dialogues\",\"description\":\"Gateway\",\"potentialAction\":[{\"@type\":\"SearchAction\",\"target\":{\"@type\":\"EntryPoint\",\"urlTemplate\":\"https:\/\/nutritiondialogues.org\/?s={search_term_string}\"},\"query-input\":{\"@type\":\"PropertyValueSpecification\",\"valueRequired\":true,\"valueName\":\"search_term_string\"}}],\"inLanguage\":\"fr-FR\"}]}<\/script>\n<!-- \/ Yoast SEO plugin. -->","yoast_head_json":{"title":"Devenez un Organisateur - Nutrition Dialogues","description":"Toutes les personnes int\u00e9ress\u00e9es par l'am\u00e9lioration de la nutrition sont invit\u00e9es \u00e0 devenir Convocateurs et \u00e0 contribuer \u00e0 ce programme mondial.","robots":{"index":"index","follow":"follow","max-snippet":"max-snippet:-1","max-image-preview":"max-image-preview:large","max-video-preview":"max-video-preview:-1"},"canonical":"https:\/\/nutritiondialogues.org\/fr\/ressources\/devenez-un-convocateur\/","og_locale":"fr_FR","og_type":"article","og_title":"Devenez un Organisateur - Nutrition Dialogues","og_description":"Toutes les personnes int\u00e9ress\u00e9es par l'am\u00e9lioration de la nutrition sont invit\u00e9es \u00e0 devenir Convocateurs et \u00e0 contribuer \u00e0 ce programme mondial.","og_url":"https:\/\/nutritiondialogues.org\/fr\/ressources\/devenez-un-convocateur\/","og_site_name":"Nutrition Dialogues","article_modified_time":"2024-08-28T14:38:56+00:00","twitter_card":"summary_large_image","twitter_misc":{"Dur\u00e9e de lecture estim\u00e9e":"2 minutes"},"schema":{"@context":"https:\/\/schema.org","@graph":[{"@type":"WebPage","@id":"https:\/\/nutritiondialogues.org\/fr\/ressources\/devenez-un-convocateur\/","url":"https:\/\/nutritiondialogues.org\/fr\/ressources\/devenez-un-convocateur\/","name":"Devenez un Organisateur - Nutrition Dialogues","isPartOf":{"@id":"https:\/\/nutritiondialogues.org\/#website"},"datePublished":"2024-08-20T15:05:29+00:00","dateModified":"2024-08-28T14:38:56+00:00","description":"Toutes les personnes int\u00e9ress\u00e9es par l'am\u00e9lioration de la nutrition sont invit\u00e9es \u00e0 devenir Convocateurs et \u00e0 contribuer \u00e0 ce programme mondial.","breadcrumb":{"@id":"https:\/\/nutritiondialogues.org\/fr\/ressources\/devenez-un-convocateur\/#breadcrumb"},"inLanguage":"fr-FR","potentialAction":[{"@type":"ReadAction","target":["https:\/\/nutritiondialogues.org\/fr\/ressources\/devenez-un-convocateur\/"]}]},{"@type":"BreadcrumbList","@id":"https:\/\/nutritiondialogues.org\/fr\/ressources\/devenez-un-convocateur\/#breadcrumb","itemListElement":[{"@type":"ListItem","position":1,"name":"Home","item":"https:\/\/nutritiondialogues.org\/fr\/"},{"@type":"ListItem","position":2,"name":"Ressources","item":"https:\/\/nutritiondialogues.org\/fr\/ressources\/"},{"@type":"ListItem","position":3,"name":"Devenez un Organisateur"}]},{"@type":"WebSite","@id":"https:\/\/nutritiondialogues.org\/#website","url":"https:\/\/nutritiondialogues.org\/","name":"Nutrition Dialogues","description":"Gateway","potentialAction":[{"@type":"SearchAction","target":{"@type":"EntryPoint","urlTemplate":"https:\/\/nutritiondialogues.org\/?s={search_term_string}"},"query-input":{"@type":"PropertyValueSpecification","valueRequired":true,"valueName":"search_term_string"}}],"inLanguage":"fr-FR"}]}},"acf":[],"_links":{"self":[{"href":"https:\/\/nutritiondialogues.org\/fr\/wp-json\/wp\/v2\/pages\/53849"}],"collection":[{"href":"https:\/\/nutritiondialogues.org\/fr\/wp-json\/wp\/v2\/pages"}],"about":[{"href":"https:\/\/nutritiondialogues.org\/fr\/wp-json\/wp\/v2\/types\/page"}],"author":[{"embeddable":true,"href":"https:\/\/nutritiondialogues.org\/fr\/wp-json\/wp\/v2\/users\/1384"}],"replies":[{"embeddable":true,"href":"https:\/\/nutritiondialogues.org\/fr\/wp-json\/wp\/v2\/comments?post=53849"}],"version-history":[{"count":3,"href":"https:\/\/nutritiondialogues.org\/fr\/wp-json\/wp\/v2\/pages\/53849\/revisions"}],"predecessor-version":[{"id":54121,"href":"https:\/\/nutritiondialogues.org\/fr\/wp-json\/wp\/v2\/pages\/53849\/revisions\/54121"}],"up":[{"embeddable":true,"href":"https:\/\/nutritiondialogues.org\/fr\/wp-json\/wp\/v2\/pages\/53951"}],"wp:attachment":[{"href":"https:\/\/nutritiondialogues.org\/fr\/wp-json\/wp\/v2\/media?parent=53849"}],"curies":[{"name":"wp","href":"https:\/\/api.w.org\/{rel}","templated":true}]}}