{"id":53915,"date":"2024-08-26T17:19:33","date_gmt":"2024-08-26T22:19:33","guid":{"rendered":"https:\/\/nutritiondialogues.org\/?page_id=53915"},"modified":"2024-08-28T04:12:54","modified_gmt":"2024-08-28T09:12:54","slug":"dialogues-des-parties-prenantes","status":"publish","type":"page","link":"https:\/\/nutritiondialogues.org\/fr\/ressources\/dialogues-des-parties-prenantes\/","title":{"rendered":"Les Dialogues des parties prenantes"},"content":{"rendered":"<div class=\"wpb-content-wrapper\"><p>[vc_row][vc_column][vc_column_text]<\/p>\n<h1>Les Dialogues des parties prenantes<\/h1>\n<p>Les Dialogues des parties prenantes sont des opportunit\u00e9s pour des participants diversifi\u00e9s de s&rsquo;engager dans un dialogue au sein d&rsquo;un groupe de parties prenantes sp\u00e9cifique (par exemple, entre des groupes de femmes, ou entre des agriculteurs) ou de rassembler plusieurs parties prenantes (telles que des agriculteurs, des entreprises locales, la soci\u00e9t\u00e9 civile, des \u00e9coles, des autorit\u00e9s locales, le gouvernement national, des scientifiques et des groupes religieux). Les Dialogues des parties prenantes sp\u00e9cifiques et multipartites explorent des options pour une meilleure nutrition dans diff\u00e9rents contextes locaux. Ils consid\u00e8rent ces options sous une grande vari\u00e9t\u00e9 de perspectives et priorisent les interventions qui peuvent soutenir des actions plus impactantes.<br \/>\nL&rsquo;approche standardis\u00e9e des Dialogues des parties prenantes est con\u00e7ue pour aider les organisateurs \u00e0 s&rsquo;assurer que chaque \u00e9v\u00e9nement de dialogue atteint ses objectifs en :<\/p>\n<ul>\n<li>Favoriser une diversit\u00e9 de perspectives.<\/li>\n<li>Utiliser un format \u00e9prouv\u00e9.<\/li>\n<li>Permettre des discussions cibl\u00e9es et productives.<\/li>\n<li>Avoir un focus clair sur les priorit\u00e9s pour une meilleure nutrition.<\/li>\n<li>Conduire \u00e0 des r\u00e9sultats pouvant \u00eatre syst\u00e9matiquement int\u00e9gr\u00e9s dans des synth\u00e8ses.<\/li>\n<li>Publier les messages cl\u00e9s avant le Sommet N4G.<\/li>\n<\/ul>\n<div class=\"page\" title=\"Page 11\">\n<div class=\"section\">\n<div class=\"layoutArea\">\n<div class=\"column\">\n<p>Une structure d&rsquo;\u00e9v\u00e9nement de Dialogue des parties prenantes comprend g\u00e9n\u00e9ralement une ouverture, des groupes de discussion et une session de consolidation.<img decoding=\"async\" class=\"alignnone wp-image-53908 size-full\" src=\"https:\/\/nutritiondialogues.org\/wp-content\/uploads\/2024\/08\/Structure-fr-sd.png\" alt=\"\" width=\"1182\" height=\"204\" srcset=\"https:\/\/nutritiondialogues.org\/wp-content\/uploads\/2024\/08\/Structure-fr-sd.png 1182w, https:\/\/nutritiondialogues.org\/wp-content\/uploads\/2024\/08\/Structure-fr-sd-300x52.png 300w, https:\/\/nutritiondialogues.org\/wp-content\/uploads\/2024\/08\/Structure-fr-sd-1024x177.png 1024w, https:\/\/nutritiondialogues.org\/wp-content\/uploads\/2024\/08\/Structure-fr-sd-768x133.png 768w, https:\/\/nutritiondialogues.org\/wp-content\/uploads\/2024\/08\/Structure-fr-sd-150x26.png 150w\" sizes=\"(max-width: 1182px) 100vw, 1182px\" \/> Les organisateurs peuvent adapter la m\u00e9thode pour r\u00e9pondre \u00e0 leurs besoins et \u00e0 leur contexte, cependant, l&rsquo;objectif doit toujours \u00eatre des \u00e9changes significatifs entre tous les participants qui respectent les Principes d&rsquo;engagement. Pour refl\u00e9ter l&rsquo;aspect de non-attribution, les gardiens des registres doivent \u00eatre inform\u00e9s de \u00ab l&rsquo;application de la r\u00e8gle de Chatham House \u00bb afin de ne pas enregistrer les noms des personnes avec ce qui est dit et les facilitateurs ne doivent pas mentionner les noms dans leur rapport de retour.<\/p>\n<p><img decoding=\"async\" class=\"alignnone wp-image-53909 size-full\" src=\"https:\/\/nutritiondialogues.org\/wp-content\/uploads\/2024\/08\/agenda-fr-sd.png\" alt=\"\" width=\"1298\" height=\"754\" srcset=\"https:\/\/nutritiondialogues.org\/wp-content\/uploads\/2024\/08\/agenda-fr-sd.png 1298w, https:\/\/nutritiondialogues.org\/wp-content\/uploads\/2024\/08\/agenda-fr-sd-300x174.png 300w, https:\/\/nutritiondialogues.org\/wp-content\/uploads\/2024\/08\/agenda-fr-sd-1024x595.png 1024w, https:\/\/nutritiondialogues.org\/wp-content\/uploads\/2024\/08\/agenda-fr-sd-768x446.png 768w, https:\/\/nutritiondialogues.org\/wp-content\/uploads\/2024\/08\/agenda-fr-sd-150x87.png 150w\" sizes=\"(max-width: 1298px) 100vw, 1298px\" \/><br \/>\nPour des informations plus d\u00e9taill\u00e9es, lisez le <a href=\"https:\/\/nutritiondialogues.org\/wp-content\/uploads\/2024\/07\/Nutrition-Dialogues-Reference-Manual-.pdf\" target=\"_blank\" rel=\"noopener\">Manuel de r\u00e9f\u00e9rence<\/a> et le <a href=\"https:\/\/nutritiondialogues.org\/wp-content\/uploads\/2024\/07\/SBS-Stakeholder-Dialogues-Web.pdf\" target=\"_blank\" rel=\"noopener\">Guide \u00e9tape par \u00e9tape de l&rsquo;organisateur.<\/a> Vous pouvez \u00e9galement vous connecter au Portail et visiter la section Espaces de Formation et d&rsquo;Orientation de\u00a0<a href=\"https:\/\/nutritiondialogues.org\/portal\/welcome\/\">votre profil.<\/a><\/p>\n<\/div>\n<\/div>\n<\/div>\n<\/div>\n<p>[\/vc_column_text][\/vc_column][\/vc_row]<\/p>\n<\/div>","protected":false},"excerpt":{"rendered":"<p>[vc_row][vc_column][vc_column_text] Les Dialogues des parties prenantes Les Dialogues des parties prenantes sont des opportunit\u00e9s pour des participants diversifi\u00e9s de s&rsquo;engager dans un dialogue au sein d&rsquo;un groupe de parties prenantes sp\u00e9cifique (par exemple, entre des groupes de femmes, ou entre des agriculteurs) ou de rassembler plusieurs parties prenantes (telles que des agriculteurs, des entreprises locales,&hellip;<\/p>\n","protected":false},"author":1384,"featured_media":0,"parent":53951,"menu_order":0,"comment_status":"closed","ping_status":"closed","template":"","meta":{"_acf_changed":false,"footnotes":""},"class_list":["post-53915","page","type-page","status-publish","hentry","description-off"],"yoast_head":"<!-- This site is optimized with the Yoast SEO plugin v23.7 - https:\/\/yoast.com\/wordpress\/plugins\/seo\/ -->\n<title>Les Dialogues des parties prenantes - Nutrition Dialogues<\/title>\n<meta name=\"robots\" content=\"index, follow, max-snippet:-1, max-image-preview:large, max-video-preview:-1\" \/>\n<link rel=\"canonical\" href=\"https:\/\/nutritiondialogues.org\/fr\/ressources\/dialogues-des-parties-prenantes\/\" \/>\n<meta property=\"og:locale\" content=\"fr_FR\" \/>\n<meta property=\"og:type\" content=\"article\" \/>\n<meta property=\"og:title\" content=\"Les Dialogues des parties prenantes - Nutrition Dialogues\" \/>\n<meta property=\"og:description\" content=\"[vc_row][vc_column][vc_column_text] Les Dialogues des parties prenantes Les Dialogues des parties prenantes sont des opportunit\u00e9s pour des participants diversifi\u00e9s de s&rsquo;engager dans un dialogue au sein d&rsquo;un groupe de parties prenantes sp\u00e9cifique (par exemple, entre des groupes de femmes, ou entre des agriculteurs) ou de rassembler plusieurs parties prenantes (telles que des agriculteurs, des entreprises locales,&hellip;\" \/>\n<meta property=\"og:url\" content=\"https:\/\/nutritiondialogues.org\/fr\/ressources\/dialogues-des-parties-prenantes\/\" \/>\n<meta property=\"og:site_name\" content=\"Nutrition Dialogues\" \/>\n<meta property=\"article:modified_time\" content=\"2024-08-28T09:12:54+00:00\" \/>\n<meta property=\"og:image\" content=\"https:\/\/nutritiondialogues.org\/wp-content\/uploads\/2024\/08\/Structure-fr-sd.png\" \/>\n<meta name=\"twitter:card\" content=\"summary_large_image\" \/>\n<meta name=\"twitter:label1\" content=\"Dur\u00e9e de lecture estim\u00e9e\" \/>\n\t<meta name=\"twitter:data1\" content=\"2 minutes\" \/>\n<script type=\"application\/ld+json\" class=\"yoast-schema-graph\">{\"@context\":\"https:\/\/schema.org\",\"@graph\":[{\"@type\":\"WebPage\",\"@id\":\"https:\/\/nutritiondialogues.org\/fr\/ressources\/dialogues-des-parties-prenantes\/\",\"url\":\"https:\/\/nutritiondialogues.org\/fr\/ressources\/dialogues-des-parties-prenantes\/\",\"name\":\"Les Dialogues des parties prenantes - Nutrition Dialogues\",\"isPartOf\":{\"@id\":\"https:\/\/nutritiondialogues.org\/#website\"},\"primaryImageOfPage\":{\"@id\":\"https:\/\/nutritiondialogues.org\/fr\/ressources\/dialogues-des-parties-prenantes\/#primaryimage\"},\"image\":{\"@id\":\"https:\/\/nutritiondialogues.org\/fr\/ressources\/dialogues-des-parties-prenantes\/#primaryimage\"},\"thumbnailUrl\":\"https:\/\/nutritiondialogues.org\/wp-content\/uploads\/2024\/08\/Structure-fr-sd.png\",\"datePublished\":\"2024-08-26T22:19:33+00:00\",\"dateModified\":\"2024-08-28T09:12:54+00:00\",\"breadcrumb\":{\"@id\":\"https:\/\/nutritiondialogues.org\/fr\/ressources\/dialogues-des-parties-prenantes\/#breadcrumb\"},\"inLanguage\":\"fr-FR\",\"potentialAction\":[{\"@type\":\"ReadAction\",\"target\":[\"https:\/\/nutritiondialogues.org\/fr\/ressources\/dialogues-des-parties-prenantes\/\"]}]},{\"@type\":\"ImageObject\",\"inLanguage\":\"fr-FR\",\"@id\":\"https:\/\/nutritiondialogues.org\/fr\/ressources\/dialogues-des-parties-prenantes\/#primaryimage\",\"url\":\"https:\/\/nutritiondialogues.org\/wp-content\/uploads\/2024\/08\/Structure-fr-sd.png\",\"contentUrl\":\"https:\/\/nutritiondialogues.org\/wp-content\/uploads\/2024\/08\/Structure-fr-sd.png\"},{\"@type\":\"BreadcrumbList\",\"@id\":\"https:\/\/nutritiondialogues.org\/fr\/ressources\/dialogues-des-parties-prenantes\/#breadcrumb\",\"itemListElement\":[{\"@type\":\"ListItem\",\"position\":1,\"name\":\"Home\",\"item\":\"https:\/\/nutritiondialogues.org\/fr\/\"},{\"@type\":\"ListItem\",\"position\":2,\"name\":\"Ressources\",\"item\":\"https:\/\/nutritiondialogues.org\/fr\/ressources\/\"},{\"@type\":\"ListItem\",\"position\":3,\"name\":\"Les Dialogues des parties prenantes\"}]},{\"@type\":\"WebSite\",\"@id\":\"https:\/\/nutritiondialogues.org\/#website\",\"url\":\"https:\/\/nutritiondialogues.org\/\",\"name\":\"Nutrition Dialogues\",\"description\":\"Gateway\",\"potentialAction\":[{\"@type\":\"SearchAction\",\"target\":{\"@type\":\"EntryPoint\",\"urlTemplate\":\"https:\/\/nutritiondialogues.org\/?s={search_term_string}\"},\"query-input\":{\"@type\":\"PropertyValueSpecification\",\"valueRequired\":true,\"valueName\":\"search_term_string\"}}],\"inLanguage\":\"fr-FR\"}]}<\/script>\n<!-- \/ Yoast SEO plugin. -->","yoast_head_json":{"title":"Les Dialogues des parties prenantes - Nutrition Dialogues","robots":{"index":"index","follow":"follow","max-snippet":"max-snippet:-1","max-image-preview":"max-image-preview:large","max-video-preview":"max-video-preview:-1"},"canonical":"https:\/\/nutritiondialogues.org\/fr\/ressources\/dialogues-des-parties-prenantes\/","og_locale":"fr_FR","og_type":"article","og_title":"Les Dialogues des parties prenantes - Nutrition Dialogues","og_description":"[vc_row][vc_column][vc_column_text] Les Dialogues des parties prenantes Les Dialogues des parties prenantes sont des opportunit\u00e9s pour des participants diversifi\u00e9s de s&rsquo;engager dans un dialogue au sein d&rsquo;un groupe de parties prenantes sp\u00e9cifique (par exemple, entre des groupes de femmes, ou entre des agriculteurs) ou de rassembler plusieurs parties prenantes (telles que des agriculteurs, des entreprises locales,&hellip;","og_url":"https:\/\/nutritiondialogues.org\/fr\/ressources\/dialogues-des-parties-prenantes\/","og_site_name":"Nutrition Dialogues","article_modified_time":"2024-08-28T09:12:54+00:00","og_image":[{"url":"https:\/\/nutritiondialogues.org\/wp-content\/uploads\/2024\/08\/Structure-fr-sd.png"}],"twitter_card":"summary_large_image","twitter_misc":{"Dur\u00e9e de lecture estim\u00e9e":"2 minutes"},"schema":{"@context":"https:\/\/schema.org","@graph":[{"@type":"WebPage","@id":"https:\/\/nutritiondialogues.org\/fr\/ressources\/dialogues-des-parties-prenantes\/","url":"https:\/\/nutritiondialogues.org\/fr\/ressources\/dialogues-des-parties-prenantes\/","name":"Les Dialogues des parties prenantes - Nutrition Dialogues","isPartOf":{"@id":"https:\/\/nutritiondialogues.org\/#website"},"primaryImageOfPage":{"@id":"https:\/\/nutritiondialogues.org\/fr\/ressources\/dialogues-des-parties-prenantes\/#primaryimage"},"image":{"@id":"https:\/\/nutritiondialogues.org\/fr\/ressources\/dialogues-des-parties-prenantes\/#primaryimage"},"thumbnailUrl":"https:\/\/nutritiondialogues.org\/wp-content\/uploads\/2024\/08\/Structure-fr-sd.png","datePublished":"2024-08-26T22:19:33+00:00","dateModified":"2024-08-28T09:12:54+00:00","breadcrumb":{"@id":"https:\/\/nutritiondialogues.org\/fr\/ressources\/dialogues-des-parties-prenantes\/#breadcrumb"},"inLanguage":"fr-FR","potentialAction":[{"@type":"ReadAction","target":["https:\/\/nutritiondialogues.org\/fr\/ressources\/dialogues-des-parties-prenantes\/"]}]},{"@type":"ImageObject","inLanguage":"fr-FR","@id":"https:\/\/nutritiondialogues.org\/fr\/ressources\/dialogues-des-parties-prenantes\/#primaryimage","url":"https:\/\/nutritiondialogues.org\/wp-content\/uploads\/2024\/08\/Structure-fr-sd.png","contentUrl":"https:\/\/nutritiondialogues.org\/wp-content\/uploads\/2024\/08\/Structure-fr-sd.png"},{"@type":"BreadcrumbList","@id":"https:\/\/nutritiondialogues.org\/fr\/ressources\/dialogues-des-parties-prenantes\/#breadcrumb","itemListElement":[{"@type":"ListItem","position":1,"name":"Home","item":"https:\/\/nutritiondialogues.org\/fr\/"},{"@type":"ListItem","position":2,"name":"Ressources","item":"https:\/\/nutritiondialogues.org\/fr\/ressources\/"},{"@type":"ListItem","position":3,"name":"Les Dialogues des parties prenantes"}]},{"@type":"WebSite","@id":"https:\/\/nutritiondialogues.org\/#website","url":"https:\/\/nutritiondialogues.org\/","name":"Nutrition Dialogues","description":"Gateway","potentialAction":[{"@type":"SearchAction","target":{"@type":"EntryPoint","urlTemplate":"https:\/\/nutritiondialogues.org\/?s={search_term_string}"},"query-input":{"@type":"PropertyValueSpecification","valueRequired":true,"valueName":"search_term_string"}}],"inLanguage":"fr-FR"}]}},"acf":[],"_links":{"self":[{"href":"https:\/\/nutritiondialogues.org\/fr\/wp-json\/wp\/v2\/pages\/53915"}],"collection":[{"href":"https:\/\/nutritiondialogues.org\/fr\/wp-json\/wp\/v2\/pages"}],"about":[{"href":"https:\/\/nutritiondialogues.org\/fr\/wp-json\/wp\/v2\/types\/page"}],"author":[{"embeddable":true,"href":"https:\/\/nutritiondialogues.org\/fr\/wp-json\/wp\/v2\/users\/1384"}],"replies":[{"embeddable":true,"href":"https:\/\/nutritiondialogues.org\/fr\/wp-json\/wp\/v2\/comments?post=53915"}],"version-history":[{"count":2,"href":"https:\/\/nutritiondialogues.org\/fr\/wp-json\/wp\/v2\/pages\/53915\/revisions"}],"predecessor-version":[{"id":54044,"href":"https:\/\/nutritiondialogues.org\/fr\/wp-json\/wp\/v2\/pages\/53915\/revisions\/54044"}],"up":[{"embeddable":true,"href":"https:\/\/nutritiondialogues.org\/fr\/wp-json\/wp\/v2\/pages\/53951"}],"wp:attachment":[{"href":"https:\/\/nutritiondialogues.org\/fr\/wp-json\/wp\/v2\/media?parent=53915"}],"curies":[{"name":"wp","href":"https:\/\/api.w.org\/{rel}","templated":true}]}}