{"id":53917,"date":"2024-08-26T17:23:22","date_gmt":"2024-08-26T22:23:22","guid":{"rendered":"https:\/\/nutritiondialogues.org\/?page_id=53917"},"modified":"2026-02-16T09:44:41","modified_gmt":"2026-02-16T15:44:41","slug":"espaces-de-formation-et-dorientation","status":"publish","type":"page","link":"https:\/\/nutritiondialogues.org\/fr\/ressources\/espaces-de-formation-et-dorientation\/","title":{"rendered":"Espaces de formation et d&rsquo;orientation"},"content":{"rendered":"<div class=\"wpb-content-wrapper\"><p>[vc_row][vc_column][vc_column_text]<\/p>\n<h1>Espaces de formation et d&rsquo;orientation<\/h1>\n<p>[\/vc_column_text][\/vc_column][\/vc_row][vc_row][vc_column][vc_column_text css=\u00a0\u00bb\u00a0\u00bb]<\/p>\n<h4>Espaces Collectifs de Formation et d&rsquo;Orientation en Ligne<\/h4>\n<p>Nous organisons des sessions collectives de formation et d&rsquo;orientation en ligne pour les <strong>Organisateurs, Curateurs, Facilitateurs<\/strong> et <strong>Gardiens des Registres<\/strong> des <strong>Dialogues sur la Nutrition<\/strong>. Ces sessions sont con\u00e7ues pour :<\/p>\n<ul>\n<li><strong>Orienter les Participants<\/strong> : Fournir une vue d&rsquo;ensemble compl\u00e8te du processus d&rsquo;organisation des \u00e9v\u00e9nements des Dialogues sur la Nutrition.<\/li>\n<li><strong>Renforcer les Capacit\u00e9s<\/strong> : Am\u00e9liorer vos comp\u00e9tences et connaissances pour g\u00e9rer et ex\u00e9cuter efficacement les \u00e9v\u00e9nements.<\/li>\n<li><strong>Faciliter l&rsquo;Apprentissage<\/strong> : Partager des exp\u00e9riences et des bonnes pratiques pour promouvoir une am\u00e9lioration continue.<\/li>\n<\/ul>\n<h4>Objectif et Avantages<\/h4>\n<p>Ces espaces de formation offrent une opportunit\u00e9 pr\u00e9cieuse pour les personnes impliqu\u00e9es dans les Dialogues sur la Nutrition de :<\/p>\n<ul>\n<li><strong>Se Connecter et Collaborer<\/strong> : Interagir avec des pairs et des experts pour cr\u00e9er un r\u00e9seau de soutien.<\/li>\n<li><strong>Apprendre les uns des autres<\/strong> : Acqu\u00e9rir des id\u00e9es et tirer des enseignements des exp\u00e9riences des autres dans le domaine.<\/li>\n<li><strong>Promouvoir un Apprentissage Rapide<\/strong> : Soutenir les approches bas\u00e9es sur le dialogue pour le changement de syst\u00e8me de mani\u00e8re personnelle et productive.<\/li>\n<\/ul>\n<h4>Sessions \u00e0 Venir :<\/h4>\n<p>[\/vc_column_text][\/vc_column][\/vc_row][vc_row][vc_column][vc_column_text css=\u00a0\u00bb\u00a0\u00bb]<\/p>\n<hr \/>\n<h4><strong>Date: jeudi, 12 mars 2026 \u00e0 13:00 &#8211; 14:30 CET<\/strong><\/h4>\n<h4>Espace de Formation et d&rsquo;Orientation des Dialogues sur la Nutrition 2.0 &#8211; #1<\/h4>\n<p><!--StartFragment -->La session proposera :<\/p>\n<ul>\n<li>Une orientation sur la deuxi\u00e8me phase de l\u2019initiative Dialogues sur la Nutrition ;<\/li>\n<li>Une formation aux m\u00e9thodologies de dialogue \u2013 pour l\u2019Atelier des enfants comme pour le Dialogue des parties prenantes ;<\/li>\n<li>Un espace interactif permettant aux participants de partager leurs exp\u00e9riences.<\/li>\n<\/ul>\n<p>[\/vc_column_text][\/vc_column][\/vc_row][vc_row][vc_column][vc_btn title=\u00a0\u00bbS\u2019inscrire \u00e0 la r\u00e9union Zoom\u00a0\u00bb color=\u00a0\u00bbblue\u00a0\u00bb css=\u00a0\u00bb\u00a0\u00bb link=\u00a0\u00bburl:https%3A%2F%2Fus02web.zoom.us%2Fmeeting%2Fregister%2FXl0YJInwTP2GLbqeAUWAQw%23%2Fregistration|target:_blank\u00a0\u00bb][\/vc_column][\/vc_row][vc_row][vc_column][vc_column_text css=\u00a0\u00bb\u00a0\u00bb]<\/p>\n<hr \/>\n<h4><strong>Date : jeudi, 18 juin 2026 \u00e0 13:00 &#8211; 14:30 CET<\/strong><\/h4>\n<h4>Espace de Formation et d&rsquo;Orientation des Dialogues sur la Nutrition 2.0 &#8211; #2<\/h4>\n<p><!--StartFragment -->La session proposera :<\/p>\n<ul>\n<li>Une orientation sur la deuxi\u00e8me phase de l\u2019initiative Dialogues sur la Nutrition\u00a0;<\/li>\n<li>Une formation aux m\u00e9thodologies de dialogue \u2013 pour l\u2019Atelier des enfants comme pour le Dialogue des parties prenantes ;<\/li>\n<li>Nouveau module sur la synth\u00e8se des r\u00e9sultats des Dialogues ;<\/li>\n<li>Un espace interactif permettant aux participants de partager leurs exp\u00e9riences.<\/li>\n<\/ul>\n<p>Lien d\u2019inscription \u00e0 venir[\/vc_column_text][\/vc_column][\/vc_row][vc_row disable_element=\u00a0\u00bbyes\u00a0\u00bb][vc_column][vc_btn title=\u00a0\u00bbJoin the Zoom meeting\u00a0\u00bb color=\u00a0\u00bbblue\u00a0\u00bb css=\u00a0\u00bb\u00a0\u00bb link=\u00a0\u00bburl:https%3A%2F%2Fus02web.zoom.us%2Fmeeting%2Fregister%2FtZcudOmgqj0sGNITJNZEO8UMDBsAlIwBNg2c|target:_blank\u00a0\u00bb][\/vc_column][\/vc_row][vc_row][vc_column][vc_column_text css=\u00a0\u00bb\u00a0\u00bb]<\/p>\n<hr \/>\n<h4><strong>Sessions p\u00e9riodiques d\u2019apprentissage entre pairs<\/strong><\/h4>\n<p>De plus, des sessions p\u00e9riodiques d\u2019apprentissage entre pairs seront propos\u00e9es aux \u00e9quipes qui \u00e9laborent un Appel \u00e0 l\u2019action national issu des Dialogues sur la nutrition dans leurs pays.[\/vc_column_text][\/vc_column][\/vc_row]<\/p>\n<\/div>","protected":false},"excerpt":{"rendered":"<p>[vc_row][vc_column][vc_column_text] Espaces de formation et d&rsquo;orientation [\/vc_column_text][\/vc_column][\/vc_row][vc_row][vc_column][vc_column_text css=\u00a0\u00bb\u00a0\u00bb] Espaces Collectifs de Formation et d&rsquo;Orientation en Ligne Nous organisons des sessions collectives de formation et d&rsquo;orientation en ligne pour les Organisateurs, Curateurs, Facilitateurs et Gardiens des Registres des Dialogues sur la Nutrition. Ces sessions sont con\u00e7ues pour : Orienter les Participants : Fournir une vue d&rsquo;ensemble&hellip;<\/p>\n","protected":false},"author":1384,"featured_media":0,"parent":53951,"menu_order":0,"comment_status":"closed","ping_status":"closed","template":"","meta":{"_acf_changed":false,"footnotes":""},"class_list":["post-53917","page","type-page","status-publish","hentry","description-off"],"yoast_head":"<!-- This site is optimized with the Yoast SEO plugin v23.7 - https:\/\/yoast.com\/wordpress\/plugins\/seo\/ -->\n<title>Espaces de formation et d&#039;orientation - Nutrition Dialogues<\/title>\n<meta name=\"robots\" content=\"index, follow, max-snippet:-1, max-image-preview:large, max-video-preview:-1\" \/>\n<link rel=\"canonical\" href=\"https:\/\/nutritiondialogues.org\/fr\/ressources\/espaces-de-formation-et-dorientation\/\" \/>\n<meta property=\"og:locale\" content=\"fr_FR\" \/>\n<meta property=\"og:type\" content=\"article\" \/>\n<meta property=\"og:title\" content=\"Espaces de formation et d&#039;orientation - Nutrition Dialogues\" \/>\n<meta property=\"og:description\" content=\"[vc_row][vc_column][vc_column_text] Espaces de formation et d&rsquo;orientation [\/vc_column_text][\/vc_column][\/vc_row][vc_row][vc_column][vc_column_text css=\u00a0\u00bb\u00a0\u00bb] Espaces Collectifs de Formation et d&rsquo;Orientation en Ligne Nous organisons des sessions collectives de formation et d&rsquo;orientation en ligne pour les Organisateurs, Curateurs, Facilitateurs et Gardiens des Registres des Dialogues sur la Nutrition. Ces sessions sont con\u00e7ues pour : Orienter les Participants : Fournir une vue d&rsquo;ensemble&hellip;\" \/>\n<meta property=\"og:url\" content=\"https:\/\/nutritiondialogues.org\/fr\/ressources\/espaces-de-formation-et-dorientation\/\" \/>\n<meta property=\"og:site_name\" content=\"Nutrition Dialogues\" \/>\n<meta property=\"article:modified_time\" content=\"2026-02-16T15:44:41+00:00\" \/>\n<meta name=\"twitter:card\" content=\"summary_large_image\" \/>\n<meta name=\"twitter:label1\" content=\"Dur\u00e9e de lecture estim\u00e9e\" \/>\n\t<meta name=\"twitter:data1\" content=\"2 minutes\" \/>\n<script type=\"application\/ld+json\" class=\"yoast-schema-graph\">{\"@context\":\"https:\/\/schema.org\",\"@graph\":[{\"@type\":\"WebPage\",\"@id\":\"https:\/\/nutritiondialogues.org\/fr\/ressources\/espaces-de-formation-et-dorientation\/\",\"url\":\"https:\/\/nutritiondialogues.org\/fr\/ressources\/espaces-de-formation-et-dorientation\/\",\"name\":\"Espaces de formation et d'orientation - Nutrition Dialogues\",\"isPartOf\":{\"@id\":\"https:\/\/nutritiondialogues.org\/#website\"},\"datePublished\":\"2024-08-26T22:23:22+00:00\",\"dateModified\":\"2026-02-16T15:44:41+00:00\",\"breadcrumb\":{\"@id\":\"https:\/\/nutritiondialogues.org\/fr\/ressources\/espaces-de-formation-et-dorientation\/#breadcrumb\"},\"inLanguage\":\"fr-FR\",\"potentialAction\":[{\"@type\":\"ReadAction\",\"target\":[\"https:\/\/nutritiondialogues.org\/fr\/ressources\/espaces-de-formation-et-dorientation\/\"]}]},{\"@type\":\"BreadcrumbList\",\"@id\":\"https:\/\/nutritiondialogues.org\/fr\/ressources\/espaces-de-formation-et-dorientation\/#breadcrumb\",\"itemListElement\":[{\"@type\":\"ListItem\",\"position\":1,\"name\":\"Home\",\"item\":\"https:\/\/nutritiondialogues.org\/fr\/\"},{\"@type\":\"ListItem\",\"position\":2,\"name\":\"Ressources\",\"item\":\"https:\/\/nutritiondialogues.org\/fr\/ressources\/\"},{\"@type\":\"ListItem\",\"position\":3,\"name\":\"Espaces de formation et d&#8217;orientation\"}]},{\"@type\":\"WebSite\",\"@id\":\"https:\/\/nutritiondialogues.org\/#website\",\"url\":\"https:\/\/nutritiondialogues.org\/\",\"name\":\"Nutrition Dialogues\",\"description\":\"Gateway\",\"potentialAction\":[{\"@type\":\"SearchAction\",\"target\":{\"@type\":\"EntryPoint\",\"urlTemplate\":\"https:\/\/nutritiondialogues.org\/?s={search_term_string}\"},\"query-input\":{\"@type\":\"PropertyValueSpecification\",\"valueRequired\":true,\"valueName\":\"search_term_string\"}}],\"inLanguage\":\"fr-FR\"}]}<\/script>\n<!-- \/ Yoast SEO plugin. -->","yoast_head_json":{"title":"Espaces de formation et d'orientation - Nutrition Dialogues","robots":{"index":"index","follow":"follow","max-snippet":"max-snippet:-1","max-image-preview":"max-image-preview:large","max-video-preview":"max-video-preview:-1"},"canonical":"https:\/\/nutritiondialogues.org\/fr\/ressources\/espaces-de-formation-et-dorientation\/","og_locale":"fr_FR","og_type":"article","og_title":"Espaces de formation et d'orientation - Nutrition Dialogues","og_description":"[vc_row][vc_column][vc_column_text] Espaces de formation et d&rsquo;orientation [\/vc_column_text][\/vc_column][\/vc_row][vc_row][vc_column][vc_column_text css=\u00a0\u00bb\u00a0\u00bb] Espaces Collectifs de Formation et d&rsquo;Orientation en Ligne Nous organisons des sessions collectives de formation et d&rsquo;orientation en ligne pour les Organisateurs, Curateurs, Facilitateurs et Gardiens des Registres des Dialogues sur la Nutrition. Ces sessions sont con\u00e7ues pour : Orienter les Participants : Fournir une vue d&rsquo;ensemble&hellip;","og_url":"https:\/\/nutritiondialogues.org\/fr\/ressources\/espaces-de-formation-et-dorientation\/","og_site_name":"Nutrition Dialogues","article_modified_time":"2026-02-16T15:44:41+00:00","twitter_card":"summary_large_image","twitter_misc":{"Dur\u00e9e de lecture estim\u00e9e":"2 minutes"},"schema":{"@context":"https:\/\/schema.org","@graph":[{"@type":"WebPage","@id":"https:\/\/nutritiondialogues.org\/fr\/ressources\/espaces-de-formation-et-dorientation\/","url":"https:\/\/nutritiondialogues.org\/fr\/ressources\/espaces-de-formation-et-dorientation\/","name":"Espaces de formation et d'orientation - Nutrition Dialogues","isPartOf":{"@id":"https:\/\/nutritiondialogues.org\/#website"},"datePublished":"2024-08-26T22:23:22+00:00","dateModified":"2026-02-16T15:44:41+00:00","breadcrumb":{"@id":"https:\/\/nutritiondialogues.org\/fr\/ressources\/espaces-de-formation-et-dorientation\/#breadcrumb"},"inLanguage":"fr-FR","potentialAction":[{"@type":"ReadAction","target":["https:\/\/nutritiondialogues.org\/fr\/ressources\/espaces-de-formation-et-dorientation\/"]}]},{"@type":"BreadcrumbList","@id":"https:\/\/nutritiondialogues.org\/fr\/ressources\/espaces-de-formation-et-dorientation\/#breadcrumb","itemListElement":[{"@type":"ListItem","position":1,"name":"Home","item":"https:\/\/nutritiondialogues.org\/fr\/"},{"@type":"ListItem","position":2,"name":"Ressources","item":"https:\/\/nutritiondialogues.org\/fr\/ressources\/"},{"@type":"ListItem","position":3,"name":"Espaces de formation et d&#8217;orientation"}]},{"@type":"WebSite","@id":"https:\/\/nutritiondialogues.org\/#website","url":"https:\/\/nutritiondialogues.org\/","name":"Nutrition Dialogues","description":"Gateway","potentialAction":[{"@type":"SearchAction","target":{"@type":"EntryPoint","urlTemplate":"https:\/\/nutritiondialogues.org\/?s={search_term_string}"},"query-input":{"@type":"PropertyValueSpecification","valueRequired":true,"valueName":"search_term_string"}}],"inLanguage":"fr-FR"}]}},"acf":[],"_links":{"self":[{"href":"https:\/\/nutritiondialogues.org\/fr\/wp-json\/wp\/v2\/pages\/53917"}],"collection":[{"href":"https:\/\/nutritiondialogues.org\/fr\/wp-json\/wp\/v2\/pages"}],"about":[{"href":"https:\/\/nutritiondialogues.org\/fr\/wp-json\/wp\/v2\/types\/page"}],"author":[{"embeddable":true,"href":"https:\/\/nutritiondialogues.org\/fr\/wp-json\/wp\/v2\/users\/1384"}],"replies":[{"embeddable":true,"href":"https:\/\/nutritiondialogues.org\/fr\/wp-json\/wp\/v2\/comments?post=53917"}],"version-history":[{"count":12,"href":"https:\/\/nutritiondialogues.org\/fr\/wp-json\/wp\/v2\/pages\/53917\/revisions"}],"predecessor-version":[{"id":60127,"href":"https:\/\/nutritiondialogues.org\/fr\/wp-json\/wp\/v2\/pages\/53917\/revisions\/60127"}],"up":[{"embeddable":true,"href":"https:\/\/nutritiondialogues.org\/fr\/wp-json\/wp\/v2\/pages\/53951"}],"wp:attachment":[{"href":"https:\/\/nutritiondialogues.org\/fr\/wp-json\/wp\/v2\/media?parent=53917"}],"curies":[{"name":"wp","href":"https:\/\/api.w.org\/{rel}","templated":true}]}}