{"id":53932,"date":"2024-08-26T17:48:27","date_gmt":"2024-08-26T22:48:27","guid":{"rendered":"https:\/\/nutritiondialogues.org\/?page_id=53932"},"modified":"2024-08-29T07:09:16","modified_gmt":"2024-08-29T12:09:16","slug":"limportance-dune-bonne-nutrition-2","status":"publish","type":"page","link":"https:\/\/nutritiondialogues.org\/fr\/apercu\/limportance-dune-bonne-nutrition-2\/","title":{"rendered":"L&rsquo;importance d&rsquo;une bonne nutrition"},"content":{"rendered":"<div class=\"wpb-content-wrapper\"><p>[vc_row][vc_column][vc_column_text]<\/p>\n<h1>L&rsquo;importance d&rsquo;une bonne nutrition<\/h1>\n<p>Les gens ont besoin d&rsquo;\u00eatre bien nourris pour \u00e9viter les maladies, \u00eatre en bonne sant\u00e9 et r\u00e9aliser leur plein potentiel.Am\u00e9liorer la nutrition conduit \u00e0 des syst\u00e8mes immunitaires plus forts, des grossesses plus s\u00fbres, un risque r\u00e9duit de maladies non transmissibles (telles que le diab\u00e8te et les maladies cardiovasculaires) et une vie plus longue. Les enfants en bonne sant\u00e9 apprennent mieux et les adultes bien nourris sont plus productifs. Am\u00e9liorer la nutrition peut briser les cycles de pauvret\u00e9 et de faim entre les g\u00e9n\u00e9rations<sup>1<\/sup>. En m\u00eame temps, l&rsquo;acc\u00e9l\u00e9ration du changement climatique, le recours \u00e0 la violence pour r\u00e9soudre les conflits, l&rsquo;augmentation du co\u00fbt de la vie et la pand\u00e9mie de COVID-19 ont boulevers\u00e9 les syst\u00e8mes alimentaires et financiers, entra\u00eenant une augmentation du nombre de personnes malnutries. Les femmes et les enfants sont particuli\u00e8rement \u00e0 risque<sup>2<\/sup>.<\/p>\n<p>\u00c0 l&rsquo;\u00e9chelle mondiale, 2,33 milliards de personnes (soit 29 % de la population mondiale) n&rsquo;ont pas eu un acc\u00e8s constant \u00e0 une alimentation nutritive, s\u00fbre et suffisante. Parmi les enfants de moins de cinq ans, environ 148,1 millions (22,3 %) souffraient d&rsquo;un retard de croissance (trop petits pour leur \u00e2ge), 45 millions (6,8 %) \u00e9taient \u00e9maci\u00e9s (trop maigres pour leur \u00e2ge) et 37 millions (5,6 %) \u00e9taient en surpoids<sup>3<\/sup>. Le monde n&rsquo;est pas sur la bonne voie pour atteindre les objectifs mondiaux de nutrition des Objectifs de D\u00e9veloppement Durable (ODD) d&rsquo;ici 2030. La malnutrition repr\u00e9sente un lourd fardeau pour les individus et les soci\u00e9t\u00e9s. Les impacts d\u00e9veloppementaux, \u00e9conomiques, sociaux et m\u00e9dicaux de la malnutrition sont graves et durables, pour les individus et leurs familles, pour les communaut\u00e9s et pour les pays<sup>4<\/sup>.[\/vc_column_text][\/vc_column][\/vc_row][vc_row][vc_column width=\u00a0\u00bb2\/3&Prime;][vc_column_text css=\u00a0\u00bb.vc_custom_1722263041815{padding-top: 20px !important;padding-right: 20px !important;padding-bottom: 20px !important;padding-left: 20px !important;background-color: #5e85ff !important;}\u00a0\u00bb el_class=\u00a0\u00bbwhite-bullets\u00a0\u00bb]<span style=\"color: #ffffff;\">Au d\u00e9but des \u00e9v\u00e9nements de Dialogue sur la Nutrition, \u00e9tablir une base pour des discussions et des interventions inform\u00e9es peut fournir un fondement solide pour aborder les d\u00e9fis nutritionnels locaux.<\/span><br \/>\n<span style=\"color: #ffffff;\">Pour les Dialogues des parties prenantes, ces pr\u00e9sentations sont disponibles pour aider les Organisateurs \u00e0 pr\u00e9parer ce cadrage nutritionnel, couvrant deux aspects :<\/span><\/p>\n<ul>\n<li><span style=\"color: #ffffff;\"><strong>Introduction \u00e0 la Nutrition :<\/strong> Une pr\u00e9sentation introductive sur ce qu&rsquo;est la nutrition, les donn\u00e9es mondiales sur la nutrition et les opportunit\u00e9s qu&rsquo;une bonne nutrition pr\u00e9sente pour les soci\u00e9t\u00e9s et l&rsquo;avenir.<\/span><\/li>\n<li><span style=\"color: #ffffff;\"><strong>\u00c9tat de la Nutrition (mod\u00e8le)<\/strong> : Une diapositive PowerPoint pr\u00e9-format\u00e9e pour que les Organisateurs puissent entrer leurs informations locales ou nationales sur l&rsquo;\u00e9tat nutritionnel et les pr\u00e9senter aux Participants le jour m\u00eame.<\/span><\/li>\n<\/ul>\n<p><span style=\"color: #ffffff;\">Pour les Ateliers pour enfants, la pr\u00e9sentation <strong>Orientation sur le cadrage de la Nutrition<\/strong> fournit des conseils aux Organisateurs sur la fa\u00e7on de cadrer le sujet de la nutrition pour les enfants et les jeunes et comment cela peut \u00eatre adapt\u00e9 au contexte local.<\/span>[\/vc_column_text][\/vc_column][vc_column width=\u00a0\u00bb1\/3&Prime;][vc_single_image image=\u00a0\u00bb53527&Prime; img_size=\u00a0\u00bbfull\u00a0\u00bb onclick=\u00a0\u00bbcustom_link\u00a0\u00bb img_link_target=\u00a0\u00bb_blank\u00a0\u00bb link=\u00a0\u00bbhttps:\/\/nutritiondialogues.org\/wp-content\/uploads\/2024\/07\/Introduction-to-Nutrition-Slideset.pptx\u00a0\u00bb][vc_column_text css=\u00a0\u00bb.vc_custom_1724933192685{padding-right: 20px !important;padding-left: 20px !important;}\u00a0\u00bb el_class=\u00a0\u00bbwhite-bullets\u00a0\u00bb]T\u00e9l\u00e9charger PPT : \u00a0<a href=\"https:\/\/nutritiondialogues.org\/wp-content\/uploads\/2024\/08\/Introduction-to-Nutrition-Slideset.pptx\" target=\"_blank\" rel=\"noopener\">English<\/a>\u00a0|\u00a0<a href=\"https:\/\/nutritiondialogues.org\/wp-content\/uploads\/2024\/08\/FR-Introduction-to-Nutrition-Slideset-2.pptx\" target=\"_blank\" rel=\"noopener\">Fran\u00e7ais<\/a>\u00a0|\u00a0<a href=\"https:\/\/nutritiondialogues.org\/wp-content\/uploads\/2024\/08\/SP-Introduction-to-Nutrition-Slideset.pptx\" target=\"_blank\" rel=\"noopener\">Espa\u00f1ol<\/a>[\/vc_column_text][vc_single_image image=\u00a0\u00bb53533&Prime; img_size=\u00a0\u00bbfull\u00a0\u00bb onclick=\u00a0\u00bbcustom_link\u00a0\u00bb img_link_target=\u00a0\u00bb_blank\u00a0\u00bb link=\u00a0\u00bbhttps:\/\/nutritiondialogues.org\/wp-content\/uploads\/2024\/07\/Nutrition-Status-Template.pptx\u00a0\u00bb][vc_column_text css=\u00a0\u00bb.vc_custom_1724932030873{padding-right: 20px !important;padding-left: 20px !important;}\u00a0\u00bb el_class=\u00a0\u00bbwhite-bullets\u00a0\u00bb]T\u00e9l\u00e9charger la diapositive: <a href=\"https:\/\/nutritiondialogues.org\/wp-content\/uploads\/2024\/07\/Nutrition-Status-Template.pptx\" target=\"_blank\" rel=\"noopener\">English<\/a>\u00a0|\u00a0<a href=\"https:\/\/nutritiondialogues.org\/wp-content\/uploads\/2024\/08\/FR-Nutrition-Status-Template.pptx\" target=\"_blank\" rel=\"noopener\">Fran\u00e7ais<\/a>\u00a0|\u00a0<a href=\"https:\/\/nutritiondialogues.org\/wp-content\/uploads\/2024\/08\/SP-Nutrition-Status-Template.pptx\" target=\"_blank\" rel=\"noopener\">Espa\u00f1ol<\/a>[\/vc_column_text][\/vc_column][\/vc_row][vc_row][vc_column][vc_column_text]<small> 1. WHO Nutrition Overview https:\/\/www.who.int\/health-topics\/nutrition#tab=tab_1 [consult\u00e9 le 19 juin 2024] 2. UNICEF, Programme Alimentaire Mondial (PAM), Standing Together for Nutrition (ST4N), Micronutrient Forum (MNF). Global resilience report: Safeguarding the nutrition of vulnerable children, women, families and communities in the context of polycrisis. Washington, DC: MNF; 2024. <a href=\"https:\/\/www.wfp.org\/publications\/global-resilience-report\" target=\"_blank\" rel=\"noopener\">https:\/\/www.wfp.org\/publications\/global-resilience-report<\/a> 3. FAO, FIDA, UNICEF, PAM et OMS. 2024. The State of Food Security and Nutrition in the World 2024. Financing to end hunger, food insecurity and malnutrition in all its forms. Rome. <a href=\"https:\/\/doi.org\/10.4060\/cd1254en\" target=\"_blank\" rel=\"noopener\">https:\/\/doi.org\/10.4060\/cd1254en<\/a> 4. OMS, Malnutrition. 2024. <a href=\"https:\/\/www.who.int\/news-room\/fact-sheets\/detail\/malnutrition\" target=\"_blank\" rel=\"noopener\">https:\/\/www.who.int\/news-room\/fact-sheets\/detail\/malnutrition<\/a> [consult\u00e9 le 19 juin 2024]<\/small>[\/vc_column_text][\/vc_column][\/vc_row]<\/p>\n<\/div>","protected":false},"excerpt":{"rendered":"<p>[vc_row][vc_column][vc_column_text] L&rsquo;importance d&rsquo;une bonne nutrition Les gens ont besoin d&rsquo;\u00eatre bien nourris pour \u00e9viter les maladies, \u00eatre en bonne sant\u00e9 et r\u00e9aliser leur plein potentiel.Am\u00e9liorer la nutrition conduit \u00e0 des syst\u00e8mes immunitaires plus forts, des grossesses plus s\u00fbres, un risque r\u00e9duit de maladies non transmissibles (telles que le diab\u00e8te et les maladies cardiovasculaires) et une&hellip;<\/p>\n","protected":false},"author":1384,"featured_media":0,"parent":53944,"menu_order":0,"comment_status":"closed","ping_status":"closed","template":"","meta":{"_acf_changed":false,"footnotes":""},"class_list":["post-53932","page","type-page","status-publish","hentry","description-off"],"yoast_head":"<!-- This site is optimized with the Yoast SEO plugin v23.7 - https:\/\/yoast.com\/wordpress\/plugins\/seo\/ -->\n<title>L&#039;importance d&#039;une bonne nutrition - Nutrition Dialogues<\/title>\n<meta name=\"robots\" content=\"index, follow, max-snippet:-1, max-image-preview:large, max-video-preview:-1\" \/>\n<link rel=\"canonical\" href=\"https:\/\/nutritiondialogues.org\/fr\/apercu\/limportance-dune-bonne-nutrition-2\/\" \/>\n<meta property=\"og:locale\" content=\"fr_FR\" \/>\n<meta property=\"og:type\" content=\"article\" \/>\n<meta property=\"og:title\" content=\"L&#039;importance d&#039;une bonne nutrition - Nutrition Dialogues\" \/>\n<meta property=\"og:description\" content=\"[vc_row][vc_column][vc_column_text] L&rsquo;importance d&rsquo;une bonne nutrition Les gens ont besoin d&rsquo;\u00eatre bien nourris pour \u00e9viter les maladies, \u00eatre en bonne sant\u00e9 et r\u00e9aliser leur plein potentiel.Am\u00e9liorer la nutrition conduit \u00e0 des syst\u00e8mes immunitaires plus forts, des grossesses plus s\u00fbres, un risque r\u00e9duit de maladies non transmissibles (telles que le diab\u00e8te et les maladies cardiovasculaires) et une&hellip;\" \/>\n<meta property=\"og:url\" content=\"https:\/\/nutritiondialogues.org\/fr\/apercu\/limportance-dune-bonne-nutrition-2\/\" \/>\n<meta property=\"og:site_name\" content=\"Nutrition Dialogues\" \/>\n<meta property=\"article:modified_time\" content=\"2024-08-29T12:09:16+00:00\" \/>\n<meta name=\"twitter:card\" content=\"summary_large_image\" \/>\n<meta name=\"twitter:label1\" content=\"Dur\u00e9e de lecture estim\u00e9e\" \/>\n\t<meta name=\"twitter:data1\" content=\"3 minutes\" \/>\n<script type=\"application\/ld+json\" class=\"yoast-schema-graph\">{\"@context\":\"https:\/\/schema.org\",\"@graph\":[{\"@type\":\"WebPage\",\"@id\":\"https:\/\/nutritiondialogues.org\/fr\/apercu\/limportance-dune-bonne-nutrition-2\/\",\"url\":\"https:\/\/nutritiondialogues.org\/fr\/apercu\/limportance-dune-bonne-nutrition-2\/\",\"name\":\"L'importance d'une bonne nutrition - Nutrition Dialogues\",\"isPartOf\":{\"@id\":\"https:\/\/nutritiondialogues.org\/#website\"},\"datePublished\":\"2024-08-26T22:48:27+00:00\",\"dateModified\":\"2024-08-29T12:09:16+00:00\",\"breadcrumb\":{\"@id\":\"https:\/\/nutritiondialogues.org\/fr\/apercu\/limportance-dune-bonne-nutrition-2\/#breadcrumb\"},\"inLanguage\":\"fr-FR\",\"potentialAction\":[{\"@type\":\"ReadAction\",\"target\":[\"https:\/\/nutritiondialogues.org\/fr\/apercu\/limportance-dune-bonne-nutrition-2\/\"]}]},{\"@type\":\"BreadcrumbList\",\"@id\":\"https:\/\/nutritiondialogues.org\/fr\/apercu\/limportance-dune-bonne-nutrition-2\/#breadcrumb\",\"itemListElement\":[{\"@type\":\"ListItem\",\"position\":1,\"name\":\"Home\",\"item\":\"https:\/\/nutritiondialogues.org\/fr\/\"},{\"@type\":\"ListItem\",\"position\":2,\"name\":\"Aper\u00e7u\",\"item\":\"https:\/\/nutritiondialogues.org\/fr\/apercu\/\"},{\"@type\":\"ListItem\",\"position\":3,\"name\":\"L&#8217;importance d&#8217;une bonne nutrition\"}]},{\"@type\":\"WebSite\",\"@id\":\"https:\/\/nutritiondialogues.org\/#website\",\"url\":\"https:\/\/nutritiondialogues.org\/\",\"name\":\"Nutrition Dialogues\",\"description\":\"Gateway\",\"potentialAction\":[{\"@type\":\"SearchAction\",\"target\":{\"@type\":\"EntryPoint\",\"urlTemplate\":\"https:\/\/nutritiondialogues.org\/?s={search_term_string}\"},\"query-input\":{\"@type\":\"PropertyValueSpecification\",\"valueRequired\":true,\"valueName\":\"search_term_string\"}}],\"inLanguage\":\"fr-FR\"}]}<\/script>\n<!-- \/ Yoast SEO plugin. -->","yoast_head_json":{"title":"L'importance d'une bonne nutrition - Nutrition Dialogues","robots":{"index":"index","follow":"follow","max-snippet":"max-snippet:-1","max-image-preview":"max-image-preview:large","max-video-preview":"max-video-preview:-1"},"canonical":"https:\/\/nutritiondialogues.org\/fr\/apercu\/limportance-dune-bonne-nutrition-2\/","og_locale":"fr_FR","og_type":"article","og_title":"L'importance d'une bonne nutrition - Nutrition Dialogues","og_description":"[vc_row][vc_column][vc_column_text] L&rsquo;importance d&rsquo;une bonne nutrition Les gens ont besoin d&rsquo;\u00eatre bien nourris pour \u00e9viter les maladies, \u00eatre en bonne sant\u00e9 et r\u00e9aliser leur plein potentiel.Am\u00e9liorer la nutrition conduit \u00e0 des syst\u00e8mes immunitaires plus forts, des grossesses plus s\u00fbres, un risque r\u00e9duit de maladies non transmissibles (telles que le diab\u00e8te et les maladies cardiovasculaires) et une&hellip;","og_url":"https:\/\/nutritiondialogues.org\/fr\/apercu\/limportance-dune-bonne-nutrition-2\/","og_site_name":"Nutrition Dialogues","article_modified_time":"2024-08-29T12:09:16+00:00","twitter_card":"summary_large_image","twitter_misc":{"Dur\u00e9e de lecture estim\u00e9e":"3 minutes"},"schema":{"@context":"https:\/\/schema.org","@graph":[{"@type":"WebPage","@id":"https:\/\/nutritiondialogues.org\/fr\/apercu\/limportance-dune-bonne-nutrition-2\/","url":"https:\/\/nutritiondialogues.org\/fr\/apercu\/limportance-dune-bonne-nutrition-2\/","name":"L'importance d'une bonne nutrition - Nutrition Dialogues","isPartOf":{"@id":"https:\/\/nutritiondialogues.org\/#website"},"datePublished":"2024-08-26T22:48:27+00:00","dateModified":"2024-08-29T12:09:16+00:00","breadcrumb":{"@id":"https:\/\/nutritiondialogues.org\/fr\/apercu\/limportance-dune-bonne-nutrition-2\/#breadcrumb"},"inLanguage":"fr-FR","potentialAction":[{"@type":"ReadAction","target":["https:\/\/nutritiondialogues.org\/fr\/apercu\/limportance-dune-bonne-nutrition-2\/"]}]},{"@type":"BreadcrumbList","@id":"https:\/\/nutritiondialogues.org\/fr\/apercu\/limportance-dune-bonne-nutrition-2\/#breadcrumb","itemListElement":[{"@type":"ListItem","position":1,"name":"Home","item":"https:\/\/nutritiondialogues.org\/fr\/"},{"@type":"ListItem","position":2,"name":"Aper\u00e7u","item":"https:\/\/nutritiondialogues.org\/fr\/apercu\/"},{"@type":"ListItem","position":3,"name":"L&#8217;importance d&#8217;une bonne nutrition"}]},{"@type":"WebSite","@id":"https:\/\/nutritiondialogues.org\/#website","url":"https:\/\/nutritiondialogues.org\/","name":"Nutrition Dialogues","description":"Gateway","potentialAction":[{"@type":"SearchAction","target":{"@type":"EntryPoint","urlTemplate":"https:\/\/nutritiondialogues.org\/?s={search_term_string}"},"query-input":{"@type":"PropertyValueSpecification","valueRequired":true,"valueName":"search_term_string"}}],"inLanguage":"fr-FR"}]}},"acf":[],"_links":{"self":[{"href":"https:\/\/nutritiondialogues.org\/fr\/wp-json\/wp\/v2\/pages\/53932"}],"collection":[{"href":"https:\/\/nutritiondialogues.org\/fr\/wp-json\/wp\/v2\/pages"}],"about":[{"href":"https:\/\/nutritiondialogues.org\/fr\/wp-json\/wp\/v2\/types\/page"}],"author":[{"embeddable":true,"href":"https:\/\/nutritiondialogues.org\/fr\/wp-json\/wp\/v2\/users\/1384"}],"replies":[{"embeddable":true,"href":"https:\/\/nutritiondialogues.org\/fr\/wp-json\/wp\/v2\/comments?post=53932"}],"version-history":[{"count":4,"href":"https:\/\/nutritiondialogues.org\/fr\/wp-json\/wp\/v2\/pages\/53932\/revisions"}],"predecessor-version":[{"id":54174,"href":"https:\/\/nutritiondialogues.org\/fr\/wp-json\/wp\/v2\/pages\/53932\/revisions\/54174"}],"up":[{"embeddable":true,"href":"https:\/\/nutritiondialogues.org\/fr\/wp-json\/wp\/v2\/pages\/53944"}],"wp:attachment":[{"href":"https:\/\/nutritiondialogues.org\/fr\/wp-json\/wp\/v2\/media?parent=53932"}],"curies":[{"name":"wp","href":"https:\/\/api.w.org\/{rel}","templated":true}]}}