{"id":53953,"date":"2024-08-27T10:22:50","date_gmt":"2024-08-27T15:22:50","guid":{"rendered":"https:\/\/nutritiondialogues.org\/?page_id=53953"},"modified":"2024-09-27T09:19:40","modified_gmt":"2024-09-27T14:19:40","slug":"questions-frequemment-posees","status":"publish","type":"page","link":"https:\/\/nutritiondialogues.org\/fr\/apercu\/questions-frequemment-posees\/","title":{"rendered":"Questions Fr\u00e9quemment Pos\u00e9es"},"content":{"rendered":"<div class=\"wpb-content-wrapper\"><p>[vc_row][vc_column][vc_column_text]<\/p>\n<h1>Questions Fr\u00e9quemment Pos\u00e9es<\/h1>\n<h3>Qu&rsquo;est-ce que les Dialogues sur la Nutrition ?<\/h3>\n<p>S&rsquo;appuyant sur le processus r\u00e9ussi des Dialogues sur les Syst\u00e8mes Alimentaires du Sommet des Syst\u00e8mes Alimentaires de 2021, les Dialogues sur la Nutrition sont con\u00e7us comme un programme mondial de conversations sur la nutrition, visant \u00e0 mettre en avant les perspectives et les exp\u00e9riences v\u00e9cues de ceux qui sont le plus \u00e0 risque de sous-nutrition dans les discussions politiques mondiales sur la nutrition. Les partenaires initiateurs des Dialogues sur la Nutrition sont World Vision International et la Fondation 4SD. Des partenaires mobilisateurs rejoignent l\u2019effort en engageant leurs r\u00e9seaux et en organisant des Dialogues avec les Parties Prenantes et des Ateliers pour Enfants.<\/p>\n<h3>Quel est le but des Dialogues sur la Nutrition et pourquoi maintenant ?<\/h3>\n<p>Le but des Dialogues sur la Nutrition est d&rsquo;accentuer l&rsquo;attention sur les d\u00e9fis li\u00e9s \u00e0 l&rsquo;am\u00e9lioration de la nutrition des femmes et des enfants dans des contextes \u00e0 faibles revenus, de recueillir leurs avis ainsi que ceux de divers parties prenantes sur les moyens d&rsquo;am\u00e9liorer cette situation, et d&rsquo;encourager une action plus ambitieuse, efficace et responsable. L&rsquo;ann\u00e9e 2025 est significative car le Sommet Nutrition pour la Croissance (N4G) se tiendra \u00e0 Paris en mars 2025. Les r\u00e9sultats des Dialogues sur la Nutrition seront synth\u00e9tis\u00e9s dans des rapports globaux et nationaux qui seront utilis\u00e9s pour influencer le processus N4G et au-del\u00e0.<\/p>\n<h3>Quelles voix les Dialogues sur la Nutrition cherchent-ils \u00e0 valoriser et amplifier ?<\/h3>\n<p>Il est particuli\u00e8rement important que les voix des femmes et des enfants soient entendues, car ils sont souvent les groupes les plus \u00e0 risque de malnutrition et sont rarement inclus dans les discussions locales, nationales ou mondiales sur les actions ayant le plus grand impact sur leur nutrition.<\/p>\n<h3>Quand ces Dialogues sur la Nutrition ont-ils lieu et combien de personnes sont-ils cens\u00e9s atteindre ?<\/h3>\n<p>Le programme Dialogues sur la Nutrition a \u00e9t\u00e9 officiellement lanc\u00e9 en ao\u00fbt 2024, mais tous les \u00e9v\u00e9nements de dialogue li\u00e9s \u00e0 la nutrition qui ont eu lieu en 2024 peuvent \u00eatre inclus, \u00e0 condition qu&rsquo;ils respectent les principes d&rsquo;engagement.<\/p>\n<p>Tous les formulaires de retour d\u2019information t\u00e9l\u00e9charg\u00e9s sur le portail des dialogues sur la nutrition, avant la fin d\u00e9cembre 2024, seront inclus dans le rapport de synth\u00e8se mondial qui sera utilis\u00e9 pour influencer le Sommet sur la nutrition pour la croissance qui se tiendra en mars 2025.<\/p>\n<p>L\u2019objectif est d\u2019impliquer au moins 6 000 participants au Dialogue, mais l\u2019ambition est d\u2019en toucher\u00a0beaucoup\u00a0plus.<\/p>\n<h3>Combien de Dialogues sur la Nutrition y aura-t-il et o\u00f9 auront-ils lieu ?<\/h3>\n<p>L&rsquo;objectif est de r\u00e9aliser au moins 200 Dialogues sur la Nutrition dans 50 pays (chaque Dialogue impliquant environ 30 participants). Nous esp\u00e9rons que de nombreuses organisations se joindront \u00e0 nous et que le programme d\u00e9passera largement ce nombre.<\/p>\n<h3>Qui peut organiser et participer aux Dialogues sur la Nutrition ?<\/h3>\n<p>Le programme des Dialogues sur la Nutrition est ouvert \u00e0 toute personne souhaitant contribuer au discours mondial sur la nutrition en organisant un Dialogue avec les Parties Prenantes ou un Atelier pour Enfants.<br \/>\nIl n\u2019y a aucune restriction pour devenir Organisateur d&rsquo;un \u00e9v\u00e9nement de Dialogue avec les Parties Prenantes au-del\u00e0 du respect des <a href=\"https:\/\/nutritiondialogues.org\/principles-of-engagement\/\">Principes d&rsquo;Engagement<\/a>. Si vous souhaitez organiser un Dialogue avec les Parties Prenantes, votre premi\u00e8re \u00e9tape consiste \u00e0 vous inscrire sur le portail des Dialogues sur la Nutrition <a href=\"https:\/\/nutritiondialogues.org\/portal\/\">ici<\/a>.<\/p>\n<p>Ceux qui souhaitent organiser un \u00e9v\u00e9nement Atelier pour Enfants doivent \u00e9galement r\u00e9pondre \u00e0 des exigences suppl\u00e9mentaires en mati\u00e8re de protection de l\u2019enfance. Vous trouverez plus d\u2019informations dans le Cadre de Protection (voir <a href=\"https:\/\/nutritiondialogues.org\/guidance\/guidance-resources\/\">Ressources de Guide<\/a>).<\/p>\n<p>Il est important de noter que le r\u00f4le d&rsquo;Organisateur est un engagement volontaire pr\u00e9cieux ; les individus l&rsquo;exercent soit dans le cadre de leur travail actuel, soit en offrant g\u00e9n\u00e9reusement leur temps pour faire une diff\u00e9rence significative.<\/p>\n<h3>Qu&rsquo;est-ce que le Portail des Dialogues sur la Nutrition ?<\/h3>\n<p>Ce Portail des Dialogues sur la Nutrition est une plateforme d\u00e9di\u00e9e, gratuite, s\u00e9curis\u00e9e et anim\u00e9e par la communaut\u00e9. Il permet aux Organisateurs du monde entier d\u2019annoncer leurs \u00e9v\u00e9nements de Dialogue et de publier les retours d&rsquo;information correspondants dans le domaine public. En rendant cela accessible au public, les donn\u00e9es des \u00e9v\u00e9nements des Dialogues sur la Nutrition contribuent \u00e0 un r\u00e9f\u00e9rentiel de r\u00e9sultats pouvant activement informer les r\u00e9ponses aux d\u00e9fis nutritionnels.<br \/>\nLe Portail sert \u00e9galement de point central pour toutes les informations relatives au programme des Dialogues sur la Nutrition, y compris les <a href=\"https:\/\/nutritiondialogues.org\/guidance\/guidance-resources\/\">mat\u00e9riaux d&rsquo;orientation<\/a> ainsi que les <a href=\"https:\/\/nutritiondialogues.org\/news\/\">mises \u00e0 jour et annonces<\/a>. Les utilisateurs enregistr\u00e9s ont acc\u00e8s \u00e0 une assistance pour toute question ou probl\u00e8me.<\/p>\n<p>D\u2019ici mi-ao\u00fbt, les documents d&rsquo;orientation seront disponibles en anglais, espagnol et fran\u00e7ais. Les Organisateurs sont libres de traduire les documents dans les langues locales, mais malheureusement, il n\u2019y a pas de fonds central pour financer cela.<\/p>\n<h3>Comment sont structur\u00e9s les Dialogues sur la Nutrition ?<\/h3>\n<p>Le programme des Dialogues sur la Nutrition comprend deux activit\u00e9s diff\u00e9rentes : les Dialogues avec les Parties Prenantes et les Ateliers pour Enfants.<\/p>\n<h3>Qu&rsquo;est-ce que les Dialogues avec les Parties Prenantes ?<\/h3>\n<p>Les Dialogues avec les Parties Prenantes offrent aux participants divers la possibilit\u00e9 de dialoguer au sein d&rsquo;un groupe de parties prenantes sp\u00e9cifiques (par exemple, entre groupes de femmes ou entre agriculteurs) ou de r\u00e9unir plusieurs parties prenantes (telles que des agriculteurs, des entreprises locales, la soci\u00e9t\u00e9 civile, des \u00e9coles, les autorit\u00e9s locales, le gouvernement national, des scientifiques et des groupes religieux). La dur\u00e9e des Dialogues avec les Parties Prenantes est de 2,5 \u00e0 3 heures, dont 75 \u00e0 90 minutes sont allou\u00e9es au groupe de discussion. Le nombre de participants recommand\u00e9s est d&rsquo;environ 30 \u00e0 40, r\u00e9partis en 3 \u00e0 4 groupes de discussion de 8 \u00e0 10 participants chacun. Les Dialogues avec les Parties Prenantes sont facilit\u00e9s par un Organisateur, un Curateur, des Animateurs pour chaque groupe de discussion, et un Rapporteur. <a href=\"https:\/\/nutritiondialogues.org\/guidance\/stakeholder-dialogues\/\">En savoir plus &gt;<\/a><\/p>\n<h3>Qu&rsquo;est-ce que les Ateliers pour Enfants ?<\/h3>\n<p>Les Ateliers pour Enfants r\u00e9unissent des enfants \u00e2g\u00e9s de 12 \u00e0 18 ans en utilisant une m\u00e9thodologie sp\u00e9cifique, adapt\u00e9e \u00e0 l&rsquo;\u00e2ge et sensible aux besoins sp\u00e9cifiques des enfants et des jeunes. La dur\u00e9e est de 1,5 heure, dont 60 minutes sont allou\u00e9es aux sections exploration et id\u00e9es et solutions. Bien que les Ateliers pour Enfants soient souvent anim\u00e9s par un adulte (par exemple, un membre de la communaut\u00e9, un enseignant, un agent d&rsquo;une ONG locale, etc.), ils peuvent \u00e9galement \u00eatre organis\u00e9s et anim\u00e9s par un enfant ou un jeune. Les Organisateurs de tous les Ateliers pour Enfants doivent respecter les normes de protection de l&rsquo;enfance et les protocoles de comportement pour garantir que la participation des enfants et des jeunes est \u00e9thique, s\u00fbre, inclusive, sensible aux risques et respectueuse des valeurs et cultures locales. <a href=\"https:\/\/nutritiondialogues.org\/guidance\/childrens-workshops\/\">En savoir plus &gt;<\/a><\/p>\n<h3>Y aura-t-il des sessions de formation et d&rsquo;orientation pour les Organisateurs des Dialogues sur la Nutrition ?<\/h3>\n<p>Oui. Des espaces collectifs de formation et d&rsquo;orientation en ligne sont disponibles pour les Organisateurs, les Curateurs, les Facilitateurs et les Gardiens des registres des dialogues sur la nutrition. Ces espaces sont con\u00e7us pour orienter les personnes impliqu\u00e9es dans l&rsquo;organisation d&rsquo;un \u00e9v\u00e9nement de dialogue sur la nutrition sur le processus global, pour renforcer leurs capacit\u00e9s et leur permettre d&rsquo;apprendre des exp\u00e9riences des autres. Ils durent jusqu&rsquo;\u00e0 deux heures et sont con\u00e7us sous forme de sessions interactives, avec suffisamment de temps pour que les participants puissent partager leur exp\u00e9rience, leurs le\u00e7ons et leurs d\u00e9fis et se connecter les uns aux autres.<\/p>\n<p>Pour vous inscrire aux prochaines sessions, connectez-vous au <a href=\"https:\/\/nutritiondialogues.org\/portal\/\">portail<\/a> et visitez la section Espaces de formation et d&rsquo;orientation de votre profil.<\/p>\n<h3>Comment les Dialogues sur la Nutrition contribueront-ils \u00e0 N4G et s&rsquo;int\u00e9greront-ils \u00e0 la gouvernance de N4G ?<\/h3>\n<p>Un ensemble d&rsquo;activit\u00e9s de communication et d&rsquo;engagement d\u00e9butera lors du Rassemblement Global du Mouvement SUN \u00e0 Kigali en novembre 2024 et sera intensifi\u00e9 \u00e0 l&rsquo;approche de N4G en mars 2025. Au Village des Solutions Nutritionnelles de N4G \u00e0 Paris, ces messages cl\u00e9s seront pr\u00e9sent\u00e9s visuellement et personnellement par certains participants des \u00e9v\u00e9nements de dialogue. Les partenaires des Dialogues sur la Nutrition d\u00e9velopperont des supports de communication d\u00e9di\u00e9s qui pourront \u00eatre partag\u00e9s avec les d\u00e9cideurs locaux et nationaux, ainsi qu&rsquo;int\u00e9gr\u00e9s dans les campagnes de plaidoyer actuelles et futures.<\/p>\n<p>Le rapport de synth\u00e8se mondial sera diffus\u00e9 et socialis\u00e9 avant le Sommet N4G pour informer diff\u00e9rents types de d\u00e9cideurs. Nous pr\u00e9voyons d\u2019avoir un espace lors du Sommet pour pr\u00e9senter une curation des Dialogues et le rapport de synth\u00e8se. Nous tirerons parti des \u00e9l\u00e9ments de preuve synth\u00e9tis\u00e9s des Dialogues pour continuer \u00e0 rencontrer les parties prenantes afin de discuter des r\u00e9sultats des dialogues et de comparer ces recommandations avec les engagements pris lors du Sommet. Des plans plus d\u00e9taill\u00e9s pour l&rsquo;engagement avant, pendant et apr\u00e8s le N4G \u2013 y compris la participation des enfants \u2013 seront \u00e9labor\u00e9s et communiqu\u00e9s en temps voulu.<\/p>\n<h3>Les sujets des Dialogues sur la Nutrition seront-ils fournis ?<\/h3>\n<p>L\u2019approche sugg\u00e9r\u00e9e est que les Dialogues sur la Nutrition soient dirig\u00e9s par les participants et que les Conv\u00e9nateurs et les Facilitateurs ne cherchent pas \u00e0 contr\u00f4ler la conversation. De cette mani\u00e8re, les Dialogues refl\u00e9teront les conditions, les sentiments et les priorit\u00e9s locales. La m\u00e9thode des Dialogues des Parties Prenantes inclut des directives pour les Conv\u00e9nateurs souhaitant d\u00e9finir un \u00ab sujet de dialogue \u00bb, ce qui peut aider les Participants \u00e0 \u00e9tablir un \u00e9tat futur partag\u00e9.<\/p>\n<h3>Les Dialogues sur la Nutrition peuvent-ils \u00eatre enregistr\u00e9s en vid\u00e9o, et des photos seront-elles prises \u00e0 des fins de communication ?<\/h3>\n<p>Il s&rsquo;agit d&rsquo;un programme public ouvert, et les Conv\u00e9nateurs sont encourag\u00e9s \u00e0 communiquer sur leur Dialogue sur la Nutrition avant, pendant et apr\u00e8s l&rsquo;\u00e9v\u00e9nement lui-m\u00eame. Nous conseillons de garder les groupes de discussion priv\u00e9s et en espace s\u00e9curis\u00e9, mais ce qui se passe dans les sessions pl\u00e9ni\u00e8res peut \u00eatre public et captur\u00e9 par des vid\u00e9os ou des photos, tant que les positions et les perspectives ne sont pas attribu\u00e9es \u00e0 des individus ou organisations sp\u00e9cifiques, et que les participants ont donn\u00e9 leur consentement.<\/p>\n<p>Les photos et vid\u00e9os d&rsquo;enfants et de jeunes de moins de 18 ans ne sont pas encourag\u00e9es.<\/p>\n<h3>Comment les r\u00e9sultats des Dialogues sur la Nutrition seront-ils collect\u00e9s ?<\/h3>\n<p>Les r\u00e9sultats seront collect\u00e9s \u00e0 l&rsquo;aide d&rsquo;un formulaire de retour d\u2019information, qui est un mod\u00e8le standardis\u00e9, utilis\u00e9 lors de tous les \u00e9v\u00e9nements et identique pour tous. Le formulaire de retour d\u2019information est con\u00e7u pour \u00eatre aussi ouvert que possible et adaptable aux contextes locaux. Des conseils sur la fa\u00e7on de remplir le formulaire de retour d\u2019information sont disponibles dans le cadre de retour d\u2019information pertinent (voir Ressources de Guidance). Une fois publi\u00e9s sur le portail, le formulaire de retour d\u2019information devient disponible au public pour analyse et apprentissage. Les formulaire de retour d\u2019information peuvent \u00eatre soumis dans n&rsquo;importe quelle langue ; cependant, les formulaires qui ne sont pas soumis en anglais, fran\u00e7ais ou espagnol seront traduits \u00e0 l&rsquo;aide d&rsquo;outils en ligne.<\/p>\n<p>Le mod\u00e8le du formulaire de retour d\u2019information est disponible en anglais, fran\u00e7ais et espagnol.<\/p>\n<h3>Comment le rapport de synth\u00e8se sera-t-il pr\u00e9par\u00e9 ?<\/h3>\n<p>Les formulaire de retour d\u2019information qui auront \u00e9t\u00e9 t\u00e9l\u00e9charg\u00e9s sur le Portail des Dialogues sur la Nutrition d&rsquo;ici la fin d\u00e9cembre 2024 seront synth\u00e9tis\u00e9s avant le N4G 2025. Le rapport de synth\u00e8se mettra en \u00e9vidence les d\u00e9fis li\u00e9s \u00e0 la nutrition auxquels font face les femmes, les enfants et d&rsquo;autres parties prenantes diversifi\u00e9es. La pr\u00e9paration de la synth\u00e8se impliquera plusieurs \u00e9tapes pour le codage des donn\u00e9es, l&rsquo;analyse et l&rsquo;identification des motifs et th\u00e8mes \u00e0 travers les Dialogues (et par pays).<\/p>\n<p>Une approche standardis\u00e9e sera utilis\u00e9e pour coder les donn\u00e9es qualitatives afin de permettre une analyse quantitative. Le rapport de synth\u00e8se pr\u00e9sentera les messages cl\u00e9s des Dialogues sur la Nutrition \u2013 en particulier les perspectives des femmes et des enfants sur les probl\u00e8mes qu&rsquo;ils rencontrent pour maintenir leur nutrition et celle de leurs enfants. Ces messages seront d&rsquo;abord mis en avant lors des discussions du N4G, puis lors des engagements nationaux. Le plan est qu&rsquo;il y aura un rapport mondial unique et que des rapports de synth\u00e8se au niveau national seront \u00e9galement \u00e9labor\u00e9s.<\/p>\n<h3>Puis-je communiquer sur mon \u00e9v\u00e9nement Nutrition Dialogue sur les r\u00e9seaux sociaux ?<\/h3>\n<p>Oui ! Utiliser les r\u00e9seaux sociaux avant votre Dialogue peut aider \u00e0 faciliter les connexions et \u00e0 stimuler l\u2019enthousiasme et la r\u00e9flexion. Apr\u00e8s l\u2019\u00e9v\u00e9nement, cela peut \u00eatre un excellent moyen de c\u00e9l\u00e9brer et d\u2019amplifier les r\u00e9sultats. Les r\u00e9seaux sociaux, notamment X (anciennement Twitter), Facebook, Instagram et LinkedIn, ne sont que quelques-unes des plateformes d\u2019interaction, de partage de contenu et de collaboration. Lors de la communication publique sur votre \u00e9v\u00e9nement, il est rappel\u00e9 aux organisateurs de toujours respecter la vie priv\u00e9e des participants \u00e0 l\u2019\u00e9v\u00e9nement \u2013 \u200b\u200bceci est particuli\u00e8rement important pour les enfants et les jeunes.<\/p>\n<p>Les organisateurs sont encourag\u00e9s \u00e0 utiliser le hashtag #NutritionDialogues pour contribuer \u00e0 accro\u00eetre la visibilit\u00e9 de cet effort mondial. Vous trouverez des mod\u00e8les que vous pouvez utiliser sur le <a href=\"https:\/\/trello.com\/b\/8cQBwTFw\/nutrition-dialogues-communications\">tableau Trello des Dialogues sur la nutrition<\/a>. Les organisateurs sont invit\u00e9s \u00e0 prendre et \u00e0 adapter le logo \u00e0 leurs \u00e9v\u00e9nements et contextes locaux. Cependant, veuillez respecter le Livre de Marque sur le tableau Trello et les <a href=\"https:\/\/nutritiondialogues.org\/fr\/principes-dengagement\/\">principes d&rsquo;engagement<\/a> lors de la communication sur les Dialogues sur la nutrition.<\/p>\n<p>&nbsp;<\/p>\n<\/div>","protected":false},"excerpt":{"rendered":"<p>[vc_row][vc_column][vc_column_text] Questions Fr\u00e9quemment Pos\u00e9es Qu&rsquo;est-ce que les Dialogues sur la Nutrition ? S&rsquo;appuyant sur le processus r\u00e9ussi des Dialogues sur les Syst\u00e8mes Alimentaires du Sommet des Syst\u00e8mes Alimentaires de 2021, les Dialogues sur la Nutrition sont con\u00e7us comme un programme mondial de conversations sur la nutrition, visant \u00e0 mettre en avant les perspectives et les&hellip;<\/p>\n","protected":false},"author":1384,"featured_media":0,"parent":53944,"menu_order":0,"comment_status":"closed","ping_status":"closed","template":"","meta":{"_acf_changed":false,"footnotes":""},"class_list":["post-53953","page","type-page","status-publish","hentry","description-off"],"yoast_head":"<!-- This site is optimized with the Yoast SEO plugin v23.7 - https:\/\/yoast.com\/wordpress\/plugins\/seo\/ -->\n<title>Questions Fr\u00e9quemment Pos\u00e9es - Nutrition Dialogues<\/title>\n<meta name=\"robots\" content=\"index, follow, max-snippet:-1, max-image-preview:large, max-video-preview:-1\" \/>\n<link rel=\"canonical\" href=\"https:\/\/nutritiondialogues.org\/fr\/apercu\/questions-frequemment-posees\/\" \/>\n<meta property=\"og:locale\" content=\"fr_FR\" \/>\n<meta property=\"og:type\" content=\"article\" \/>\n<meta property=\"og:title\" content=\"Questions Fr\u00e9quemment Pos\u00e9es - Nutrition Dialogues\" \/>\n<meta property=\"og:description\" content=\"[vc_row][vc_column][vc_column_text] Questions Fr\u00e9quemment Pos\u00e9es Qu&rsquo;est-ce que les Dialogues sur la Nutrition ? S&rsquo;appuyant sur le processus r\u00e9ussi des Dialogues sur les Syst\u00e8mes Alimentaires du Sommet des Syst\u00e8mes Alimentaires de 2021, les Dialogues sur la Nutrition sont con\u00e7us comme un programme mondial de conversations sur la nutrition, visant \u00e0 mettre en avant les perspectives et les&hellip;\" \/>\n<meta property=\"og:url\" content=\"https:\/\/nutritiondialogues.org\/fr\/apercu\/questions-frequemment-posees\/\" \/>\n<meta property=\"og:site_name\" content=\"Nutrition Dialogues\" \/>\n<meta property=\"article:modified_time\" content=\"2024-09-27T14:19:40+00:00\" \/>\n<meta name=\"twitter:card\" content=\"summary_large_image\" \/>\n<meta name=\"twitter:label1\" content=\"Dur\u00e9e de lecture estim\u00e9e\" \/>\n\t<meta name=\"twitter:data1\" content=\"10 minutes\" \/>\n<script type=\"application\/ld+json\" class=\"yoast-schema-graph\">{\"@context\":\"https:\/\/schema.org\",\"@graph\":[{\"@type\":\"WebPage\",\"@id\":\"https:\/\/nutritiondialogues.org\/fr\/apercu\/questions-frequemment-posees\/\",\"url\":\"https:\/\/nutritiondialogues.org\/fr\/apercu\/questions-frequemment-posees\/\",\"name\":\"Questions Fr\u00e9quemment Pos\u00e9es - Nutrition Dialogues\",\"isPartOf\":{\"@id\":\"https:\/\/nutritiondialogues.org\/#website\"},\"datePublished\":\"2024-08-27T15:22:50+00:00\",\"dateModified\":\"2024-09-27T14:19:40+00:00\",\"breadcrumb\":{\"@id\":\"https:\/\/nutritiondialogues.org\/fr\/apercu\/questions-frequemment-posees\/#breadcrumb\"},\"inLanguage\":\"fr-FR\",\"potentialAction\":[{\"@type\":\"ReadAction\",\"target\":[\"https:\/\/nutritiondialogues.org\/fr\/apercu\/questions-frequemment-posees\/\"]}]},{\"@type\":\"BreadcrumbList\",\"@id\":\"https:\/\/nutritiondialogues.org\/fr\/apercu\/questions-frequemment-posees\/#breadcrumb\",\"itemListElement\":[{\"@type\":\"ListItem\",\"position\":1,\"name\":\"Home\",\"item\":\"https:\/\/nutritiondialogues.org\/fr\/\"},{\"@type\":\"ListItem\",\"position\":2,\"name\":\"Aper\u00e7u\",\"item\":\"https:\/\/nutritiondialogues.org\/fr\/apercu\/\"},{\"@type\":\"ListItem\",\"position\":3,\"name\":\"Questions Fr\u00e9quemment Pos\u00e9es\"}]},{\"@type\":\"WebSite\",\"@id\":\"https:\/\/nutritiondialogues.org\/#website\",\"url\":\"https:\/\/nutritiondialogues.org\/\",\"name\":\"Nutrition Dialogues\",\"description\":\"Gateway\",\"potentialAction\":[{\"@type\":\"SearchAction\",\"target\":{\"@type\":\"EntryPoint\",\"urlTemplate\":\"https:\/\/nutritiondialogues.org\/?s={search_term_string}\"},\"query-input\":{\"@type\":\"PropertyValueSpecification\",\"valueRequired\":true,\"valueName\":\"search_term_string\"}}],\"inLanguage\":\"fr-FR\"}]}<\/script>\n<!-- \/ Yoast SEO plugin. -->","yoast_head_json":{"title":"Questions Fr\u00e9quemment Pos\u00e9es - Nutrition Dialogues","robots":{"index":"index","follow":"follow","max-snippet":"max-snippet:-1","max-image-preview":"max-image-preview:large","max-video-preview":"max-video-preview:-1"},"canonical":"https:\/\/nutritiondialogues.org\/fr\/apercu\/questions-frequemment-posees\/","og_locale":"fr_FR","og_type":"article","og_title":"Questions Fr\u00e9quemment Pos\u00e9es - Nutrition Dialogues","og_description":"[vc_row][vc_column][vc_column_text] Questions Fr\u00e9quemment Pos\u00e9es Qu&rsquo;est-ce que les Dialogues sur la Nutrition ? S&rsquo;appuyant sur le processus r\u00e9ussi des Dialogues sur les Syst\u00e8mes Alimentaires du Sommet des Syst\u00e8mes Alimentaires de 2021, les Dialogues sur la Nutrition sont con\u00e7us comme un programme mondial de conversations sur la nutrition, visant \u00e0 mettre en avant les perspectives et les&hellip;","og_url":"https:\/\/nutritiondialogues.org\/fr\/apercu\/questions-frequemment-posees\/","og_site_name":"Nutrition Dialogues","article_modified_time":"2024-09-27T14:19:40+00:00","twitter_card":"summary_large_image","twitter_misc":{"Dur\u00e9e de lecture estim\u00e9e":"10 minutes"},"schema":{"@context":"https:\/\/schema.org","@graph":[{"@type":"WebPage","@id":"https:\/\/nutritiondialogues.org\/fr\/apercu\/questions-frequemment-posees\/","url":"https:\/\/nutritiondialogues.org\/fr\/apercu\/questions-frequemment-posees\/","name":"Questions Fr\u00e9quemment Pos\u00e9es - Nutrition Dialogues","isPartOf":{"@id":"https:\/\/nutritiondialogues.org\/#website"},"datePublished":"2024-08-27T15:22:50+00:00","dateModified":"2024-09-27T14:19:40+00:00","breadcrumb":{"@id":"https:\/\/nutritiondialogues.org\/fr\/apercu\/questions-frequemment-posees\/#breadcrumb"},"inLanguage":"fr-FR","potentialAction":[{"@type":"ReadAction","target":["https:\/\/nutritiondialogues.org\/fr\/apercu\/questions-frequemment-posees\/"]}]},{"@type":"BreadcrumbList","@id":"https:\/\/nutritiondialogues.org\/fr\/apercu\/questions-frequemment-posees\/#breadcrumb","itemListElement":[{"@type":"ListItem","position":1,"name":"Home","item":"https:\/\/nutritiondialogues.org\/fr\/"},{"@type":"ListItem","position":2,"name":"Aper\u00e7u","item":"https:\/\/nutritiondialogues.org\/fr\/apercu\/"},{"@type":"ListItem","position":3,"name":"Questions Fr\u00e9quemment Pos\u00e9es"}]},{"@type":"WebSite","@id":"https:\/\/nutritiondialogues.org\/#website","url":"https:\/\/nutritiondialogues.org\/","name":"Nutrition Dialogues","description":"Gateway","potentialAction":[{"@type":"SearchAction","target":{"@type":"EntryPoint","urlTemplate":"https:\/\/nutritiondialogues.org\/?s={search_term_string}"},"query-input":{"@type":"PropertyValueSpecification","valueRequired":true,"valueName":"search_term_string"}}],"inLanguage":"fr-FR"}]}},"acf":[],"_links":{"self":[{"href":"https:\/\/nutritiondialogues.org\/fr\/wp-json\/wp\/v2\/pages\/53953"}],"collection":[{"href":"https:\/\/nutritiondialogues.org\/fr\/wp-json\/wp\/v2\/pages"}],"about":[{"href":"https:\/\/nutritiondialogues.org\/fr\/wp-json\/wp\/v2\/types\/page"}],"author":[{"embeddable":true,"href":"https:\/\/nutritiondialogues.org\/fr\/wp-json\/wp\/v2\/users\/1384"}],"replies":[{"embeddable":true,"href":"https:\/\/nutritiondialogues.org\/fr\/wp-json\/wp\/v2\/comments?post=53953"}],"version-history":[{"count":7,"href":"https:\/\/nutritiondialogues.org\/fr\/wp-json\/wp\/v2\/pages\/53953\/revisions"}],"predecessor-version":[{"id":54547,"href":"https:\/\/nutritiondialogues.org\/fr\/wp-json\/wp\/v2\/pages\/53953\/revisions\/54547"}],"up":[{"embeddable":true,"href":"https:\/\/nutritiondialogues.org\/fr\/wp-json\/wp\/v2\/pages\/53944"}],"wp:attachment":[{"href":"https:\/\/nutritiondialogues.org\/fr\/wp-json\/wp\/v2\/media?parent=53953"}],"curies":[{"name":"wp","href":"https:\/\/api.w.org\/{rel}","templated":true}]}}