{"id":53960,"date":"2024-08-27T10:49:55","date_gmt":"2024-08-27T15:49:55","guid":{"rendered":"https:\/\/nutritiondialogues.org\/?page_id=53960"},"modified":"2026-02-12T05:29:53","modified_gmt":"2026-02-12T11:29:53","slug":"dialogues-sur-la-nutrition","status":"publish","type":"page","link":"https:\/\/nutritiondialogues.org\/fr\/apercu\/dialogues-sur-la-nutrition\/","title":{"rendered":"Dialogues sur la Nutrition"},"content":{"rendered":"<div class=\"wpb-content-wrapper\"><p>[vc_row][vc_column][vc_column_text]<\/p>\n<h1>Mobiliser l&rsquo;Action pour la Nutrition Maintenant<\/h1>\n<p><strong>Les Dialogues sur la Nutrition rassemblent divers parties prenantes pour faciliter des discussions significatives et explorer les moyens les plus urgents et les plus puissants d&rsquo;am\u00e9liorer la nutrition pour tous.<\/strong><\/p>\n<p>Il reste beaucoup \u00e0 faire pour atteindre ces objectifs mondiaux en mati\u00e8re de nutrition. L&rsquo;ann\u00e9e 2025 a \u00e9t\u00e9 une ann\u00e9e charni\u00e8re pour la nutrition : la D\u00e9cennie d&rsquo;action des Nations Unies pour la Nutrition (2016-2025) a \u00e9t\u00e9 prolong\u00e9e jusqu\u2019en 2030, l&rsquo;Organisation Mondiale de la Sant\u00e9 a renouvel\u00e9 et \u00e9tendu ses objectifs mondiaux en mati\u00e8re de nutrition, et le Sommet Nutrition pour la Croissance (N4G) s\u2019est tenu \u00e0 Paris en mars 2025. Ensemble, ces \u00e9v\u00e9nements ont repr\u00e9sent\u00e9 une opportunit\u00e9 cruciale pour mobiliser une action plus ambitieuse et concert\u00e9e de la part des gouvernements, des donateurs et de la soci\u00e9t\u00e9 civile.<\/p>\n<p>Les groupes de personnes les plus \u00e0 risque de souffrir de malnutrition sont rarement inclus dans les discussions locales, nationales ou mondiales sur les actions ayant le plus grand impact sur la nutrition des femmes et des enfants. <a href=\"https:\/\/www.worldvision.org\/\" target=\"_blank\" rel=\"noopener\">World Vision International (WVI)<\/a> et la <a href=\"https:\/\/4sdfoundation.org\" target=\"_blank\" rel=\"noopener\">Fondation 4SD<\/a> <!--StartFragment -->ont lanc\u00e9 en 2024 \u2014 en amont des grandes \u00e9ch\u00e9ances nutritionnelles de 2025 \u2014 l\u2019initiative des <em>Dialogues sur la nutrition<\/em> afin d&rsquo;assurer que les voix des personnes \u00e0 risque soient entendues par celles et ceux qui ont le pouvoir d\u2019agir.<\/p>\n<p>L&rsquo;objectif des Dialogues sur la Nutrition est de renforcer l&rsquo;attention port\u00e9e aux d\u00e9fis de l&rsquo;am\u00e9lioration de la nutrition des femmes et des enfants dans des contextes \u00e0 faibles revenus, de recueillir leurs avis ainsi que ceux de divers parties prenantes sur les moyens d&rsquo;am\u00e9liorer cette situation, et d&rsquo;encourager une action plus ambitieuse, efficace et responsable.<\/p>\n<h2>\u00c0 propos du Programme des Dialogues sur la Nutrition<\/h2>\n<p>Le programme des Dialogues sur la Nutrition est ouvert \u00e0 toute personne souhaitant contribuer au discours mondial sur la nutrition des populations en organisant un dialogue facilit\u00e9. L&rsquo;approche des Dialogues sur la Nutrition favorise une discussion ouverte et honn\u00eate et embrasse des perspectives diverses qui inspirent des id\u00e9es novatrices et des fa\u00e7ons de travailler innovantes. Un objectif particulier de la premi\u00e8re phase du programme \u00e9tait de faire entendre les voix lors du Sommet Nutrition pour la Croissance de Paris en 2025.<\/p>\n<p>Les participants aux Dialogues se concentrent sur leur \u00ab\u00a0exp\u00e9rience v\u00e9cue de la nutrition\u00a0\u00bb et expriment leurs opinions sur \u00ab\u00a0comment r\u00e9duire les niveaux de malnutrition chez les femmes et les enfants dans leur communaut\u00e9\u00a0\u00bb. Ils explorent les priorit\u00e9s pour am\u00e9liorer les r\u00e9sultats nutritionnels dans leurs localit\u00e9s. Les Dialogues sur la Nutrition encouragent tous les acteurs de la nutrition \u00e0 \u00eatre beaucoup plus ambitieux, efficaces et responsables. Le programme des Dialogues sur la Nutrition cherche \u00e0 engager tous les grands groupes de parties prenantes en mati\u00e8re de nutrition, en mettant particuli\u00e8rement l&rsquo;accent sur les femmes, les enfants et les jeunes.<\/p>\n<p>S\u2019appuyant sur la forte dynamique de la premi\u00e8re phase, le programme continue de promouvoir des dialogues inclusifs et orient\u00e9s vers l\u2019action aux niveaux local, national et mondial. La deuxi\u00e8me phase met l\u2019accent sur le renforcement de la redevabilit\u00e9, l\u2019acc\u00e9l\u00e9ration de l\u2019action et l\u2019approfondissement de l\u2019impact sur les r\u00e9sultats nutritionnels \u00e0 la suite du Sommet N4G.<\/p>\n<p>[\/vc_column_text][\/vc_column][\/vc_row][vc_row][vc_column width=\u00a0\u00bb1\/4&Prime;][vc_single_image image=\u00a0\u00bb53247&Prime;][\/vc_column][vc_column width=\u00a0\u00bb3\/4&Prime;][vc_column_text]<\/p>\n<h2>Dialogues avec les Parties Prenantes<\/h2>\n<p>Les Dialogues avec les Parties Prenantes offrent aux participants divers la possibilit\u00e9 de dialoguer au sein d&rsquo;un groupe de parties prenantes sp\u00e9cifique (par exemple, entre groupes de femmes ou entre agriculteurs) ou de rassembler plusieurs parties prenantes (comme des agriculteurs, des entreprises locales, la soci\u00e9t\u00e9 civile, des \u00e9coles, les autorit\u00e9s locales, le gouvernement national, des scientifiques et des groupes religieux). Les Dialogues avec les Parties Prenantes sp\u00e9cifiques et multi-parties prenantes explorent les options pour une meilleure nutrition dans diff\u00e9rents contextes locaux. Ils consid\u00e8rent ces options sous une grande vari\u00e9t\u00e9 de perspectives et priorisent les interventions qui peuvent soutenir une action plus impactante.<br \/>\n<a href=\"https:\/\/nutritiondialogues.org\/guidance\/stakeholder-dialogues\/\">En savoir plus &gt;<\/a> [\/vc_column_text][\/vc_column][\/vc_row][vc_row][vc_column width=\u00a0\u00bb1\/4&Prime;][vc_single_image image=\u00a0\u00bb53248&Prime;][\/vc_column][vc_column width=\u00a0\u00bb3\/4&Prime;][vc_column_text]<\/p>\n<h2>Ateliers pour Enfants<\/h2>\n<div class=\"page\" title=\"Page 7\">\n<div class=\"layoutArea\">\n<div class=\"column\">\n<p>Les enfants et les jeunes (de 12 \u00e0 18 ans) se rencontrent, discutent et \u00e9changent des id\u00e9es autour de deux questions : Quelle est la perception ou la compr\u00e9hension des enfants de la bonne nutrition ? Quelles sont les id\u00e9es des enfants pour am\u00e9liorer la nutrition ? Un Atelier pour Enfants est souvent anim\u00e9 par un adulte (par exemple, un membre de la communaut\u00e9, un enseignant, un responsable d&rsquo;une ONG locale, etc.), bien qu&rsquo;il puisse \u00e9galement \u00eatre organis\u00e9 et anim\u00e9 par un jeune repr\u00e9sentant sa propre communaut\u00e9. La m\u00e9thode d\u00e9di\u00e9e est adapt\u00e9e \u00e0 l&rsquo;\u00e2ge et sensible aux besoins des jeunes.<a href=\"https:\/\/nutritiondialogues.org\/guidance\/childrens-workshops\/\">En savoir plus &gt;<\/a><\/p>\n<\/div>\n<\/div>\n<\/div>\n<p>[\/vc_column_text][\/vc_column][\/vc_row]<\/p>\n<\/div>","protected":false},"excerpt":{"rendered":"<p>[vc_row][vc_column][vc_column_text] Mobiliser l&rsquo;Action pour la Nutrition Maintenant Les Dialogues sur la Nutrition rassemblent divers parties prenantes pour faciliter des discussions significatives et explorer les moyens les plus urgents et les plus puissants d&rsquo;am\u00e9liorer la nutrition pour tous. Il reste beaucoup \u00e0 faire pour atteindre ces objectifs mondiaux en mati\u00e8re de nutrition. L&rsquo;ann\u00e9e 2025 a \u00e9t\u00e9&hellip;<\/p>\n","protected":false},"author":1384,"featured_media":0,"parent":53944,"menu_order":0,"comment_status":"closed","ping_status":"closed","template":"","meta":{"_acf_changed":false,"footnotes":""},"class_list":["post-53960","page","type-page","status-publish","hentry","description-off"],"yoast_head":"<!-- This site is optimized with the Yoast SEO plugin v23.7 - https:\/\/yoast.com\/wordpress\/plugins\/seo\/ -->\n<title>Dialogues sur la Nutrition - Nutrition Dialogues<\/title>\n<meta name=\"robots\" content=\"index, follow, max-snippet:-1, max-image-preview:large, max-video-preview:-1\" \/>\n<link rel=\"canonical\" href=\"https:\/\/nutritiondialogues.org\/fr\/apercu\/dialogues-sur-la-nutrition\/\" \/>\n<meta property=\"og:locale\" content=\"fr_FR\" \/>\n<meta property=\"og:type\" content=\"article\" \/>\n<meta property=\"og:title\" content=\"Dialogues sur la Nutrition - Nutrition Dialogues\" \/>\n<meta property=\"og:description\" content=\"[vc_row][vc_column][vc_column_text] Mobiliser l&rsquo;Action pour la Nutrition Maintenant Les Dialogues sur la Nutrition rassemblent divers parties prenantes pour faciliter des discussions significatives et explorer les moyens les plus urgents et les plus puissants d&rsquo;am\u00e9liorer la nutrition pour tous. Il reste beaucoup \u00e0 faire pour atteindre ces objectifs mondiaux en mati\u00e8re de nutrition. L&rsquo;ann\u00e9e 2025 a \u00e9t\u00e9&hellip;\" \/>\n<meta property=\"og:url\" content=\"https:\/\/nutritiondialogues.org\/fr\/apercu\/dialogues-sur-la-nutrition\/\" \/>\n<meta property=\"og:site_name\" content=\"Nutrition Dialogues\" \/>\n<meta property=\"article:modified_time\" content=\"2026-02-12T11:29:53+00:00\" \/>\n<meta name=\"twitter:card\" content=\"summary_large_image\" \/>\n<meta name=\"twitter:label1\" content=\"Dur\u00e9e de lecture estim\u00e9e\" \/>\n\t<meta name=\"twitter:data1\" content=\"4 minutes\" \/>\n<script type=\"application\/ld+json\" class=\"yoast-schema-graph\">{\"@context\":\"https:\/\/schema.org\",\"@graph\":[{\"@type\":\"WebPage\",\"@id\":\"https:\/\/nutritiondialogues.org\/fr\/apercu\/dialogues-sur-la-nutrition\/\",\"url\":\"https:\/\/nutritiondialogues.org\/fr\/apercu\/dialogues-sur-la-nutrition\/\",\"name\":\"Dialogues sur la Nutrition - Nutrition Dialogues\",\"isPartOf\":{\"@id\":\"https:\/\/nutritiondialogues.org\/#website\"},\"datePublished\":\"2024-08-27T15:49:55+00:00\",\"dateModified\":\"2026-02-12T11:29:53+00:00\",\"breadcrumb\":{\"@id\":\"https:\/\/nutritiondialogues.org\/fr\/apercu\/dialogues-sur-la-nutrition\/#breadcrumb\"},\"inLanguage\":\"fr-FR\",\"potentialAction\":[{\"@type\":\"ReadAction\",\"target\":[\"https:\/\/nutritiondialogues.org\/fr\/apercu\/dialogues-sur-la-nutrition\/\"]}]},{\"@type\":\"BreadcrumbList\",\"@id\":\"https:\/\/nutritiondialogues.org\/fr\/apercu\/dialogues-sur-la-nutrition\/#breadcrumb\",\"itemListElement\":[{\"@type\":\"ListItem\",\"position\":1,\"name\":\"Home\",\"item\":\"https:\/\/nutritiondialogues.org\/fr\/\"},{\"@type\":\"ListItem\",\"position\":2,\"name\":\"Aper\u00e7u\",\"item\":\"https:\/\/nutritiondialogues.org\/fr\/apercu\/\"},{\"@type\":\"ListItem\",\"position\":3,\"name\":\"Dialogues sur la Nutrition\"}]},{\"@type\":\"WebSite\",\"@id\":\"https:\/\/nutritiondialogues.org\/#website\",\"url\":\"https:\/\/nutritiondialogues.org\/\",\"name\":\"Nutrition Dialogues\",\"description\":\"Gateway\",\"potentialAction\":[{\"@type\":\"SearchAction\",\"target\":{\"@type\":\"EntryPoint\",\"urlTemplate\":\"https:\/\/nutritiondialogues.org\/?s={search_term_string}\"},\"query-input\":{\"@type\":\"PropertyValueSpecification\",\"valueRequired\":true,\"valueName\":\"search_term_string\"}}],\"inLanguage\":\"fr-FR\"}]}<\/script>\n<!-- \/ Yoast SEO plugin. -->","yoast_head_json":{"title":"Dialogues sur la Nutrition - Nutrition Dialogues","robots":{"index":"index","follow":"follow","max-snippet":"max-snippet:-1","max-image-preview":"max-image-preview:large","max-video-preview":"max-video-preview:-1"},"canonical":"https:\/\/nutritiondialogues.org\/fr\/apercu\/dialogues-sur-la-nutrition\/","og_locale":"fr_FR","og_type":"article","og_title":"Dialogues sur la Nutrition - Nutrition Dialogues","og_description":"[vc_row][vc_column][vc_column_text] Mobiliser l&rsquo;Action pour la Nutrition Maintenant Les Dialogues sur la Nutrition rassemblent divers parties prenantes pour faciliter des discussions significatives et explorer les moyens les plus urgents et les plus puissants d&rsquo;am\u00e9liorer la nutrition pour tous. Il reste beaucoup \u00e0 faire pour atteindre ces objectifs mondiaux en mati\u00e8re de nutrition. L&rsquo;ann\u00e9e 2025 a \u00e9t\u00e9&hellip;","og_url":"https:\/\/nutritiondialogues.org\/fr\/apercu\/dialogues-sur-la-nutrition\/","og_site_name":"Nutrition Dialogues","article_modified_time":"2026-02-12T11:29:53+00:00","twitter_card":"summary_large_image","twitter_misc":{"Dur\u00e9e de lecture estim\u00e9e":"4 minutes"},"schema":{"@context":"https:\/\/schema.org","@graph":[{"@type":"WebPage","@id":"https:\/\/nutritiondialogues.org\/fr\/apercu\/dialogues-sur-la-nutrition\/","url":"https:\/\/nutritiondialogues.org\/fr\/apercu\/dialogues-sur-la-nutrition\/","name":"Dialogues sur la Nutrition - Nutrition Dialogues","isPartOf":{"@id":"https:\/\/nutritiondialogues.org\/#website"},"datePublished":"2024-08-27T15:49:55+00:00","dateModified":"2026-02-12T11:29:53+00:00","breadcrumb":{"@id":"https:\/\/nutritiondialogues.org\/fr\/apercu\/dialogues-sur-la-nutrition\/#breadcrumb"},"inLanguage":"fr-FR","potentialAction":[{"@type":"ReadAction","target":["https:\/\/nutritiondialogues.org\/fr\/apercu\/dialogues-sur-la-nutrition\/"]}]},{"@type":"BreadcrumbList","@id":"https:\/\/nutritiondialogues.org\/fr\/apercu\/dialogues-sur-la-nutrition\/#breadcrumb","itemListElement":[{"@type":"ListItem","position":1,"name":"Home","item":"https:\/\/nutritiondialogues.org\/fr\/"},{"@type":"ListItem","position":2,"name":"Aper\u00e7u","item":"https:\/\/nutritiondialogues.org\/fr\/apercu\/"},{"@type":"ListItem","position":3,"name":"Dialogues sur la Nutrition"}]},{"@type":"WebSite","@id":"https:\/\/nutritiondialogues.org\/#website","url":"https:\/\/nutritiondialogues.org\/","name":"Nutrition Dialogues","description":"Gateway","potentialAction":[{"@type":"SearchAction","target":{"@type":"EntryPoint","urlTemplate":"https:\/\/nutritiondialogues.org\/?s={search_term_string}"},"query-input":{"@type":"PropertyValueSpecification","valueRequired":true,"valueName":"search_term_string"}}],"inLanguage":"fr-FR"}]}},"acf":[],"_links":{"self":[{"href":"https:\/\/nutritiondialogues.org\/fr\/wp-json\/wp\/v2\/pages\/53960"}],"collection":[{"href":"https:\/\/nutritiondialogues.org\/fr\/wp-json\/wp\/v2\/pages"}],"about":[{"href":"https:\/\/nutritiondialogues.org\/fr\/wp-json\/wp\/v2\/types\/page"}],"author":[{"embeddable":true,"href":"https:\/\/nutritiondialogues.org\/fr\/wp-json\/wp\/v2\/users\/1384"}],"replies":[{"embeddable":true,"href":"https:\/\/nutritiondialogues.org\/fr\/wp-json\/wp\/v2\/comments?post=53960"}],"version-history":[{"count":3,"href":"https:\/\/nutritiondialogues.org\/fr\/wp-json\/wp\/v2\/pages\/53960\/revisions"}],"predecessor-version":[{"id":60110,"href":"https:\/\/nutritiondialogues.org\/fr\/wp-json\/wp\/v2\/pages\/53960\/revisions\/60110"}],"up":[{"embeddable":true,"href":"https:\/\/nutritiondialogues.org\/fr\/wp-json\/wp\/v2\/pages\/53944"}],"wp:attachment":[{"href":"https:\/\/nutritiondialogues.org\/fr\/wp-json\/wp\/v2\/media?parent=53960"}],"curies":[{"name":"wp","href":"https:\/\/api.w.org\/{rel}","templated":true}]}}