{"id":53972,"date":"2024-08-27T10:59:30","date_gmt":"2024-08-27T15:59:30","guid":{"rendered":"https:\/\/nutritiondialogues.org\/?page_id=53972"},"modified":"2026-02-13T07:23:10","modified_gmt":"2026-02-13T13:23:10","slug":"nutrition-pour-la-croissance-et-les-odd-2","status":"publish","type":"page","link":"https:\/\/nutritiondialogues.org\/fr\/apercu\/nutrition-pour-la-croissance-et-les-odd-2\/","title":{"rendered":"Nutrition pour la Croissance et les ODD"},"content":{"rendered":"<div class=\"wpb-content-wrapper\"><p>[vc_row][vc_column][vc_column_text]<\/p>\n<h1>Nutrition pour la Croissance<\/h1>\n<p><span class=\"TextRun SCXW70034350 BCX0\" lang=\"EN-US\" xml:lang=\"EN-US\" data-contrast=\"auto\"><span class=\"NormalTextRun SCXW70034350 BCX0\">La France a\u00a0<\/span><span class=\"NormalTextRun SpellingErrorV2Themed SCXW70034350 BCX0\">accueilli<\/span><span class=\"NormalTextRun SCXW70034350 BCX0\"> le <a href=\"https:\/\/nutritionforgrowth.org\/\"><strong>Sommet Nutrition pour la Croissance 2025<\/strong> <\/a><\/span><\/span><span class=\"TextRun SCXW70034350 BCX0\" lang=\"EN-US\" xml:lang=\"EN-US\" data-contrast=\"auto\"><span class=\"NormalTextRun SCXW70034350 BCX0\"><strong>\u00e0 Paris<\/strong>. Le\u00a0<\/span><span class=\"NormalTextRun SpellingErrorV2Themed SCXW70034350 BCX0\">sommet<\/span><span class=\"NormalTextRun SCXW70034350 BCX0\">\u00a0a\u00a0<\/span><span class=\"NormalTextRun SpellingErrorV2Themed SCXW70034350 BCX0\">plaid\u00e9<\/span><span class=\"NormalTextRun SCXW70034350 BCX0\">\u00a0pour des engagements financiers et politiques\u00a0<\/span><span class=\"NormalTextRun SpellingErrorV2Themed SCXW70034350 BCX0\">ambitieux<\/span><span class=\"NormalTextRun SCXW70034350 BCX0\">\u00a0et a\u00a0<\/span><span class=\"NormalTextRun SpellingErrorV2Themed SCXW70034350 BCX0\">favoris\u00e9<\/span><span class=\"NormalTextRun SCXW70034350 BCX0\">\u00a0le dialogue entre\u00a0<\/span><span class=\"NormalTextRun SpellingErrorV2Themed SCXW70034350 BCX0\">une<\/span><span class=\"NormalTextRun SCXW70034350 BCX0\">\u00a0<\/span><span class=\"NormalTextRun SpellingErrorV2Themed SCXW70034350 BCX0\">diversit\u00e9<\/span><span class=\"NormalTextRun SCXW70034350 BCX0\">\u00a0<\/span><span class=\"NormalTextRun SpellingErrorV2Themed SCXW70034350 BCX0\">d\u2019acteurs<\/span><span class=\"NormalTextRun SCXW70034350 BCX0\">\u00a0du monde\u00a0<\/span><span class=\"NormalTextRun SpellingErrorV2Themed SCXW70034350 BCX0\">entier<\/span><span class=\"NormalTextRun SCXW70034350 BCX0\">,\u00a0<\/span><span class=\"NormalTextRun SpellingErrorV2Themed SCXW70034350 BCX0\">notamment<\/span><span class=\"NormalTextRun SCXW70034350 BCX0\">\u00a0des\u00a0<\/span><span class=\"NormalTextRun SpellingErrorV2Themed SCXW70034350 BCX0\">gouvernements<\/span><span class=\"NormalTextRun SCXW70034350 BCX0\">, des\u00a0<\/span><span class=\"NormalTextRun SpellingErrorV2Themed SCXW70034350 BCX0\">organisations<\/span><span class=\"NormalTextRun SCXW70034350 BCX0\">\u00a0<\/span><span class=\"NormalTextRun SpellingErrorV2Themed SCXW70034350 BCX0\">internationales<\/span><span class=\"NormalTextRun SCXW70034350 BCX0\">, des institutions de recherche, des\u00a0<\/span><span class=\"NormalTextRun SpellingErrorV2Themed SCXW70034350 BCX0\">organisations<\/span><span class=\"NormalTextRun SCXW70034350 BCX0\">\u00a0de la soci\u00e9t\u00e9 civile, des\u00a0<\/span><span class=\"NormalTextRun SpellingErrorV2Themed SCXW70034350 BCX0\">fondations<\/span><span class=\"NormalTextRun SCXW70034350 BCX0\">\u00a0<\/span><span class=\"NormalTextRun SpellingErrorV2Themed SCXW70034350 BCX0\">philanthropiques<\/span><span class=\"NormalTextRun SCXW70034350 BCX0\">, des\u00a0<\/span><span class=\"NormalTextRun SpellingErrorV2Themed SCXW70034350 BCX0\">acteurs<\/span><span class=\"NormalTextRun SCXW70034350 BCX0\">\u00a0du\u00a0<\/span><span class=\"NormalTextRun SpellingErrorV2Themed SCXW70034350 BCX0\">secteur<\/span><span class=\"NormalTextRun SCXW70034350 BCX0\">\u00a0<\/span><span class=\"NormalTextRun SpellingErrorV2Themed SCXW70034350 BCX0\">priv\u00e9<\/span><span class=\"NormalTextRun SCXW70034350 BCX0\">, et bien\u00a0<\/span><span class=\"NormalTextRun SpellingErrorV2Themed SCXW70034350 BCX0\">d\u2019autres<\/span><span class=\"NormalTextRun SCXW70034350 BCX0\">. La\u00a0<\/span><span class=\"NormalTextRun SpellingErrorV2Themed SCXW70034350 BCX0\">communaut\u00e9<\/span><span class=\"NormalTextRun SCXW70034350 BCX0\">\u00a0<\/span><span class=\"NormalTextRun SpellingErrorV2Themed SCXW70034350 BCX0\">internationale<\/span><span class=\"NormalTextRun SCXW70034350 BCX0\">\u00a0a pris des engagements\u00a0<\/span><span class=\"NormalTextRun SpellingErrorV2Themed SCXW70034350 BCX0\">ambitieux<\/span><span class=\"NormalTextRun SCXW70034350 BCX0\">\u00a0pour\u00a0<\/span><span class=\"NormalTextRun SpellingErrorV2Themed SCXW70034350 BCX0\">relever<\/span><span class=\"NormalTextRun SCXW70034350 BCX0\">\u00a0le\u00a0<\/span><span class=\"NormalTextRun SpellingErrorV2Themed SCXW70034350 BCX0\">d\u00e9fi<\/span><span class=\"NormalTextRun SCXW70034350 BCX0\">\u00a0de la malnutrition sous\u00a0<\/span><span class=\"NormalTextRun SpellingErrorV2Themed SCXW70034350 BCX0\">toutes<\/span><span class=\"NormalTextRun SCXW70034350 BCX0\">\u00a0<\/span><span class=\"NormalTextRun SpellingErrorV2Themed SCXW70034350 BCX0\">ses<\/span><span class=\"NormalTextRun SCXW70034350 BCX0\">\u00a0<\/span><span class=\"NormalTextRun SpellingErrorV2Themed SCXW70034350 BCX0\">formes<\/span><span class=\"NormalTextRun SCXW70034350 BCX0\">\u202f:\u00a0<\/span><span class=\"NormalTextRun ContextualSpellingAndGrammarErrorV2Themed SCXW70034350 BCX0\">plus<\/span><span class=\"NormalTextRun SCXW70034350 BCX0\">\u00a0de 27\u202fmilliards de dollars\u00a0<\/span><span class=\"NormalTextRun SpellingErrorV2Themed SCXW70034350 BCX0\">am\u00e9ricains<\/span><span class=\"NormalTextRun SCXW70034350 BCX0\">\u00a0de\u00a0<\/span><span class=\"NormalTextRun SpellingErrorV2Themed SCXW70034350 BCX0\">financements<\/span><span class=\"NormalTextRun SCXW70034350 BCX0\">\u00a0pour la nutrition\u00a0<\/span><span class=\"NormalTextRun SpellingErrorV2Themed SCXW70034350 BCX0\">ont<\/span><span class=\"NormalTextRun SCXW70034350 BCX0\">\u00a0<\/span><span class=\"NormalTextRun SpellingErrorV2Themed SCXW70034350 BCX0\">\u00e9t\u00e9<\/span><span class=\"NormalTextRun SCXW70034350 BCX0\">\u00a0<\/span><span class=\"NormalTextRun SpellingErrorV2Themed SCXW70034350 BCX0\">annonc\u00e9s<\/span><span class=\"NormalTextRun SCXW70034350 BCX0\">.<\/span><\/span><span class=\"EOP SCXW70034350 BCX0\" data-ccp-props=\"{&quot;134233117&quot;:false,&quot;134233118&quot;:false,&quot;335551550&quot;:0,&quot;335551620&quot;:0,&quot;335559738&quot;:240,&quot;335559739&quot;:240}\">\u00a0<\/span><\/p>\n<p><span data-contrast=\"auto\">En 2013, le\u00a0gouvernement\u00a0du\u00a0Royaume\u2011Uni\u00a0a\u00a0accueilli\u00a0le <strong><a href=\"https:\/\/nutritionforgrowth.org\/about\/\" target=\"_blank\" rel=\"noopener\">premier Sommet Nutrition pour la Croissance<\/a> <\/strong><\/span><span data-contrast=\"auto\"><strong>\u00e0<\/strong> <strong>Londres<\/strong>,\u00a0en\u00a0lien avec les Jeux\u00a0olympiques\u00a0de Londres. Il a\u00a0permis\u00a0de mobiliser plus\u00a0de 4\u202fmilliards de dollars\u00a0am\u00e9ricains\u00a0pour\u00a0lutter\u00a0contre\u00a0la sous\u2011nutrition,\u00a0ainsi\u00a0que\u00a019\u202fmilliards de dollars\u00a0d\u2019investissements\u00a0compl\u00e9mentaires\u00a0sensibles\u00a0\u00e0 la nutrition entre 2013 et 2020. En 2017, les parties\u00a0prenantes\u00a0se\u00a0sont\u00a0r\u00e9unies\u00a0\u00e0 Milan pour le\u00a0<\/span><b><span data-contrast=\"auto\">Sommet\u00a0mondial\u00a0sur la nutrition<\/span><\/b><span data-contrast=\"auto\"> afin de suivre les engagements pris \u00e0 Londres, d\u2019\u00e9valuer les progr\u00e8s r\u00e9alis\u00e9s et de renforcer la coalition mondiale des champions de la nutrition. Ce sommet a g\u00e9n\u00e9r\u00e9 3,4\u202fmilliards de dollars suppl\u00e9mentaires en engagements pour la nutrition.<\/span><span data-ccp-props=\"{&quot;134233117&quot;:false,&quot;134233118&quot;:false,&quot;335551550&quot;:0,&quot;335551620&quot;:0,&quot;335559738&quot;:240,&quot;335559739&quot;:240}\">\u00a0<\/span><\/p>\n<p><span data-contrast=\"auto\">Lors du <a href=\"https:\/\/www.mofa.go.jp\/ic\/ghp\/page6e_000264_00001.html\"><strong>Sommet Nutrition pour la Croissance 2021 <\/strong><\/a><\/span><span data-contrast=\"auto\"><strong>\u00e0 Tokyo<\/strong>, au Japon, au moins 331 engagements provenant de 156 parties prenantes &#8211; dont 66 pays et 20 entit\u00e9s du secteur priv\u00e9 &#8211; ont \u00e9t\u00e9 soumis, et des contributions financi\u00e8res d\u00e9passant 27\u202fmilliards de dollars am\u00e9ricains ont \u00e9t\u00e9 annonc\u00e9es.<\/span><span data-ccp-props=\"{&quot;134233117&quot;:false,&quot;134233118&quot;:false,&quot;335551550&quot;:0,&quot;335551620&quot;:0,&quot;335559738&quot;:240,&quot;335559739&quot;:240}\">\u00a0<\/span><\/p>\n<h1>Objectifs de D\u00e9veloppement Durable<\/h1>\n<p><a href=\"https:\/\/sdgs.un.org\/2030agenda\" target=\"_blank\" rel=\"noopener\">L&rsquo;Agenda 2030 pour le D\u00e9veloppement Durable,<\/a> adopt\u00e9 par tous les \u00c9tats Membres des Nations Unies en 2015, offre un plan d&rsquo;action commun pour la paix et la prosp\u00e9rit\u00e9 des peuples et de la plan\u00e8te, maintenant et \u00e0 l&rsquo;avenir. Au c\u0153ur de cet agenda se trouvent les <strong>17 Objectifs de D\u00e9veloppement Durable (ODD)<\/strong>, qui constituent un appel urgent \u00e0 l&rsquo;action pour tous les pays &#8211; d\u00e9velopp\u00e9s et en d\u00e9veloppement &#8211; dans le cadre d&rsquo;un partenariat mondial. Ils reconnaissent que la fin de la pauvret\u00e9 et d&rsquo;autres privations doit aller de pair avec des strat\u00e9gies qui am\u00e9liorent la sant\u00e9 et l&rsquo;\u00e9ducation, r\u00e9duisent les in\u00e9galit\u00e9s et stimulent la croissance \u00e9conomique, tout en s&rsquo;attaquant aux changements climatiques et en \u0153uvrant pour pr\u00e9server nos oc\u00e9ans et nos for\u00eats.<br \/>\n<a href=\"https:\/\/sdgs.un.org\/goals\" target=\"_blank\" rel=\"noopener\">En savoir plus &gt;<\/a>[\/vc_column_text][\/vc_column][\/vc_row]<\/p>\n<\/div>","protected":false},"excerpt":{"rendered":"<p>[vc_row][vc_column][vc_column_text] Nutrition pour la Croissance La France a\u00a0accueilli le Sommet Nutrition pour la Croissance 2025 \u00e0 Paris. Le\u00a0sommet\u00a0a\u00a0plaid\u00e9\u00a0pour des engagements financiers et politiques\u00a0ambitieux\u00a0et a\u00a0favoris\u00e9\u00a0le dialogue entre\u00a0une\u00a0diversit\u00e9\u00a0d\u2019acteurs\u00a0du monde\u00a0entier,\u00a0notamment\u00a0des\u00a0gouvernements, des\u00a0organisations\u00a0internationales, des institutions de recherche, des\u00a0organisations\u00a0de la soci\u00e9t\u00e9 civile, des\u00a0fondations\u00a0philanthropiques, des\u00a0acteurs\u00a0du\u00a0secteur\u00a0priv\u00e9, et bien\u00a0d\u2019autres. La\u00a0communaut\u00e9\u00a0internationale\u00a0a pris des engagements\u00a0ambitieux\u00a0pour\u00a0relever\u00a0le\u00a0d\u00e9fi\u00a0de la malnutrition sous\u00a0toutes\u00a0ses\u00a0formes\u202f:\u00a0plus\u00a0de 27\u202fmilliards de dollars\u00a0am\u00e9ricains\u00a0de\u00a0financements\u00a0pour la nutrition\u00a0ont\u00a0\u00e9t\u00e9\u00a0annonc\u00e9s.\u00a0 En 2013, le\u00a0gouvernement\u00a0du\u00a0Royaume\u2011Uni\u00a0a\u00a0accueilli\u00a0le&hellip;<\/p>\n","protected":false},"author":1384,"featured_media":0,"parent":53944,"menu_order":0,"comment_status":"closed","ping_status":"closed","template":"","meta":{"_acf_changed":false,"footnotes":""},"class_list":["post-53972","page","type-page","status-publish","hentry","description-off"],"yoast_head":"<!-- This site is optimized with the Yoast SEO plugin v23.7 - https:\/\/yoast.com\/wordpress\/plugins\/seo\/ -->\n<title>Nutrition pour la Croissance et les ODD - Nutrition Dialogues<\/title>\n<meta name=\"robots\" content=\"index, follow, max-snippet:-1, max-image-preview:large, max-video-preview:-1\" \/>\n<link rel=\"canonical\" href=\"https:\/\/nutritiondialogues.org\/fr\/apercu\/nutrition-pour-la-croissance-et-les-odd-2\/\" \/>\n<meta property=\"og:locale\" content=\"fr_FR\" \/>\n<meta property=\"og:type\" content=\"article\" \/>\n<meta property=\"og:title\" content=\"Nutrition pour la Croissance et les ODD - Nutrition Dialogues\" \/>\n<meta property=\"og:description\" content=\"[vc_row][vc_column][vc_column_text] Nutrition pour la Croissance La France a\u00a0accueilli le Sommet Nutrition pour la Croissance 2025 \u00e0 Paris. Le\u00a0sommet\u00a0a\u00a0plaid\u00e9\u00a0pour des engagements financiers et politiques\u00a0ambitieux\u00a0et a\u00a0favoris\u00e9\u00a0le dialogue entre\u00a0une\u00a0diversit\u00e9\u00a0d\u2019acteurs\u00a0du monde\u00a0entier,\u00a0notamment\u00a0des\u00a0gouvernements, des\u00a0organisations\u00a0internationales, des institutions de recherche, des\u00a0organisations\u00a0de la soci\u00e9t\u00e9 civile, des\u00a0fondations\u00a0philanthropiques, des\u00a0acteurs\u00a0du\u00a0secteur\u00a0priv\u00e9, et bien\u00a0d\u2019autres. La\u00a0communaut\u00e9\u00a0internationale\u00a0a pris des engagements\u00a0ambitieux\u00a0pour\u00a0relever\u00a0le\u00a0d\u00e9fi\u00a0de la malnutrition sous\u00a0toutes\u00a0ses\u00a0formes\u202f:\u00a0plus\u00a0de 27\u202fmilliards de dollars\u00a0am\u00e9ricains\u00a0de\u00a0financements\u00a0pour la nutrition\u00a0ont\u00a0\u00e9t\u00e9\u00a0annonc\u00e9s.\u00a0 En 2013, le\u00a0gouvernement\u00a0du\u00a0Royaume\u2011Uni\u00a0a\u00a0accueilli\u00a0le&hellip;\" \/>\n<meta property=\"og:url\" content=\"https:\/\/nutritiondialogues.org\/fr\/apercu\/nutrition-pour-la-croissance-et-les-odd-2\/\" \/>\n<meta property=\"og:site_name\" content=\"Nutrition Dialogues\" \/>\n<meta property=\"article:modified_time\" content=\"2026-02-13T13:23:10+00:00\" \/>\n<meta name=\"twitter:card\" content=\"summary_large_image\" \/>\n<meta name=\"twitter:label1\" content=\"Dur\u00e9e de lecture estim\u00e9e\" \/>\n\t<meta name=\"twitter:data1\" content=\"2 minutes\" \/>\n<script type=\"application\/ld+json\" class=\"yoast-schema-graph\">{\"@context\":\"https:\/\/schema.org\",\"@graph\":[{\"@type\":\"WebPage\",\"@id\":\"https:\/\/nutritiondialogues.org\/fr\/apercu\/nutrition-pour-la-croissance-et-les-odd-2\/\",\"url\":\"https:\/\/nutritiondialogues.org\/fr\/apercu\/nutrition-pour-la-croissance-et-les-odd-2\/\",\"name\":\"Nutrition pour la Croissance et les ODD - Nutrition Dialogues\",\"isPartOf\":{\"@id\":\"https:\/\/nutritiondialogues.org\/#website\"},\"datePublished\":\"2024-08-27T15:59:30+00:00\",\"dateModified\":\"2026-02-13T13:23:10+00:00\",\"breadcrumb\":{\"@id\":\"https:\/\/nutritiondialogues.org\/fr\/apercu\/nutrition-pour-la-croissance-et-les-odd-2\/#breadcrumb\"},\"inLanguage\":\"fr-FR\",\"potentialAction\":[{\"@type\":\"ReadAction\",\"target\":[\"https:\/\/nutritiondialogues.org\/fr\/apercu\/nutrition-pour-la-croissance-et-les-odd-2\/\"]}]},{\"@type\":\"BreadcrumbList\",\"@id\":\"https:\/\/nutritiondialogues.org\/fr\/apercu\/nutrition-pour-la-croissance-et-les-odd-2\/#breadcrumb\",\"itemListElement\":[{\"@type\":\"ListItem\",\"position\":1,\"name\":\"Home\",\"item\":\"https:\/\/nutritiondialogues.org\/fr\/\"},{\"@type\":\"ListItem\",\"position\":2,\"name\":\"Aper\u00e7u\",\"item\":\"https:\/\/nutritiondialogues.org\/fr\/apercu\/\"},{\"@type\":\"ListItem\",\"position\":3,\"name\":\"Nutrition pour la Croissance et les ODD\"}]},{\"@type\":\"WebSite\",\"@id\":\"https:\/\/nutritiondialogues.org\/#website\",\"url\":\"https:\/\/nutritiondialogues.org\/\",\"name\":\"Nutrition Dialogues\",\"description\":\"Gateway\",\"potentialAction\":[{\"@type\":\"SearchAction\",\"target\":{\"@type\":\"EntryPoint\",\"urlTemplate\":\"https:\/\/nutritiondialogues.org\/?s={search_term_string}\"},\"query-input\":{\"@type\":\"PropertyValueSpecification\",\"valueRequired\":true,\"valueName\":\"search_term_string\"}}],\"inLanguage\":\"fr-FR\"}]}<\/script>\n<!-- \/ Yoast SEO plugin. -->","yoast_head_json":{"title":"Nutrition pour la Croissance et les ODD - Nutrition Dialogues","robots":{"index":"index","follow":"follow","max-snippet":"max-snippet:-1","max-image-preview":"max-image-preview:large","max-video-preview":"max-video-preview:-1"},"canonical":"https:\/\/nutritiondialogues.org\/fr\/apercu\/nutrition-pour-la-croissance-et-les-odd-2\/","og_locale":"fr_FR","og_type":"article","og_title":"Nutrition pour la Croissance et les ODD - Nutrition Dialogues","og_description":"[vc_row][vc_column][vc_column_text] Nutrition pour la Croissance La France a\u00a0accueilli le Sommet Nutrition pour la Croissance 2025 \u00e0 Paris. Le\u00a0sommet\u00a0a\u00a0plaid\u00e9\u00a0pour des engagements financiers et politiques\u00a0ambitieux\u00a0et a\u00a0favoris\u00e9\u00a0le dialogue entre\u00a0une\u00a0diversit\u00e9\u00a0d\u2019acteurs\u00a0du monde\u00a0entier,\u00a0notamment\u00a0des\u00a0gouvernements, des\u00a0organisations\u00a0internationales, des institutions de recherche, des\u00a0organisations\u00a0de la soci\u00e9t\u00e9 civile, des\u00a0fondations\u00a0philanthropiques, des\u00a0acteurs\u00a0du\u00a0secteur\u00a0priv\u00e9, et bien\u00a0d\u2019autres. La\u00a0communaut\u00e9\u00a0internationale\u00a0a pris des engagements\u00a0ambitieux\u00a0pour\u00a0relever\u00a0le\u00a0d\u00e9fi\u00a0de la malnutrition sous\u00a0toutes\u00a0ses\u00a0formes\u202f:\u00a0plus\u00a0de 27\u202fmilliards de dollars\u00a0am\u00e9ricains\u00a0de\u00a0financements\u00a0pour la nutrition\u00a0ont\u00a0\u00e9t\u00e9\u00a0annonc\u00e9s.\u00a0 En 2013, le\u00a0gouvernement\u00a0du\u00a0Royaume\u2011Uni\u00a0a\u00a0accueilli\u00a0le&hellip;","og_url":"https:\/\/nutritiondialogues.org\/fr\/apercu\/nutrition-pour-la-croissance-et-les-odd-2\/","og_site_name":"Nutrition Dialogues","article_modified_time":"2026-02-13T13:23:10+00:00","twitter_card":"summary_large_image","twitter_misc":{"Dur\u00e9e de lecture estim\u00e9e":"2 minutes"},"schema":{"@context":"https:\/\/schema.org","@graph":[{"@type":"WebPage","@id":"https:\/\/nutritiondialogues.org\/fr\/apercu\/nutrition-pour-la-croissance-et-les-odd-2\/","url":"https:\/\/nutritiondialogues.org\/fr\/apercu\/nutrition-pour-la-croissance-et-les-odd-2\/","name":"Nutrition pour la Croissance et les ODD - Nutrition Dialogues","isPartOf":{"@id":"https:\/\/nutritiondialogues.org\/#website"},"datePublished":"2024-08-27T15:59:30+00:00","dateModified":"2026-02-13T13:23:10+00:00","breadcrumb":{"@id":"https:\/\/nutritiondialogues.org\/fr\/apercu\/nutrition-pour-la-croissance-et-les-odd-2\/#breadcrumb"},"inLanguage":"fr-FR","potentialAction":[{"@type":"ReadAction","target":["https:\/\/nutritiondialogues.org\/fr\/apercu\/nutrition-pour-la-croissance-et-les-odd-2\/"]}]},{"@type":"BreadcrumbList","@id":"https:\/\/nutritiondialogues.org\/fr\/apercu\/nutrition-pour-la-croissance-et-les-odd-2\/#breadcrumb","itemListElement":[{"@type":"ListItem","position":1,"name":"Home","item":"https:\/\/nutritiondialogues.org\/fr\/"},{"@type":"ListItem","position":2,"name":"Aper\u00e7u","item":"https:\/\/nutritiondialogues.org\/fr\/apercu\/"},{"@type":"ListItem","position":3,"name":"Nutrition pour la Croissance et les ODD"}]},{"@type":"WebSite","@id":"https:\/\/nutritiondialogues.org\/#website","url":"https:\/\/nutritiondialogues.org\/","name":"Nutrition Dialogues","description":"Gateway","potentialAction":[{"@type":"SearchAction","target":{"@type":"EntryPoint","urlTemplate":"https:\/\/nutritiondialogues.org\/?s={search_term_string}"},"query-input":{"@type":"PropertyValueSpecification","valueRequired":true,"valueName":"search_term_string"}}],"inLanguage":"fr-FR"}]}},"acf":[],"_links":{"self":[{"href":"https:\/\/nutritiondialogues.org\/fr\/wp-json\/wp\/v2\/pages\/53972"}],"collection":[{"href":"https:\/\/nutritiondialogues.org\/fr\/wp-json\/wp\/v2\/pages"}],"about":[{"href":"https:\/\/nutritiondialogues.org\/fr\/wp-json\/wp\/v2\/types\/page"}],"author":[{"embeddable":true,"href":"https:\/\/nutritiondialogues.org\/fr\/wp-json\/wp\/v2\/users\/1384"}],"replies":[{"embeddable":true,"href":"https:\/\/nutritiondialogues.org\/fr\/wp-json\/wp\/v2\/comments?post=53972"}],"version-history":[{"count":3,"href":"https:\/\/nutritiondialogues.org\/fr\/wp-json\/wp\/v2\/pages\/53972\/revisions"}],"predecessor-version":[{"id":60118,"href":"https:\/\/nutritiondialogues.org\/fr\/wp-json\/wp\/v2\/pages\/53972\/revisions\/60118"}],"up":[{"embeddable":true,"href":"https:\/\/nutritiondialogues.org\/fr\/wp-json\/wp\/v2\/pages\/53944"}],"wp:attachment":[{"href":"https:\/\/nutritiondialogues.org\/fr\/wp-json\/wp\/v2\/media?parent=53972"}],"curies":[{"name":"wp","href":"https:\/\/api.w.org\/{rel}","templated":true}]}}