{"id":53995,"date":"2024-08-28T03:15:19","date_gmt":"2024-08-28T08:15:19","guid":{"rendered":"https:\/\/nutritiondialogues.org\/?page_id=53995"},"modified":"2025-03-26T03:49:16","modified_gmt":"2025-03-26T08:49:16","slug":"retour-dinformation-officiel-et-synthese","status":"publish","type":"page","link":"https:\/\/nutritiondialogues.org\/fr\/apercu\/retour-dinformation-officiel-et-synthese\/","title":{"rendered":"Retour d&rsquo;information officiel et synth\u00e8se"},"content":{"rendered":"<div class=\"wpb-content-wrapper\"><p>[vc_row][vc_column][vc_column_text css=\u00a0\u00bb\u00a0\u00bb]<\/p>\n<h1><b>Synth\u00e8ses (f\u00e9vrier 2025)<\/b><\/h1>\n<div class=\"content\">\n<ul>\n<li>\n<h4><strong><u>Synth\u00e8se globale<\/u><\/strong> :<\/h4>\n<\/li>\n<\/ul>\n<p>Les retours d\u2019information de <strong>346 dialogues sur la nutrition<\/strong> qui ont eu lieu en 2024, impliquant plus de <strong>10 000 personnes<\/strong> dans <strong>54 pays<\/strong>, ont \u00e9t\u00e9 publi\u00e9s sur le portail des dialogues sur la nutrition.<br \/>\nCes donn\u00e9es constituent la base de la synth\u00e8se globale, qui inclut une <strong>analyse des facteurs sous-jacents<\/strong> et des d\u00e9clencheurs de la malnutrition ainsi qu\u2019une pr\u00e9sentation des implications pour la conception et la mise en \u0153uvre des actions en faveur de la nutrition.<\/p>\n<ul>\n<li style=\"list-style-type: none;\">\n<ul>\n<li><strong>La synth\u00e8se globale<\/strong> est disponible en <strong><a href=\"https:\/\/nutritiondialogues.org\/wp-content\/uploads\/2025\/03\/Nutrition-Dialogues_Global-Synthesis-Summary_VS4.pdf\" target=\"_blank\" rel=\"noopener\">anglais<\/a><\/strong>, <a href=\"https:\/\/nutritiondialogues.org\/wp-content\/uploads\/2025\/03\/Nutrition-Dialogues_Global-Synthesis-Summary_French.pdf\" target=\"_blank\" rel=\"noopener\"><strong>fran\u00e7ais<\/strong><\/a> et <a href=\"https:\/\/nutritiondialogues.org\/wp-content\/uploads\/2025\/03\/Nutrition-Dialogues_Global-Synthesis-Summary_Spanish.pdf\" target=\"_blank\" rel=\"noopener\"><strong>espagnol<\/strong><\/a>.<\/li>\n<li>La <a href=\"https:\/\/nutritiondialogues.org\/wp-content\/uploads\/2025\/02\/250205_Nutrition-Dialogues-Global-Synthesis_-Full-version_REV3.pdf\" target=\"_blank\" rel=\"noopener\"><strong>version compl\u00e8te<\/strong> <\/a>de la synth\u00e8se globale fournit plus de d\u00e9tails sur les dialogues sur la nutrition ainsi que des citations de leurs participants.<\/li>\n<li>Une <strong>version adapt\u00e9e aux enfants<\/strong> du r\u00e9sum\u00e9 de la synth\u00e8se globale est disponible en <span class=\"TextRun SCXW4772561 BCX2\" lang=\"EN-US\" xml:lang=\"EN-US\" data-contrast=\"auto\"><span class=\"NormalTextRun SCXW4772561 BCX2\"><strong><a href=\"https:\/\/nutritiondialogues.org\/wp-content\/uploads\/2025\/03\/Nutrition-Dialogues-Global-Synthesis-\u2013-Child-Friendly-Version-1.pdf\" target=\"_blank\" rel=\"noopener\">anglais<\/a><\/strong>, <strong><a href=\"https:\/\/nutritiondialogues.org\/wp-content\/uploads\/2025\/03\/Nutrition-Dialogues_Global-Synthesis-\u2013-Child-Friendly-Version_French.pdf\" target=\"_blank\" rel=\"noopener\">fran\u00e7ais<\/a><\/strong> et <strong><a href=\"https:\/\/nutritiondialogues.org\/wp-content\/uploads\/2025\/03\/Nutrition-Dialogues_Global-Synthesis-\u2013-Child-Friendly-Version_Spanish.pdf\" target=\"_blank\" rel=\"noopener\">espagnol<\/a><\/strong>.<\/span><\/span><\/li>\n<li>La <strong>version abr\u00e9g\u00e9e<\/strong>\u00a0de la synth\u00e8se globale est disponible en <strong><a href=\"https:\/\/nutritiondialogues.org\/wp-content\/uploads\/2025\/03\/Nutrition-Dialogues-Global-Synthesis-Headlines.pdf\" target=\"_blank\" rel=\"noopener\">anglais<\/a><\/strong>, <a href=\"https:\/\/nutritiondialogues.org\/wp-content\/uploads\/2025\/03\/Nutrition-Dialogues-Global-Synthesis-Headlines-French.pdf\" target=\"_blank\" rel=\"noopener\"><strong>fran\u00e7ais<\/strong><\/a> et <a href=\"https:\/\/nutritiondialogues.org\/wp-content\/uploads\/2025\/03\/Nutrition-Dialogues_Global-Synthesis-Summary_Spanish.pdf\" target=\"_blank\" rel=\"noopener\"><strong>espagnol<\/strong><\/a>.<\/li>\n<\/ul>\n<\/li>\n<li data-leveltext=\"-\" data-font=\"Aptos\" data-listid=\"2\" data-list-defn-props=\"{&quot;335551671&quot;:0,&quot;335552541&quot;:1,&quot;335559685&quot;:720,&quot;335559991&quot;:360,&quot;469769226&quot;:&quot;Aptos&quot;,&quot;469769242&quot;:[8226],&quot;469777803&quot;:&quot;left&quot;,&quot;469777804&quot;:&quot;-&quot;,&quot;469777815&quot;:&quot;hybridMultilevel&quot;}\" aria-setsize=\"-1\" data-aria-posinset=\"33\" data-aria-level=\"1\">\n<h4><strong><u>Synth\u00e8ses par pays<\/u><\/strong> :<\/h4>\n<p>Les synth\u00e8ses par pays sont g\u00e9n\u00e9r\u00e9es par intelligence artificielle, en utilisant le m\u00eame cadre analytique que la synth\u00e8se globale, pour les pays o\u00f9 au moins <strong>4 dialogues sur la nutrition<\/strong> ont \u00e9t\u00e9 organis\u00e9s et rapport\u00e9s en 2024.<\/p>\n<p><strong>Ces rapports sont disponibles ici : <\/strong><\/p>\n<ul>\n<li style=\"list-style-type: none;\">\n<ul>\n<li style=\"list-style-type: none;\">\n<ul>\n<li><a href=\"https:\/\/nutritiondialogues.org\/wp-content\/uploads\/2025\/03\/Afghanistan-Nutrition-Dialogues-Country-Level-Synthesis.pdf\" target=\"_blank\" rel=\"noopener\">Afghanistan<\/a><\/li>\n<li><a href=\"https:\/\/nutritiondialogues.org\/wp-content\/uploads\/2025\/03\/Bangladesh-Nutrition-Dialogue-Synthesis-1.pdf\" target=\"_blank\" rel=\"noopener\">Bangladesh<\/a><\/li>\n<li><a href=\"https:\/\/nutritiondialogues.org\/wp-content\/uploads\/2025\/03\/Myanmar-Nutrition-Dialogues-Country-Level-Synthesis.pdf\" target=\"_blank\" rel=\"noopener\">Birmanie<\/a><\/li>\n<li><a href=\"https:\/\/nutritiondialogues.org\/wp-content\/uploads\/2025\/03\/Burundi-Nutrition-Dialogues-Country-Level-Synthesis-1.pdf\" target=\"_blank\" rel=\"noopener\">Burundi<\/a><\/li>\n<li><a href=\"https:\/\/nutritiondialogues.org\/wp-content\/uploads\/2025\/03\/Colombia-Nutrition-Dialogues-Country-Level-Synthesis.pdf\" target=\"_blank\" rel=\"noopener\">Colombie<\/a><\/li>\n<li><a href=\"https:\/\/nutritiondialogues.org\/wp-content\/uploads\/2025\/03\/Ecuador-Nutrition-Dialogues-Country-Level-Synthesis-1.pdf\" target=\"_blank\" rel=\"noopener\">\u00c9quateur<\/a><\/li>\n<li><a href=\"https:\/\/nutritiondialogues.org\/wp-content\/uploads\/2025\/03\/Eswatini-Nutrition-Dialogues-Country.pdf\" target=\"_blank\" rel=\"noopener\">Eswatini<\/a><\/li>\n<li><a href=\"https:\/\/nutritiondialogues.org\/wp-content\/uploads\/2025\/03\/Ghana-Nutrition-Dialogues-Country-Level-Synthesis-3.pdf\" target=\"_blank\" rel=\"noopener\">Ghana<\/a><\/li>\n<li><a href=\"https:\/\/nutritiondialogues.org\/wp-content\/uploads\/2025\/03\/Kenya-Nutrition-Dialogues-Country-Level-Synthesis-3-1.pdf\" target=\"_blank\" rel=\"noopener\">Kenya<\/a><\/li>\n<li><a href=\"https:\/\/nutritiondialogues.org\/wp-content\/uploads\/2025\/03\/Lesotho-Nutrition-Dialogues-Country-Level-Synthesis.pdf\" target=\"_blank\" rel=\"noopener\">Lesotho<\/a><\/li>\n<li><a href=\"https:\/\/nutritiondialogues.org\/wp-content\/uploads\/2025\/03\/Malawi-Nutrition-Dialogues-Country-Level-Synthesis-1.pdf\" target=\"_blank\" rel=\"noopener\">Malawi<\/a><\/li>\n<li><a href=\"https:\/\/nutritiondialogues.org\/wp-content\/uploads\/2025\/03\/Mali-Nutrition-Dialogues-Country-Level-Synthesis.pdf\" target=\"_blank\" rel=\"noopener\">Mali<\/a><\/li>\n<li><a href=\"https:\/\/nutritiondialogues.org\/wp-content\/uploads\/2025\/03\/Mozambique-Nutrition-Dialogues-Country.pdf\" target=\"_blank\" rel=\"noopener\">Mozambique<\/a><\/li>\n<li><a href=\"https:\/\/nutritiondialogues.org\/wp-content\/uploads\/2025\/03\/Nepal-Nutrition-Dialogues-Country-Level-Synthesis-1.pdf\" target=\"_blank\" rel=\"noopener\">N\u00e9pal<\/a><\/li>\n<li><a href=\"https:\/\/nutritiondialogues.org\/wp-content\/uploads\/2025\/03\/Nigeria-Nutrition-Dialogues-Country.pdf\" target=\"_blank\" rel=\"noopener\">Nig\u00e9ria<\/a><\/li>\n<li><a href=\"https:\/\/nutritiondialogues.org\/wp-content\/uploads\/2025\/03\/Peru-Nutrition-Dialogues-Country-Level-Synthesis.pdf\" target=\"_blank\" rel=\"noopener\">P\u00e9rou<\/a><\/li>\n<li><a href=\"https:\/\/nutritiondialogues.org\/wp-content\/uploads\/2025\/03\/Philippines-Nutrition-Dialogue-Synthesis-1.pdf\" target=\"_blank\" rel=\"noopener\">Philippines<\/a><\/li>\n<li><a href=\"https:\/\/nutritiondialogues.org\/wp-content\/uploads\/2025\/03\/DRC-Nutrition-Dialogues-Country-Level-Synthesis-1.pdf\" target=\"_blank\" rel=\"noopener\">R\u00e9publique d\u00e9mocratique du Congo<\/a><\/li>\n<li><a href=\"https:\/\/nutritiondialogues.org\/wp-content\/uploads\/2025\/03\/Dominican-Republic-Nutrition-Dialogues-Country-Level-Synthesis.pdf\" target=\"_blank\" rel=\"noopener\">R\u00e9publique dominicaine<\/a><\/li>\n<li><a href=\"https:\/\/nutritiondialogues.org\/wp-content\/uploads\/2025\/03\/Rwanda-Nutrition-Dialogues-Country-Level-Synthesis-1-3.pdf\" target=\"_blank\" rel=\"noopener\">Rwanda<\/a><\/li>\n<li><a href=\"https:\/\/nutritiondialogues.org\/wp-content\/uploads\/2025\/03\/Somalia-Nutrition-Dialogues-Country-Level-Synthesis.pdf\" target=\"_blank\" rel=\"noopener\">Somalie<\/a><\/li>\n<li><a href=\"https:\/\/nutritiondialogues.org\/wp-content\/uploads\/2025\/03\/Sri-Lanka-Nutrition-Dialogues-Country-Level-Synthesis.pdf\" target=\"_blank\" rel=\"noopener\">Sri Lanka<\/a><\/li>\n<li><a href=\"https:\/\/nutritiondialogues.org\/wp-content\/uploads\/2025\/03\/Zambia-Nutrition-Dialogues-Country-Level-Synthesis.pdf\" target=\"_blank\" rel=\"noopener\">Zambie<\/a><\/li>\n<li><a href=\"https:\/\/nutritiondialogues.org\/wp-content\/uploads\/2025\/03\/Zimbabwe-Nutrition-Dialogues-Country-Level-Synthesis.pdf\" target=\"_blank\" rel=\"noopener\">Zimbabwe<\/a><\/li>\n<\/ul>\n<\/li>\n<\/ul>\n<\/li>\n<\/ul>\n<\/li>\n<\/ul>\n<h4><strong><u><span data-olk-copy-source=\"MessageBody\">Synth\u00e8ses th\u00e9matiques\u00a0:<\/span><\/u><\/strong><\/h4>\n<p><span data-contrast=\"auto\"><strong>Synth\u00e8se des Dialogues confessionnels : <\/strong>Une synth\u00e8se des Dialogues sur la nutrition organis\u00e9s par des chefs religieux\u00a0<span class=\"markiv9umkuxs nNUco\" data-markjs=\"true\">est g\u00e9n\u00e9r\u00e9e par intelligence artificielle, selon le m\u00eame cadre analytique que la Synth\u00e8se globale.<\/span><\/span><\/p>\n<p>Le projet de rapport est disponible ici :<\/p>\n<p><a href=\"https:\/\/nutritiondialogues.org\/wp-content\/uploads\/2025\/03\/Faith-Community-Nutrition-Dialogue-Report.pdf\" target=\"_blank\" rel=\"noopener\"><span data-contrast=\"auto\">Synth\u00e8se des Dialogues confessionnels<\/span><\/a><\/p>\n<\/div>\n<p>[\/vc_column_text][\/vc_column][\/vc_row][vc_row][vc_column][vc_column_text]<\/p>\n<h1>Retour d&rsquo;information officiel et synth\u00e8se<\/h1>\n<p>Les convenors partagent les r\u00e9sultats de leurs dialogues sur ce portail en ligne en utilisant un formulaire de retour d&rsquo;information standardis\u00e9. Ces informations deviennent disponibles publiquement pour l&rsquo;analyse et l&rsquo;apprentissage. Les formulaires de retour d&rsquo;information incluent des informations sur :<\/p>\n<ul>\n<li>Qui a particip\u00e9 au dialogue ? (Donn\u00e9es quantitatives pour indiquer la diversit\u00e9 des participants)<\/li>\n<li>Comment le dialogue a-t-il \u00e9t\u00e9 cadr\u00e9 ? Qu&rsquo;est-ce qui a \u00e9t\u00e9 discut\u00e9 ? (Description du contexte local)<\/li>\n<li>Quels ont \u00e9t\u00e9 les r\u00e9sultats du dialogue ?<\/li>\n<li>Quels d\u00e9fis nutritionnels sont rencontr\u00e9s ? Quelles actions sont urgemment n\u00e9cessaires et comment doivent-elles \u00eatre men\u00e9es ?<\/li>\n<li>Dans quelle mesure les points de vue, opinions et positions ont-ils diverg\u00e9 ?<\/li>\n<li>Quels principes et m\u00e9thodes ont \u00e9t\u00e9 utilis\u00e9s ? (Description de la m\u00e9thode de dialogue)<\/li>\n<\/ul>\n<p>Les r\u00e9sultats de tous les dialogues sur la nutrition qui auront \u00e9t\u00e9 rapport\u00e9s <span style=\"text-decoration: underline;\"><strong>d&rsquo;ici fin 2024<\/strong><\/span> seront synth\u00e9tis\u00e9s en pr\u00e9paration du N4G 2025. Le rapport de synth\u00e8se mettra en lumi\u00e8re les d\u00e9fis li\u00e9s \u00e0 la nutrition auxquels sont confront\u00e9es les femmes et les enfants. La pr\u00e9paration de la synth\u00e8se impliquera plusieurs \u00e9tapes pour le codage des donn\u00e9es, l&rsquo;analyse et l&rsquo;identification des motifs et th\u00e8mes \u00e0 travers les dialogues (et, \u00e9ventuellement, par pays). Une approche standardis\u00e9e sera utilis\u00e9e pour coder les donn\u00e9es qualitatives afin de permettre une analyse quantitative. Elle pr\u00e9cisera les messages cl\u00e9s des dialogues sur la nutrition \u2013 en particulier les perspectives des femmes et des enfants sur les probl\u00e8mes qu&rsquo;ils rencontrent pour maintenir leur propre nutrition et celle de leurs enfants.<\/p>\n<p>Les messages cl\u00e9s encourageront une plus grande attention \u00e0 l&rsquo;am\u00e9lioration de la nutrition des femmes et des enfants par les d\u00e9cideurs. Ils inciteront tous les acteurs de la nutrition \u00e0 \u00eatre plus ambitieux, efficaces et responsables.<\/p>\n<p>En r\u00e9sum\u00e9, les r\u00e9sultats des dialogues sur la nutrition :<\/p>\n<ul>\n<li>D\u00e9velopperont des messages puissants pour les d\u00e9cideurs<\/li>\n<li>G\u00e9n\u00e9reront une plus grande attention politique aux besoins nutritionnels des populations<\/li>\n<li>Contribueront \u00e0 des changements de politique pour une meilleure nutrition<\/li>\n<li>Encourageront des actions plus ambitieuses et efficaces pour la nutrition, et accro\u00eetront la responsabilit\u00e9 pour les actions entreprises.<\/li>\n<\/ul>\n<p>Plus de d\u00e9tails peuvent \u00eatre trouv\u00e9s dans :<\/p>\n<ul>\n<li><strong>Cadre de retour d&rsquo;information pour les dialogues avec les parties prenantes \u00a0<a href=\"https:\/\/nutritiondialogues.org\/wp-content\/uploads\/2024\/07\/Stakeholder-Dialogues-Feedback-Framework.pdf\" target=\"_blank\" rel=\"noopener\">English<\/a>\u00a0|\u00a0<a href=\"https:\/\/nutritiondialogues.org\/wp-content\/uploads\/2024\/08\/FR-Stakeholder-Dialogues-Feedback-Framework.pdf\" target=\"_blank\" rel=\"noopener\">Fran\u00e7ais<\/a>\u00a0|\u00a0<a href=\"https:\/\/nutritiondialogues.org\/wp-content\/uploads\/2024\/08\/SP-Stakeholder-Dialogues-Feedback-Framework.pdf\" target=\"_blank\" rel=\"noopener\">Espa\u00f1ol<\/a><\/strong><\/li>\n<li><strong>Cadre de retour d&rsquo;information pour les ateliers pour enfants. \u00a0<a href=\"https:\/\/nutritiondialogues.org\/wp-content\/uploads\/2024\/07\/Childrens-Workshops-Feedback-Framework.pdf\" target=\"_blank\" rel=\"noopener\">English<\/a>\u00a0|\u00a0<a href=\"https:\/\/nutritiondialogues.org\/wp-content\/uploads\/2024\/08\/FR-Childrens-Workshops-Feedback-Framework.pdf\" target=\"_blank\" rel=\"noopener\">Fran\u00e7ais<\/a>\u00a0|\u00a0<a href=\"https:\/\/nutritiondialogues.org\/wp-content\/uploads\/2024\/08\/SP-Childrens-Workshops-Feedback-Framework.pdf\" target=\"_blank\" rel=\"noopener\">Espa\u00f1ol<\/a> <\/strong>[\/vc_column_text][\/vc_column][\/vc_row][vc_row][vc_column][vc_column_text]<\/li>\n<\/ul>\n<p>[\/vc_column_text][\/vc_column][\/vc_row]<\/p>\n<\/div>","protected":false},"excerpt":{"rendered":"<p>[vc_row][vc_column][vc_column_text css=\u00a0\u00bb\u00a0\u00bb] Synth\u00e8ses (f\u00e9vrier 2025) Synth\u00e8se globale : Les retours d\u2019information de 346 dialogues sur la nutrition qui ont eu lieu en 2024, impliquant plus de 10 000 personnes dans 54 pays, ont \u00e9t\u00e9 publi\u00e9s sur le portail des dialogues sur la nutrition. Ces donn\u00e9es constituent la base de la synth\u00e8se globale, qui inclut une&hellip;<\/p>\n","protected":false},"author":1384,"featured_media":0,"parent":53944,"menu_order":0,"comment_status":"closed","ping_status":"closed","template":"","meta":{"_acf_changed":false,"footnotes":""},"class_list":["post-53995","page","type-page","status-publish","hentry","description-off"],"yoast_head":"<!-- This site is optimized with the Yoast SEO plugin v23.7 - https:\/\/yoast.com\/wordpress\/plugins\/seo\/ -->\n<title>Retour d&#039;information officiel et synth\u00e8se - Nutrition Dialogues<\/title>\n<meta name=\"robots\" content=\"index, follow, max-snippet:-1, max-image-preview:large, max-video-preview:-1\" \/>\n<link rel=\"canonical\" href=\"https:\/\/nutritiondialogues.org\/fr\/apercu\/retour-dinformation-officiel-et-synthese\/\" \/>\n<meta property=\"og:locale\" content=\"fr_FR\" \/>\n<meta property=\"og:type\" content=\"article\" \/>\n<meta property=\"og:title\" content=\"Retour d&#039;information officiel et synth\u00e8se - Nutrition Dialogues\" \/>\n<meta property=\"og:description\" content=\"[vc_row][vc_column][vc_column_text css=\u00a0\u00bb\u00a0\u00bb] Synth\u00e8ses (f\u00e9vrier 2025) Synth\u00e8se globale : Les retours d\u2019information de 346 dialogues sur la nutrition qui ont eu lieu en 2024, impliquant plus de 10 000 personnes dans 54 pays, ont \u00e9t\u00e9 publi\u00e9s sur le portail des dialogues sur la nutrition. Ces donn\u00e9es constituent la base de la synth\u00e8se globale, qui inclut une&hellip;\" \/>\n<meta property=\"og:url\" content=\"https:\/\/nutritiondialogues.org\/fr\/apercu\/retour-dinformation-officiel-et-synthese\/\" \/>\n<meta property=\"og:site_name\" content=\"Nutrition Dialogues\" \/>\n<meta property=\"article:modified_time\" content=\"2025-03-26T08:49:16+00:00\" \/>\n<meta name=\"twitter:card\" content=\"summary_large_image\" \/>\n<meta name=\"twitter:label1\" content=\"Dur\u00e9e de lecture estim\u00e9e\" \/>\n\t<meta name=\"twitter:data1\" content=\"3 minutes\" \/>\n<script type=\"application\/ld+json\" class=\"yoast-schema-graph\">{\"@context\":\"https:\/\/schema.org\",\"@graph\":[{\"@type\":\"WebPage\",\"@id\":\"https:\/\/nutritiondialogues.org\/fr\/apercu\/retour-dinformation-officiel-et-synthese\/\",\"url\":\"https:\/\/nutritiondialogues.org\/fr\/apercu\/retour-dinformation-officiel-et-synthese\/\",\"name\":\"Retour d'information officiel et synth\u00e8se - Nutrition Dialogues\",\"isPartOf\":{\"@id\":\"https:\/\/nutritiondialogues.org\/#website\"},\"datePublished\":\"2024-08-28T08:15:19+00:00\",\"dateModified\":\"2025-03-26T08:49:16+00:00\",\"breadcrumb\":{\"@id\":\"https:\/\/nutritiondialogues.org\/fr\/apercu\/retour-dinformation-officiel-et-synthese\/#breadcrumb\"},\"inLanguage\":\"fr-FR\",\"potentialAction\":[{\"@type\":\"ReadAction\",\"target\":[\"https:\/\/nutritiondialogues.org\/fr\/apercu\/retour-dinformation-officiel-et-synthese\/\"]}]},{\"@type\":\"BreadcrumbList\",\"@id\":\"https:\/\/nutritiondialogues.org\/fr\/apercu\/retour-dinformation-officiel-et-synthese\/#breadcrumb\",\"itemListElement\":[{\"@type\":\"ListItem\",\"position\":1,\"name\":\"Home\",\"item\":\"https:\/\/nutritiondialogues.org\/fr\/\"},{\"@type\":\"ListItem\",\"position\":2,\"name\":\"Aper\u00e7u\",\"item\":\"https:\/\/nutritiondialogues.org\/fr\/apercu\/\"},{\"@type\":\"ListItem\",\"position\":3,\"name\":\"Retour d&#8217;information officiel et synth\u00e8se\"}]},{\"@type\":\"WebSite\",\"@id\":\"https:\/\/nutritiondialogues.org\/#website\",\"url\":\"https:\/\/nutritiondialogues.org\/\",\"name\":\"Nutrition Dialogues\",\"description\":\"Gateway\",\"potentialAction\":[{\"@type\":\"SearchAction\",\"target\":{\"@type\":\"EntryPoint\",\"urlTemplate\":\"https:\/\/nutritiondialogues.org\/?s={search_term_string}\"},\"query-input\":{\"@type\":\"PropertyValueSpecification\",\"valueRequired\":true,\"valueName\":\"search_term_string\"}}],\"inLanguage\":\"fr-FR\"}]}<\/script>\n<!-- \/ Yoast SEO plugin. -->","yoast_head_json":{"title":"Retour d'information officiel et synth\u00e8se - Nutrition Dialogues","robots":{"index":"index","follow":"follow","max-snippet":"max-snippet:-1","max-image-preview":"max-image-preview:large","max-video-preview":"max-video-preview:-1"},"canonical":"https:\/\/nutritiondialogues.org\/fr\/apercu\/retour-dinformation-officiel-et-synthese\/","og_locale":"fr_FR","og_type":"article","og_title":"Retour d'information officiel et synth\u00e8se - Nutrition Dialogues","og_description":"[vc_row][vc_column][vc_column_text css=\u00a0\u00bb\u00a0\u00bb] Synth\u00e8ses (f\u00e9vrier 2025) Synth\u00e8se globale : Les retours d\u2019information de 346 dialogues sur la nutrition qui ont eu lieu en 2024, impliquant plus de 10 000 personnes dans 54 pays, ont \u00e9t\u00e9 publi\u00e9s sur le portail des dialogues sur la nutrition. Ces donn\u00e9es constituent la base de la synth\u00e8se globale, qui inclut une&hellip;","og_url":"https:\/\/nutritiondialogues.org\/fr\/apercu\/retour-dinformation-officiel-et-synthese\/","og_site_name":"Nutrition Dialogues","article_modified_time":"2025-03-26T08:49:16+00:00","twitter_card":"summary_large_image","twitter_misc":{"Dur\u00e9e de lecture estim\u00e9e":"3 minutes"},"schema":{"@context":"https:\/\/schema.org","@graph":[{"@type":"WebPage","@id":"https:\/\/nutritiondialogues.org\/fr\/apercu\/retour-dinformation-officiel-et-synthese\/","url":"https:\/\/nutritiondialogues.org\/fr\/apercu\/retour-dinformation-officiel-et-synthese\/","name":"Retour d'information officiel et synth\u00e8se - Nutrition Dialogues","isPartOf":{"@id":"https:\/\/nutritiondialogues.org\/#website"},"datePublished":"2024-08-28T08:15:19+00:00","dateModified":"2025-03-26T08:49:16+00:00","breadcrumb":{"@id":"https:\/\/nutritiondialogues.org\/fr\/apercu\/retour-dinformation-officiel-et-synthese\/#breadcrumb"},"inLanguage":"fr-FR","potentialAction":[{"@type":"ReadAction","target":["https:\/\/nutritiondialogues.org\/fr\/apercu\/retour-dinformation-officiel-et-synthese\/"]}]},{"@type":"BreadcrumbList","@id":"https:\/\/nutritiondialogues.org\/fr\/apercu\/retour-dinformation-officiel-et-synthese\/#breadcrumb","itemListElement":[{"@type":"ListItem","position":1,"name":"Home","item":"https:\/\/nutritiondialogues.org\/fr\/"},{"@type":"ListItem","position":2,"name":"Aper\u00e7u","item":"https:\/\/nutritiondialogues.org\/fr\/apercu\/"},{"@type":"ListItem","position":3,"name":"Retour d&#8217;information officiel et synth\u00e8se"}]},{"@type":"WebSite","@id":"https:\/\/nutritiondialogues.org\/#website","url":"https:\/\/nutritiondialogues.org\/","name":"Nutrition Dialogues","description":"Gateway","potentialAction":[{"@type":"SearchAction","target":{"@type":"EntryPoint","urlTemplate":"https:\/\/nutritiondialogues.org\/?s={search_term_string}"},"query-input":{"@type":"PropertyValueSpecification","valueRequired":true,"valueName":"search_term_string"}}],"inLanguage":"fr-FR"}]}},"acf":[],"_links":{"self":[{"href":"https:\/\/nutritiondialogues.org\/fr\/wp-json\/wp\/v2\/pages\/53995"}],"collection":[{"href":"https:\/\/nutritiondialogues.org\/fr\/wp-json\/wp\/v2\/pages"}],"about":[{"href":"https:\/\/nutritiondialogues.org\/fr\/wp-json\/wp\/v2\/types\/page"}],"author":[{"embeddable":true,"href":"https:\/\/nutritiondialogues.org\/fr\/wp-json\/wp\/v2\/users\/1384"}],"replies":[{"embeddable":true,"href":"https:\/\/nutritiondialogues.org\/fr\/wp-json\/wp\/v2\/comments?post=53995"}],"version-history":[{"count":33,"href":"https:\/\/nutritiondialogues.org\/fr\/wp-json\/wp\/v2\/pages\/53995\/revisions"}],"predecessor-version":[{"id":59172,"href":"https:\/\/nutritiondialogues.org\/fr\/wp-json\/wp\/v2\/pages\/53995\/revisions\/59172"}],"up":[{"embeddable":true,"href":"https:\/\/nutritiondialogues.org\/fr\/wp-json\/wp\/v2\/pages\/53944"}],"wp:attachment":[{"href":"https:\/\/nutritiondialogues.org\/fr\/wp-json\/wp\/v2\/media?parent=53995"}],"curies":[{"name":"wp","href":"https:\/\/api.w.org\/{rel}","templated":true}]}}