{"id":54037,"date":"2024-08-28T03:59:08","date_gmt":"2024-08-28T08:59:08","guid":{"rendered":"https:\/\/nutritiondialogues.org\/?page_id=54037"},"modified":"2024-08-28T03:59:08","modified_gmt":"2024-08-28T08:59:08","slug":"principes-dengagement","status":"publish","type":"page","link":"https:\/\/nutritiondialogues.org\/fr\/principes-dengagement\/","title":{"rendered":"Principes d&rsquo;engagement"},"content":{"rendered":"<div class=\"wpb-content-wrapper\"><p>[vc_row][vc_column][vc_column_text]<\/p>\n<h1>Principes d&rsquo;engagement<\/h1>\n<p>Le programme des Dialogues sur la Nutrition repose sur un ensemble de Principes d&rsquo;Engagement pour tous les parties prenantes. Ils aident \u00e0 garantir un processus significatif et des \u00e9v\u00e9nements de dialogue jouant un r\u00f4le pr\u00e9cieux pour influencer les moyens d&rsquo;am\u00e9liorer la nutrition pour tous.[\/vc_column_text][vc_column_text]<\/p>\n<h4><span style=\"color: #5e85ff;\"><span style=\"color: #000000;\">1. Soyez engag\u00e9 \u00e0<\/span> <strong>am\u00e9liorer la nutrition pour tous,<\/strong><\/span> en particulier pour les femmes et les enfants<\/h4>\n<h4>2. Reconna\u00eetre que l&rsquo;\u00e9tat nutritionnel de chacun a <strong><span style=\"color: #5e85ff;\">de multiples d\u00e9terminants <\/span><\/strong><\/h4>\n<h4>3. Accueillir la <span style=\"color: #5e85ff;\"><strong>diversit\u00e9 et l&rsquo;inclusivit\u00e9<\/strong><\/span> des parties prenantes, y compris les jeunes<\/h4>\n<h4>4.<strong><span style=\"color: #5e85ff;\"> Respecter les diff\u00e9rentes perspectives<\/span> <\/strong>tout en cultivant la confiance entre les parties prenantes<\/h4>\n<h4>5. Soyez ouvert \u00e0 <strong><span style=\"color: #5e85ff;\">partager et apprendre<\/span><\/strong> des autres<\/h4>\n<h4>6. Agir avec <strong><span style=\"color: #5e85ff;\">int\u00e9grit\u00e9<\/span><\/strong> et de mani\u00e8re <strong><span style=\"color: #5e85ff;\">\u00e9thique<\/span><\/strong><\/h4>\n<h4>7. Agir avec l&rsquo;engagement de respecter l&rsquo;<strong><span style=\"color: #5e85ff;\">\u00e9quit\u00e9 et les droits<\/span><\/strong> de toutes les femmes, hommes et enfants<\/h4>\n<h4>8. Agir avec <strong><span style=\"color: #5e85ff;\">urgence<\/span><\/strong><\/h4>\n<h4>9. <strong><span style=\"color: #5e85ff;\">Prot\u00e9ger<\/span><\/strong> les \u00e9v\u00e9nements des Dialogues sur la Nutrition de toute forme de marketing et de promotion de produits<\/h4>\n<p>[\/vc_column_text][\/vc_column][\/vc_row][vc_row][vc_column][vc_separator][vc_column_text]<\/p>\n<h1>Gestion des int\u00e9r\u00eats concurrents<\/h1>\n<p>Des actions concert\u00e9es et coordonn\u00e9es de la part de tous les groupes de parties prenantes dans la soci\u00e9t\u00e9 sont n\u00e9cessaires pour relever le d\u00e9fi complexe de mettre fin \u00e0 la malnutrition. Cependant, rassembler divers groupes en dialogue sur la nutrition peut \u00eatre un sujet sensible et complexe. Une attention particuli\u00e8re \u00e0 la diversit\u00e9, la cr\u00e9ation d&rsquo;un espace de confiance, et le respect entre les participants sont essentiels \u00e0 la r\u00e9ussite de la m\u00e9thode des Dialogues avec les parties prenantes.<\/p>\n<p>Les int\u00e9r\u00eats concurrents sont \u00e0 pr\u00e9voir et il est donc important de s&rsquo;y pr\u00e9parer. Cela peut inclure la recherche pour comprendre le paysage social, commercial et politique afin d&rsquo;identifier les d\u00e9fis potentiels. Bien que les convenors soient libres de d\u00e9terminer leurs propres listes de participants, viser l&rsquo;inclusivit\u00e9 et la repr\u00e9sentation, tout en veillant \u00e0 ce qu&rsquo;aucun groupe d&rsquo;int\u00e9r\u00eats unique ne domine la conversation, est une partie pr\u00e9cieuse des Dialogues avec les parties prenantes.<\/p>\n<p>Des facilitateurs bien inform\u00e9s et form\u00e9s joueront \u00e9galement un r\u00f4le crucial dans la navigation des conversations difficiles lors des Groupes de Discussion des \u00e9v\u00e9nements de Dialogue. Pour les conseils existants sur l&rsquo;engagement des parties prenantes, les convenors se r\u00e9f\u00e8rent aux <a href=\"https:\/\/scalingupnutrition.org\/about\/what-we-do\" target=\"_blank\" rel=\"noopener\">Principes d&rsquo;Engagement du Mouvement SUN<\/a>, aux <a href=\"https:\/\/sunbusinessnetwork.org\/wp-content\/uploads\/2023\/01\/SBN_Global_Members_Principles_of_Engagement-1.pdf\" target=\"_blank\" rel=\"noopener\">Principes d&rsquo;Engagement du R\u00e9seau des Entreprises SUN<\/a> et aux <a href=\"https:\/\/nutritionforgrowth.org\/wp-content\/uploads\/2021\/09\/N4G-Principles-of-Engagement.pdf\" target=\"_blank\" rel=\"noopener\">Principes d&rsquo;Engagement de Tokyo N4G 2021<\/a>.[\/vc_column_text][\/vc_column][\/vc_row][vc_row][vc_column][\/vc_column][\/vc_row]<\/p>\n<\/div>","protected":false},"excerpt":{"rendered":"<p>[vc_row][vc_column][vc_column_text] Principes d&rsquo;engagement Le programme des Dialogues sur la Nutrition repose sur un ensemble de Principes d&rsquo;Engagement pour tous les parties prenantes. Ils aident \u00e0 garantir un processus significatif et des \u00e9v\u00e9nements de dialogue jouant un r\u00f4le pr\u00e9cieux pour influencer les moyens d&rsquo;am\u00e9liorer la nutrition pour tous.[\/vc_column_text][vc_column_text] 1. Soyez engag\u00e9 \u00e0 am\u00e9liorer la nutrition pour&hellip;<\/p>\n","protected":false},"author":1384,"featured_media":0,"parent":0,"menu_order":0,"comment_status":"closed","ping_status":"closed","template":"","meta":{"_acf_changed":false,"footnotes":""},"class_list":["post-54037","page","type-page","status-publish","hentry","description-off"],"yoast_head":"<!-- This site is optimized with the Yoast SEO plugin v23.7 - https:\/\/yoast.com\/wordpress\/plugins\/seo\/ -->\n<title>Principes d&#039;engagement - Nutrition Dialogues<\/title>\n<meta name=\"robots\" content=\"index, follow, max-snippet:-1, max-image-preview:large, max-video-preview:-1\" \/>\n<link rel=\"canonical\" href=\"https:\/\/nutritiondialogues.org\/fr\/principes-dengagement\/\" \/>\n<meta property=\"og:locale\" content=\"fr_FR\" \/>\n<meta property=\"og:type\" content=\"article\" \/>\n<meta property=\"og:title\" content=\"Principes d&#039;engagement - Nutrition Dialogues\" \/>\n<meta property=\"og:description\" content=\"[vc_row][vc_column][vc_column_text] Principes d&rsquo;engagement Le programme des Dialogues sur la Nutrition repose sur un ensemble de Principes d&rsquo;Engagement pour tous les parties prenantes. Ils aident \u00e0 garantir un processus significatif et des \u00e9v\u00e9nements de dialogue jouant un r\u00f4le pr\u00e9cieux pour influencer les moyens d&rsquo;am\u00e9liorer la nutrition pour tous.[\/vc_column_text][vc_column_text] 1. Soyez engag\u00e9 \u00e0 am\u00e9liorer la nutrition pour&hellip;\" \/>\n<meta property=\"og:url\" content=\"https:\/\/nutritiondialogues.org\/fr\/principes-dengagement\/\" \/>\n<meta property=\"og:site_name\" content=\"Nutrition Dialogues\" \/>\n<meta name=\"twitter:card\" content=\"summary_large_image\" \/>\n<meta name=\"twitter:label1\" content=\"Dur\u00e9e de lecture estim\u00e9e\" \/>\n\t<meta name=\"twitter:data1\" content=\"2 minutes\" \/>\n<script type=\"application\/ld+json\" class=\"yoast-schema-graph\">{\"@context\":\"https:\/\/schema.org\",\"@graph\":[{\"@type\":\"WebPage\",\"@id\":\"https:\/\/nutritiondialogues.org\/fr\/principes-dengagement\/\",\"url\":\"https:\/\/nutritiondialogues.org\/fr\/principes-dengagement\/\",\"name\":\"Principes d'engagement - Nutrition Dialogues\",\"isPartOf\":{\"@id\":\"https:\/\/nutritiondialogues.org\/#website\"},\"datePublished\":\"2024-08-28T08:59:08+00:00\",\"dateModified\":\"2024-08-28T08:59:08+00:00\",\"breadcrumb\":{\"@id\":\"https:\/\/nutritiondialogues.org\/fr\/principes-dengagement\/#breadcrumb\"},\"inLanguage\":\"fr-FR\",\"potentialAction\":[{\"@type\":\"ReadAction\",\"target\":[\"https:\/\/nutritiondialogues.org\/fr\/principes-dengagement\/\"]}]},{\"@type\":\"BreadcrumbList\",\"@id\":\"https:\/\/nutritiondialogues.org\/fr\/principes-dengagement\/#breadcrumb\",\"itemListElement\":[{\"@type\":\"ListItem\",\"position\":1,\"name\":\"Home\",\"item\":\"https:\/\/nutritiondialogues.org\/fr\/\"},{\"@type\":\"ListItem\",\"position\":2,\"name\":\"Principes d&#8217;engagement\"}]},{\"@type\":\"WebSite\",\"@id\":\"https:\/\/nutritiondialogues.org\/#website\",\"url\":\"https:\/\/nutritiondialogues.org\/\",\"name\":\"Nutrition Dialogues\",\"description\":\"Gateway\",\"potentialAction\":[{\"@type\":\"SearchAction\",\"target\":{\"@type\":\"EntryPoint\",\"urlTemplate\":\"https:\/\/nutritiondialogues.org\/?s={search_term_string}\"},\"query-input\":{\"@type\":\"PropertyValueSpecification\",\"valueRequired\":true,\"valueName\":\"search_term_string\"}}],\"inLanguage\":\"fr-FR\"}]}<\/script>\n<!-- \/ Yoast SEO plugin. -->","yoast_head_json":{"title":"Principes d'engagement - Nutrition Dialogues","robots":{"index":"index","follow":"follow","max-snippet":"max-snippet:-1","max-image-preview":"max-image-preview:large","max-video-preview":"max-video-preview:-1"},"canonical":"https:\/\/nutritiondialogues.org\/fr\/principes-dengagement\/","og_locale":"fr_FR","og_type":"article","og_title":"Principes d'engagement - Nutrition Dialogues","og_description":"[vc_row][vc_column][vc_column_text] Principes d&rsquo;engagement Le programme des Dialogues sur la Nutrition repose sur un ensemble de Principes d&rsquo;Engagement pour tous les parties prenantes. Ils aident \u00e0 garantir un processus significatif et des \u00e9v\u00e9nements de dialogue jouant un r\u00f4le pr\u00e9cieux pour influencer les moyens d&rsquo;am\u00e9liorer la nutrition pour tous.[\/vc_column_text][vc_column_text] 1. Soyez engag\u00e9 \u00e0 am\u00e9liorer la nutrition pour&hellip;","og_url":"https:\/\/nutritiondialogues.org\/fr\/principes-dengagement\/","og_site_name":"Nutrition Dialogues","twitter_card":"summary_large_image","twitter_misc":{"Dur\u00e9e de lecture estim\u00e9e":"2 minutes"},"schema":{"@context":"https:\/\/schema.org","@graph":[{"@type":"WebPage","@id":"https:\/\/nutritiondialogues.org\/fr\/principes-dengagement\/","url":"https:\/\/nutritiondialogues.org\/fr\/principes-dengagement\/","name":"Principes d'engagement - Nutrition Dialogues","isPartOf":{"@id":"https:\/\/nutritiondialogues.org\/#website"},"datePublished":"2024-08-28T08:59:08+00:00","dateModified":"2024-08-28T08:59:08+00:00","breadcrumb":{"@id":"https:\/\/nutritiondialogues.org\/fr\/principes-dengagement\/#breadcrumb"},"inLanguage":"fr-FR","potentialAction":[{"@type":"ReadAction","target":["https:\/\/nutritiondialogues.org\/fr\/principes-dengagement\/"]}]},{"@type":"BreadcrumbList","@id":"https:\/\/nutritiondialogues.org\/fr\/principes-dengagement\/#breadcrumb","itemListElement":[{"@type":"ListItem","position":1,"name":"Home","item":"https:\/\/nutritiondialogues.org\/fr\/"},{"@type":"ListItem","position":2,"name":"Principes d&#8217;engagement"}]},{"@type":"WebSite","@id":"https:\/\/nutritiondialogues.org\/#website","url":"https:\/\/nutritiondialogues.org\/","name":"Nutrition Dialogues","description":"Gateway","potentialAction":[{"@type":"SearchAction","target":{"@type":"EntryPoint","urlTemplate":"https:\/\/nutritiondialogues.org\/?s={search_term_string}"},"query-input":{"@type":"PropertyValueSpecification","valueRequired":true,"valueName":"search_term_string"}}],"inLanguage":"fr-FR"}]}},"acf":[],"_links":{"self":[{"href":"https:\/\/nutritiondialogues.org\/fr\/wp-json\/wp\/v2\/pages\/54037"}],"collection":[{"href":"https:\/\/nutritiondialogues.org\/fr\/wp-json\/wp\/v2\/pages"}],"about":[{"href":"https:\/\/nutritiondialogues.org\/fr\/wp-json\/wp\/v2\/types\/page"}],"author":[{"embeddable":true,"href":"https:\/\/nutritiondialogues.org\/fr\/wp-json\/wp\/v2\/users\/1384"}],"replies":[{"embeddable":true,"href":"https:\/\/nutritiondialogues.org\/fr\/wp-json\/wp\/v2\/comments?post=54037"}],"version-history":[{"count":1,"href":"https:\/\/nutritiondialogues.org\/fr\/wp-json\/wp\/v2\/pages\/54037\/revisions"}],"predecessor-version":[{"id":54038,"href":"https:\/\/nutritiondialogues.org\/fr\/wp-json\/wp\/v2\/pages\/54037\/revisions\/54038"}],"wp:attachment":[{"href":"https:\/\/nutritiondialogues.org\/fr\/wp-json\/wp\/v2\/media?parent=54037"}],"curies":[{"name":"wp","href":"https:\/\/api.w.org\/{rel}","templated":true}]}}